{"id":4884,"date":"2021-09-06T11:24:44","date_gmt":"2021-09-06T09:24:44","guid":{"rendered":"https:\/\/formedis.pl\/?page_id=4884"},"modified":"2025-08-28T12:02:40","modified_gmt":"2025-08-28T10:02:40","slug":"dzialalnosc-edukacyjna-csr","status":"publish","type":"page","link":"https:\/\/formedis.pl\/mmc\/oferta\/dzialalnosc-edukacyjna-csr\/","title":{"rendered":"Dzia\u0142alno\u015b\u0107 edukacyjna (CSR)"},"content":{"rendered":"","protected":false},"excerpt":{"rendered":"","protected":false},"author":1,"featured_media":0,"parent":2115,"menu_order":0,"comment_status":"closed","ping_status":"closed","template":"","meta":{"footnotes":""},"class_list":["post-4884","page","type-page","status-publish","hentry"],"yoast_head":"<!-- This site is optimized with the Yoast SEO plugin v27.4 - https:\/\/yoast.com\/product\/yoast-seo-wordpress\/ -->\n<title>Zarz\u0105dzanie szpitalem, szpitalami - strategia rozwoju przekszta\u0142cenie szpitala<\/title>\n<meta name=\"description\" content=\"Zarz\u0105dzanie szpitalem i przemy\u015blana strategia rozwoju oraz przekszta\u0142cenie szpitala, to sprawy, kt\u00f3re lepiej powierzy\u0107 profesjonalistom. Pomo\u017cemy Pa\u0144stwu osi\u0105gn\u0105\u0107 potrzebn\u0105 wiedz\u0119 w tym zakresie. W razie pyta\u0144 lub w\u0105tpliwo\u015bci serdecznie zapraszamy do kontaktu.\" \/>\n<meta name=\"robots\" content=\"index, follow, max-snippet:-1, max-image-preview:large, max-video-preview:-1\" \/>\n<link rel=\"canonical\" href=\"https:\/\/formedis.pl\/mmc\/oferta\/dzialalnosc-edukacyjna-csr\/\" \/>\n<meta property=\"og:locale\" content=\"pl_PL\" \/>\n<meta property=\"og:type\" content=\"article\" \/>\n<meta property=\"og:title\" content=\"Zarz\u0105dzanie szpitalem, szpitalami - strategia rozwoju przekszta\u0142cenie szpitala\" \/>\n<meta property=\"og:description\" content=\"Zarz\u0105dzanie szpitalem i przemy\u015blana strategia rozwoju oraz przekszta\u0142cenie szpitala, to sprawy, kt\u00f3re lepiej powierzy\u0107 profesjonalistom. Pomo\u017cemy Pa\u0144stwu osi\u0105gn\u0105\u0107 potrzebn\u0105 wiedz\u0119 w tym zakresie. W razie pyta\u0144 lub w\u0105tpliwo\u015bci serdecznie zapraszamy do kontaktu.\" \/>\n<meta property=\"og:url\" content=\"https:\/\/formedis.pl\/mmc\/oferta\/dzialalnosc-edukacyjna-csr\/\" \/>\n<meta property=\"og:site_name\" content=\"Formedis Medical Management &amp; Consulting\" \/>\n<meta property=\"article:modified_time\" content=\"2025-08-28T10:02:40+00:00\" \/>\n<meta name=\"twitter:card\" content=\"summary_large_image\" \/>\n<script type=\"application\/ld+json\" class=\"yoast-schema-graph\">{\"@context\":\"https:\\\/\\\/schema.org\",\"@graph\":[{\"@type\":\"WebPage\",\"@id\":\"https:\\\/\\\/formedis.pl\\\/mmc\\\/oferta\\\/dzialalnosc-edukacyjna-csr\\\/\",\"url\":\"https:\\\/\\\/formedis.pl\\\/mmc\\\/oferta\\\/dzialalnosc-edukacyjna-csr\\\/\",\"name\":\"Zarz\u0105dzanie szpitalem, szpitalami - strategia rozwoju przekszta\u0142cenie szpitala\",\"isPartOf\":{\"@id\":\"https:\\\/\\\/formedis.pl\\\/mmc\\\/#website\"},\"datePublished\":\"2021-09-06T09:24:44+00:00\",\"dateModified\":\"2025-08-28T10:02:40+00:00\",\"description\":\"Zarz\u0105dzanie szpitalem i przemy\u015blana strategia rozwoju oraz przekszta\u0142cenie szpitala, to sprawy, kt\u00f3re lepiej powierzy\u0107 profesjonalistom. Pomo\u017cemy Pa\u0144stwu osi\u0105gn\u0105\u0107 potrzebn\u0105 wiedz\u0119 w tym zakresie. W razie pyta\u0144 lub w\u0105tpliwo\u015bci serdecznie zapraszamy do kontaktu.\",\"breadcrumb\":{\"@id\":\"https:\\\/\\\/formedis.pl\\\/mmc\\\/oferta\\\/dzialalnosc-edukacyjna-csr\\\/#breadcrumb\"},\"inLanguage\":\"pl-PL\",\"potentialAction\":[{\"@type\":\"ReadAction\",\"target\":[\"https:\\\/\\\/formedis.pl\\\/mmc\\\/oferta\\\/dzialalnosc-edukacyjna-csr\\\/\"]}]},{\"@type\":\"BreadcrumbList\",\"@id\":\"https:\\\/\\\/formedis.pl\\\/mmc\\\/oferta\\\/dzialalnosc-edukacyjna-csr\\\/#breadcrumb\",\"itemListElement\":[{\"@type\":\"ListItem\",\"position\":1,\"name\":\"Strona g\u0142\u00f3wna\",\"item\":\"https:\\\/\\\/formedis.pl\\\/mmc\\\/\"},{\"@type\":\"ListItem\",\"position\":2,\"name\":\"Oferta\",\"item\":\"https:\\\/\\\/formedis.pl\\\/mmc\\\/oferta\\\/\"},{\"@type\":\"ListItem\",\"position\":3,\"name\":\"Dzia\u0142alno\u015b\u0107 edukacyjna (CSR)\"}]},{\"@type\":\"WebSite\",\"@id\":\"https:\\\/\\\/formedis.pl\\\/mmc\\\/#website\",\"url\":\"https:\\\/\\\/formedis.pl\\\/mmc\\\/\",\"name\":\"Formedis Medical Management &amp; Consulting\",\"description\":\"\",\"potentialAction\":[{\"@type\":\"SearchAction\",\"target\":{\"@type\":\"EntryPoint\",\"urlTemplate\":\"https:\\\/\\\/formedis.pl\\\/mmc\\\/?s={search_term_string}\"},\"query-input\":{\"@type\":\"PropertyValueSpecification\",\"valueRequired\":true,\"valueName\":\"search_term_string\"}}],\"inLanguage\":\"pl-PL\"}]}<\/script>\n<!-- \/ Yoast SEO plugin. -->","yoast_head_json":{"title":"Zarz\u0105dzanie szpitalem, szpitalami - strategia rozwoju przekszta\u0142cenie szpitala","description":"Zarz\u0105dzanie szpitalem i przemy\u015blana strategia rozwoju oraz przekszta\u0142cenie szpitala, to sprawy, kt\u00f3re lepiej powierzy\u0107 profesjonalistom. Pomo\u017cemy Pa\u0144stwu osi\u0105gn\u0105\u0107 potrzebn\u0105 wiedz\u0119 w tym zakresie. W razie pyta\u0144 lub w\u0105tpliwo\u015bci serdecznie zapraszamy do kontaktu.","robots":{"index":"index","follow":"follow","max-snippet":"max-snippet:-1","max-image-preview":"max-image-preview:large","max-video-preview":"max-video-preview:-1"},"canonical":"https:\/\/formedis.pl\/mmc\/oferta\/dzialalnosc-edukacyjna-csr\/","og_locale":"pl_PL","og_type":"article","og_title":"Zarz\u0105dzanie szpitalem, szpitalami - strategia rozwoju przekszta\u0142cenie szpitala","og_description":"Zarz\u0105dzanie szpitalem i przemy\u015blana strategia rozwoju oraz przekszta\u0142cenie szpitala, to sprawy, kt\u00f3re lepiej powierzy\u0107 profesjonalistom. Pomo\u017cemy Pa\u0144stwu osi\u0105gn\u0105\u0107 potrzebn\u0105 wiedz\u0119 w tym zakresie. W razie pyta\u0144 lub w\u0105tpliwo\u015bci serdecznie zapraszamy do kontaktu.","og_url":"https:\/\/formedis.pl\/mmc\/oferta\/dzialalnosc-edukacyjna-csr\/","og_site_name":"Formedis Medical Management &amp; Consulting","article_modified_time":"2025-08-28T10:02:40+00:00","twitter_card":"summary_large_image","schema":{"@context":"https:\/\/schema.org","@graph":[{"@type":"WebPage","@id":"https:\/\/formedis.pl\/mmc\/oferta\/dzialalnosc-edukacyjna-csr\/","url":"https:\/\/formedis.pl\/mmc\/oferta\/dzialalnosc-edukacyjna-csr\/","name":"Zarz\u0105dzanie szpitalem, szpitalami - strategia rozwoju przekszta\u0142cenie szpitala","isPartOf":{"@id":"https:\/\/formedis.pl\/mmc\/#website"},"datePublished":"2021-09-06T09:24:44+00:00","dateModified":"2025-08-28T10:02:40+00:00","description":"Zarz\u0105dzanie szpitalem i przemy\u015blana strategia rozwoju oraz przekszta\u0142cenie szpitala, to sprawy, kt\u00f3re lepiej powierzy\u0107 profesjonalistom. Pomo\u017cemy Pa\u0144stwu osi\u0105gn\u0105\u0107 potrzebn\u0105 wiedz\u0119 w tym zakresie. W razie pyta\u0144 lub w\u0105tpliwo\u015bci serdecznie zapraszamy do kontaktu.","breadcrumb":{"@id":"https:\/\/formedis.pl\/mmc\/oferta\/dzialalnosc-edukacyjna-csr\/#breadcrumb"},"inLanguage":"pl-PL","potentialAction":[{"@type":"ReadAction","target":["https:\/\/formedis.pl\/mmc\/oferta\/dzialalnosc-edukacyjna-csr\/"]}]},{"@type":"BreadcrumbList","@id":"https:\/\/formedis.pl\/mmc\/oferta\/dzialalnosc-edukacyjna-csr\/#breadcrumb","itemListElement":[{"@type":"ListItem","position":1,"name":"Strona g\u0142\u00f3wna","item":"https:\/\/formedis.pl\/mmc\/"},{"@type":"ListItem","position":2,"name":"Oferta","item":"https:\/\/formedis.pl\/mmc\/oferta\/"},{"@type":"ListItem","position":3,"name":"Dzia\u0142alno\u015b\u0107 edukacyjna (CSR)"}]},{"@type":"WebSite","@id":"https:\/\/formedis.pl\/mmc\/#website","url":"https:\/\/formedis.pl\/mmc\/","name":"Formedis Medical Management &amp; Consulting","description":"","potentialAction":[{"@type":"SearchAction","target":{"@type":"EntryPoint","urlTemplate":"https:\/\/formedis.pl\/mmc\/?s={search_term_string}"},"query-input":{"@type":"PropertyValueSpecification","valueRequired":true,"valueName":"search_term_string"}}],"inLanguage":"pl-PL"}]}},"_links":{"self":[{"href":"https:\/\/formedis.pl\/mmc\/wp-json\/wp\/v2\/pages\/4884","targetHints":{"allow":["GET"]}}],"collection":[{"href":"https:\/\/formedis.pl\/mmc\/wp-json\/wp\/v2\/pages"}],"about":[{"href":"https:\/\/formedis.pl\/mmc\/wp-json\/wp\/v2\/types\/page"}],"author":[{"embeddable":true,"href":"https:\/\/formedis.pl\/mmc\/wp-json\/wp\/v2\/users\/1"}],"replies":[{"embeddable":true,"href":"https:\/\/formedis.pl\/mmc\/wp-json\/wp\/v2\/comments?post=4884"}],"version-history":[{"count":2,"href":"https:\/\/formedis.pl\/mmc\/wp-json\/wp\/v2\/pages\/4884\/revisions"}],"predecessor-version":[{"id":4906,"href":"https:\/\/formedis.pl\/mmc\/wp-json\/wp\/v2\/pages\/4884\/revisions\/4906"}],"up":[{"embeddable":true,"href":"https:\/\/formedis.pl\/mmc\/wp-json\/wp\/v2\/pages\/2115"}],"wp:attachment":[{"href":"https:\/\/formedis.pl\/mmc\/wp-json\/wp\/v2\/media?parent=4884"}],"curies":[{"name":"wp","href":"https:\/\/api.w.org\/{rel}","templated":true}]}}