{"id":4842,"date":"2021-08-11T10:26:42","date_gmt":"2021-08-11T08:26:42","guid":{"rendered":"https:\/\/formedis.pl\/?page_id=4842"},"modified":"2026-03-15T09:08:00","modified_gmt":"2026-03-15T08:08:00","slug":"kontroling-1","status":"publish","type":"page","link":"https:\/\/formedis.pl\/mmc\/oferta\/doradztwo-dla-samorzadow\/kontroling-1\/","title":{"rendered":"Kontroling i monitoring dzia\u0142alno\u015bci podmiotu leczniczego"},"content":{"rendered":"<p>Zakres us\u0142ug:<\/p>\n<p>Kontroling i monitoring dzia\u0142alno\u015bci Szpitala za minione miesi\u0105ce kalendarzowe w zakresie:<\/p>\n<ul>\n<li>kluczowych wska\u017anik\u00f3w efektywno\u015bci obszaru finansowo \u2013 ekonomicznego,<\/li>\n<li>kluczowych wska\u017anik\u00f3w efektywno\u015bci obszaru operacyjnego,<\/li>\n<li>kluczowych wska\u017anik\u00f3w efektywno\u015bci obszaru wsp\u00f3\u0142pracy z NFZ,<\/li>\n<li>kluczowych wska\u017anik\u00f3w efektywno\u015bci obszaru kadrowego,<\/li>\n<\/ul>\n<p>w formie co kwartalnej prezentacji multimedialnej realizowanej przez analityka danych FORMEDIS naprzemiennie:<\/p>\n<ul>\n<li>w formie zdalnej za po\u015brednictwem dost\u0119pnych komunikator\u00f3w internetowych (teams, skype, google hangout itp.), posiadaj\u0105cych funkcj\u0119 udost\u0119pnienia prezentowanego ekranu,<\/li>\n<\/ul>\n<p>i<\/p>\n<ul>\n<li>w formie jednodniowej trwaj\u0105cej do 3 godzin zegarowych prezentacji w Pa\u0144stwa siedzibie.<\/li>\n<\/ul>\n<p>Prezentacja uwzgl\u0119dnia wskazanie odchyle\u0144 kluczowych wska\u017anik\u00f3w efektywno\u015bci w poszczeg\u00f3lnych obszarach od warto\u015bci historycznych, planowanych i benchmarkowych (rynkowych) a w rezultacie identyfikacj\u0119 obszar\u00f3w nieefektywnych i przyczyn nieefektywno\u015bci zar\u00f3wno dla dzia\u0142alno\u015bci og\u00f3\u0142em Szpitala jak i ich poszczeg\u00f3lnych kom\u00f3rek organizacyjnych.<\/p>\n<p>W rezultacie monitoring bie\u017c\u0105cej dzia\u0142alno\u015bci Szpitala pozwoli na wczesne wykrycie zagro\u017ce\u0144 oraz podj\u0119cie odpowiednich krok\u00f3w w razie pojawienia si\u0119 niepo\u017c\u0105danych skutk\u00f3w.<\/p>\n<p><strong>Sprawd\u017a tak\u017ce:<\/strong><\/p>\n<ul>\n<li><a href=\"https:\/\/formedis.pl\/mmc\/oferta\/doradztwo-placowkom-publicznym\/program-naprawczy-szpitala\/\">program naprawczy szpitala<\/a>,<\/li>\n<li><a href=\"https:\/\/formedis.pl\/mmc\/oferta\/doradztwo-placowkom-publicznym\/audyty-i-programy-naprawcze\/\">audyt szpitala<\/a>,<\/li>\n<li><a href=\"https:\/\/formedis.pl\/mmc\/oferta\/doradztwo-placowkom-prywatnym\/biznesplan-dzialalnosci-medycznej\/\">biznes plan plac\u00f3wki medycznej<\/a>,<\/li>\n<li><a href=\"https:\/\/formedis.pl\/mmc\/doradztwo-medyczne\/\">doradztwo medyczne<\/a>,<\/li>\n<li><a href=\"https:\/\/formedis.pl\/mmc\/oferta\/doradztwo-dla-samorzadow\/nadzor-nad-podmiotami-leczniczymi\/\">nadz\u00f3r nad dzia\u0142alno\u015bci\u0105 medyczn\u0105<\/a>,<\/li>\n<li><a href=\"https:\/\/formedis.pl\/mmc\/oferta\/doradztwo-inwestycyjne\/\">sprzeda\u017c sp\u00f3\u0142ki medycznej<\/a>,<\/li>\n<li><a href=\"https:\/\/formedis.pl\/mmc\/oferta\/doradztwo-placowkom-publicznym\/\">strategia rozwoju szpitala<\/a>,<\/li>\n<li><a href=\"https:\/\/formedis.pl\/mmc\/oferta\/doradztwo-placowkom-publicznym\/kontroling-2\/\">controlling szpitala<\/a>.<\/li>\n<\/ul>\n","protected":false},"excerpt":{"rendered":"<p>Zakres us\u0142ug: Kontroling i monitoring dzia\u0142alno\u015bci Szpitala za minione miesi\u0105ce kalendarzowe w zakresie: kluczowych wska\u017anik\u00f3w efektywno\u015bci obszaru finansowo \u2013 ekonomicznego, kluczowych wska\u017anik\u00f3w efektywno\u015bci obszaru operacyjnego, kluczowych<span class=\"excerpt-hellip\"> [\u2026]<\/span><\/p>\n","protected":false},"author":1,"featured_media":-1,"parent":3050,"menu_order":0,"comment_status":"closed","ping_status":"closed","template":"","meta":{"footnotes":""},"class_list":["post-4842","page","type-page","status-publish","has-post-thumbnail","hentry"],"yoast_head":"<!-- This site is optimized with the Yoast SEO plugin v27.4 - https:\/\/yoast.com\/product\/yoast-seo-wordpress\/ -->\n<title>Audyt operacyjny w szpitalu, program naprawczy szpitala<\/title>\n<meta name=\"description\" content=\"Kontroling w podmiotach ochrony zdrowia. Wdra\u017camy narz\u0119dzia monitorowania finans\u00f3w, koszt\u00f3w oraz efektywno\u015bci zarz\u0105dzania, wspieraj\u0105c plac\u00f3wki medyczne.\" \/>\n<meta name=\"robots\" content=\"index, follow, max-snippet:-1, max-image-preview:large, max-video-preview:-1\" \/>\n<link rel=\"canonical\" href=\"https:\/\/formedis.pl\/mmc\/oferta\/doradztwo-dla-samorzadow\/kontroling-1\/\" \/>\n<meta property=\"og:locale\" content=\"pl_PL\" \/>\n<meta property=\"og:type\" content=\"article\" \/>\n<meta property=\"og:title\" content=\"Audyt operacyjny w szpitalu, program naprawczy szpitala\" \/>\n<meta property=\"og:description\" content=\"Kontroling w podmiotach ochrony zdrowia. Wdra\u017camy narz\u0119dzia monitorowania finans\u00f3w, koszt\u00f3w oraz efektywno\u015bci zarz\u0105dzania, wspieraj\u0105c plac\u00f3wki medyczne.\" \/>\n<meta property=\"og:url\" content=\"https:\/\/formedis.pl\/mmc\/oferta\/doradztwo-dla-samorzadow\/kontroling-1\/\" \/>\n<meta property=\"og:site_name\" content=\"Formedis Medical Management &amp; Consulting\" \/>\n<meta property=\"article:modified_time\" content=\"2026-03-15T08:08:00+00:00\" \/>\n<meta name=\"twitter:card\" content=\"summary_large_image\" \/>\n<meta name=\"twitter:label1\" content=\"Szacowany czas czytania\" \/>\n\t<meta name=\"twitter:data1\" content=\"1 minuta\" \/>\n<script type=\"application\/ld+json\" class=\"yoast-schema-graph\">{\"@context\":\"https:\\\/\\\/schema.org\",\"@graph\":[{\"@type\":\"WebPage\",\"@id\":\"https:\\\/\\\/formedis.pl\\\/mmc\\\/oferta\\\/doradztwo-dla-samorzadow\\\/kontroling-1\\\/\",\"url\":\"https:\\\/\\\/formedis.pl\\\/mmc\\\/oferta\\\/doradztwo-dla-samorzadow\\\/kontroling-1\\\/\",\"name\":\"Audyt operacyjny w szpitalu, program naprawczy szpitala\",\"isPartOf\":{\"@id\":\"https:\\\/\\\/formedis.pl\\\/mmc\\\/#website\"},\"datePublished\":\"2021-08-11T08:26:42+00:00\",\"dateModified\":\"2026-03-15T08:08:00+00:00\",\"description\":\"Kontroling w podmiotach ochrony zdrowia. Wdra\u017camy narz\u0119dzia monitorowania finans\u00f3w, koszt\u00f3w oraz efektywno\u015bci zarz\u0105dzania, wspieraj\u0105c plac\u00f3wki medyczne.\",\"breadcrumb\":{\"@id\":\"https:\\\/\\\/formedis.pl\\\/mmc\\\/oferta\\\/doradztwo-dla-samorzadow\\\/kontroling-1\\\/#breadcrumb\"},\"inLanguage\":\"pl-PL\",\"potentialAction\":[{\"@type\":\"ReadAction\",\"target\":[\"https:\\\/\\\/formedis.pl\\\/mmc\\\/oferta\\\/doradztwo-dla-samorzadow\\\/kontroling-1\\\/\"]}]},{\"@type\":\"BreadcrumbList\",\"@id\":\"https:\\\/\\\/formedis.pl\\\/mmc\\\/oferta\\\/doradztwo-dla-samorzadow\\\/kontroling-1\\\/#breadcrumb\",\"itemListElement\":[{\"@type\":\"ListItem\",\"position\":1,\"name\":\"Strona g\u0142\u00f3wna\",\"item\":\"https:\\\/\\\/formedis.pl\\\/mmc\\\/\"},{\"@type\":\"ListItem\",\"position\":2,\"name\":\"Oferta\",\"item\":\"https:\\\/\\\/formedis.pl\\\/mmc\\\/oferta\\\/\"},{\"@type\":\"ListItem\",\"position\":3,\"name\":\"Doradztwo dla samorz\u0105d\u00f3w\",\"item\":\"https:\\\/\\\/formedis.pl\\\/mmc\\\/oferta\\\/doradztwo-dla-samorzadow\\\/\"},{\"@type\":\"ListItem\",\"position\":4,\"name\":\"Kontroling i monitoring dzia\u0142alno\u015bci podmiotu leczniczego\"}]},{\"@type\":\"WebSite\",\"@id\":\"https:\\\/\\\/formedis.pl\\\/mmc\\\/#website\",\"url\":\"https:\\\/\\\/formedis.pl\\\/mmc\\\/\",\"name\":\"Formedis Medical Management &amp; Consulting\",\"description\":\"\",\"potentialAction\":[{\"@type\":\"SearchAction\",\"target\":{\"@type\":\"EntryPoint\",\"urlTemplate\":\"https:\\\/\\\/formedis.pl\\\/mmc\\\/?s={search_term_string}\"},\"query-input\":{\"@type\":\"PropertyValueSpecification\",\"valueRequired\":true,\"valueName\":\"search_term_string\"}}],\"inLanguage\":\"pl-PL\"}]}<\/script>\n<!-- \/ Yoast SEO plugin. -->","yoast_head_json":{"title":"Audyt operacyjny w szpitalu, program naprawczy szpitala","description":"Kontroling w podmiotach ochrony zdrowia. Wdra\u017camy narz\u0119dzia monitorowania finans\u00f3w, koszt\u00f3w oraz efektywno\u015bci zarz\u0105dzania, wspieraj\u0105c plac\u00f3wki medyczne.","robots":{"index":"index","follow":"follow","max-snippet":"max-snippet:-1","max-image-preview":"max-image-preview:large","max-video-preview":"max-video-preview:-1"},"canonical":"https:\/\/formedis.pl\/mmc\/oferta\/doradztwo-dla-samorzadow\/kontroling-1\/","og_locale":"pl_PL","og_type":"article","og_title":"Audyt operacyjny w szpitalu, program naprawczy szpitala","og_description":"Kontroling w podmiotach ochrony zdrowia. Wdra\u017camy narz\u0119dzia monitorowania finans\u00f3w, koszt\u00f3w oraz efektywno\u015bci zarz\u0105dzania, wspieraj\u0105c plac\u00f3wki medyczne.","og_url":"https:\/\/formedis.pl\/mmc\/oferta\/doradztwo-dla-samorzadow\/kontroling-1\/","og_site_name":"Formedis Medical Management &amp; Consulting","article_modified_time":"2026-03-15T08:08:00+00:00","twitter_card":"summary_large_image","twitter_misc":{"Szacowany czas czytania":"1 minuta"},"schema":{"@context":"https:\/\/schema.org","@graph":[{"@type":"WebPage","@id":"https:\/\/formedis.pl\/mmc\/oferta\/doradztwo-dla-samorzadow\/kontroling-1\/","url":"https:\/\/formedis.pl\/mmc\/oferta\/doradztwo-dla-samorzadow\/kontroling-1\/","name":"Audyt operacyjny w szpitalu, program naprawczy szpitala","isPartOf":{"@id":"https:\/\/formedis.pl\/mmc\/#website"},"datePublished":"2021-08-11T08:26:42+00:00","dateModified":"2026-03-15T08:08:00+00:00","description":"Kontroling w podmiotach ochrony zdrowia. Wdra\u017camy narz\u0119dzia monitorowania finans\u00f3w, koszt\u00f3w oraz efektywno\u015bci zarz\u0105dzania, wspieraj\u0105c plac\u00f3wki medyczne.","breadcrumb":{"@id":"https:\/\/formedis.pl\/mmc\/oferta\/doradztwo-dla-samorzadow\/kontroling-1\/#breadcrumb"},"inLanguage":"pl-PL","potentialAction":[{"@type":"ReadAction","target":["https:\/\/formedis.pl\/mmc\/oferta\/doradztwo-dla-samorzadow\/kontroling-1\/"]}]},{"@type":"BreadcrumbList","@id":"https:\/\/formedis.pl\/mmc\/oferta\/doradztwo-dla-samorzadow\/kontroling-1\/#breadcrumb","itemListElement":[{"@type":"ListItem","position":1,"name":"Strona g\u0142\u00f3wna","item":"https:\/\/formedis.pl\/mmc\/"},{"@type":"ListItem","position":2,"name":"Oferta","item":"https:\/\/formedis.pl\/mmc\/oferta\/"},{"@type":"ListItem","position":3,"name":"Doradztwo dla samorz\u0105d\u00f3w","item":"https:\/\/formedis.pl\/mmc\/oferta\/doradztwo-dla-samorzadow\/"},{"@type":"ListItem","position":4,"name":"Kontroling i monitoring dzia\u0142alno\u015bci podmiotu leczniczego"}]},{"@type":"WebSite","@id":"https:\/\/formedis.pl\/mmc\/#website","url":"https:\/\/formedis.pl\/mmc\/","name":"Formedis Medical Management &amp; Consulting","description":"","potentialAction":[{"@type":"SearchAction","target":{"@type":"EntryPoint","urlTemplate":"https:\/\/formedis.pl\/mmc\/?s={search_term_string}"},"query-input":{"@type":"PropertyValueSpecification","valueRequired":true,"valueName":"search_term_string"}}],"inLanguage":"pl-PL"}]}},"_links":{"self":[{"href":"https:\/\/formedis.pl\/mmc\/wp-json\/wp\/v2\/pages\/4842","targetHints":{"allow":["GET"]}}],"collection":[{"href":"https:\/\/formedis.pl\/mmc\/wp-json\/wp\/v2\/pages"}],"about":[{"href":"https:\/\/formedis.pl\/mmc\/wp-json\/wp\/v2\/types\/page"}],"author":[{"embeddable":true,"href":"https:\/\/formedis.pl\/mmc\/wp-json\/wp\/v2\/users\/1"}],"replies":[{"embeddable":true,"href":"https:\/\/formedis.pl\/mmc\/wp-json\/wp\/v2\/comments?post=4842"}],"version-history":[{"count":8,"href":"https:\/\/formedis.pl\/mmc\/wp-json\/wp\/v2\/pages\/4842\/revisions"}],"predecessor-version":[{"id":6966,"href":"https:\/\/formedis.pl\/mmc\/wp-json\/wp\/v2\/pages\/4842\/revisions\/6966"}],"up":[{"embeddable":true,"href":"https:\/\/formedis.pl\/mmc\/wp-json\/wp\/v2\/pages\/3050"}],"wp:featuredmedia":[{"embeddable":true,"href":"https:\/\/formedis.pl\/mmc\/wp-json\/"}],"wp:attachment":[{"href":"https:\/\/formedis.pl\/mmc\/wp-json\/wp\/v2\/media?parent=4842"}],"curies":[{"name":"wp","href":"https:\/\/api.w.org\/{rel}","templated":true}]}}