{"id":4802,"date":"2021-07-29T11:16:10","date_gmt":"2021-07-29T09:16:10","guid":{"rendered":"https:\/\/formedis.pl\/?page_id=4802"},"modified":"2025-12-12T11:46:42","modified_gmt":"2025-12-12T10:46:42","slug":"kontroling-i-monitoring-dzialalnosci-leczniczej-podmiotu-medycznego","status":"publish","type":"page","link":"https:\/\/formedis.pl\/mmc\/oferta\/kontroling-i-monitoring-dzialalnosci-leczniczej-podmiotu-medycznego\/","title":{"rendered":"Kontroling i monitoring dzia\u0142alno\u015bci leczniczej podmiotu medycznego"},"content":{"rendered":"<p>Zakres us\u0142ug:<\/p>\r\n<ol>\r\n<li style=\"list-style-type: none;\">\r\n<ol type=\"1\">\r\n<li>Kontroling dzia\u0142alno\u015bci leczniczej Szpitala za minione miesi\u0105ce kalendarzowe w zakresie:\r\n<ul>\r\n<li>kluczowych wska\u017anik\u00f3w efektywno\u015bci obszaru finansowo \u2013 ekonomicznego,<\/li>\r\n<li>kluczowych wska\u017anik\u00f3w efektywno\u015bci obszaru operacyjnego,<\/li>\r\n<li>kluczowych wska\u017anik\u00f3w efektywno\u015bci obszaru wsp\u00f3\u0142pracy z NFZ,<\/li>\r\n<li>kluczowych wska\u017anik\u00f3w efektywno\u015bci obszaru kadrowego,<\/li>\r\n<\/ul>\r\n<\/li>\r\n<\/ol>\r\n<\/li>\r\n<\/ol>\r\n<p>w formie co kwartalnej prezentacji multimedialnej kluczowych wska\u017anik\u00f3w efektywno\u015bci realizowana przez analityka danych FORMEDIS naprzemiennie:<\/p>\r\n<ol type=\"1\">\r\n<li style=\"list-style-type: none;\">\r\n<ol type=\"1\">\r\n<li style=\"list-style-type: none;\">\r\n<ul>\r\n<li>w formie zdalnej za po\u015brednictwem dost\u0119pnych komunikator\u00f3w internetowych (teams, skype, google hangout itp.), posiadaj\u0105cych funkcj\u0119 udost\u0119pnienia prezentowanego ekranu,<\/li>\r\n<\/ul>\r\n<\/li>\r\n<\/ol>\r\n<\/li>\r\n<\/ol>\r\n<p>i<\/p>\r\n<ol type=\"1\">\r\n<li style=\"list-style-type: none;\">\r\n<ul>\r\n<li>w formie jednodniowej trwaj\u0105cej do 3 godzin zegarowych prezentacji w Pa\u0144stwa siedzibie<\/li>\r\n<\/ul>\r\n<\/li>\r\n<li><a href=\"https:\/\/formedis.pl\/oferta\/doradztwo-placowkom-publicznym\/restrukturyzacja-dzialalnosci-operacyjnej\/\">Doradztwo restrukturyzacyjne<\/a> w zakresie dzia\u0142alno\u015bci leczniczej Pa\u0144stwa podmiotu leczniczego skoncentrowane na bie\u017c\u0105cych rekomendacjach naprawczych i optymalizuj\u0105cych w celu poprawy wyniku finansowego podmiotu realizowana przez kluczowego doradc\u0119 FORMEDIS w osobie eksperta ds. restrukturyzacji podmiot\u00f3w leczniczych\/ds. ekonomii zdrowia.<\/li>\r\n<\/ol>\r\n\r\n<p>&nbsp;<\/p>\r\n\r\n<p><strong>Sprawd\u017a tak\u017ce:<\/strong><\/p>\r\n<ul>\r\n<li><a href=\"https:\/\/formedis.pl\/mmc\/oferta\/doradztwo-placowkom-publicznym\/program-naprawczy-szpitala\/\">program naprawczy szpitala<\/a>,<\/li>\r\n<li><a href=\"https:\/\/formedis.pl\/mmc\/oferta\/doradztwo-placowkom-publicznym\/audyty-i-programy-naprawcze\/\">audyt szpitala<\/a>,<\/li>\r\n<li><a href=\"https:\/\/formedis.pl\/mmc\/oferta\/doradztwo-placowkom-prywatnym\/biznesplan-dzialalnosci-medycznej\/\">biznes plan plac\u00f3wki medycznej<\/a>,<\/li>\r\n<li><a href=\"https:\/\/formedis.pl\/mmc\/doradztwo-medyczne\/\">doradztwo medyczne<\/a>,<\/li>\r\n<li><a href=\"https:\/\/formedis.pl\/mmc\/oferta\/doradztwo-dla-samorzadow\/nadzor-nad-podmiotami-leczniczymi\/\">nadz\u00f3r nad dzia\u0142alno\u015bci\u0105 medyczn\u0105<\/a>,<\/li>\r\n<li><a href=\"https:\/\/formedis.pl\/mmc\/oferta\/doradztwo-inwestycyjne\/\">sprzeda\u017c sp\u00f3\u0142ki medycznej<\/a>,<\/li>\r\n<li><a href=\"https:\/\/formedis.pl\/mmc\/oferta\/doradztwo-placowkom-publicznym\/\">strategia rozwoju szpitala<\/a>,<\/li>\r\n<li><a href=\"https:\/\/formedis.pl\/mmc\/oferta\/doradztwo-placowkom-publicznym\/kontroling-2\/\">controlling szpitala<\/a>.<\/li>\r\n<\/ul>","protected":false},"excerpt":{"rendered":"<p>Zakres us\u0142ug: Kontroling dzia\u0142alno\u015bci leczniczej Szpitala za minione miesi\u0105ce kalendarzowe w zakresie: kluczowych wska\u017anik\u00f3w efektywno\u015bci obszaru finansowo \u2013 ekonomicznego, kluczowych wska\u017anik\u00f3w efektywno\u015bci obszaru operacyjnego, kluczowych wska\u017anik\u00f3w<span class=\"excerpt-hellip\"> [\u2026]<\/span><\/p>\n","protected":false},"author":1,"featured_media":-1,"parent":2115,"menu_order":0,"comment_status":"closed","ping_status":"closed","template":"","meta":{"footnotes":""},"class_list":["post-4802","page","type-page","status-publish","has-post-thumbnail","hentry"],"yoast_head":"<!-- This site is optimized with the Yoast SEO plugin v27.4 - https:\/\/yoast.com\/product\/yoast-seo-wordpress\/ -->\n<title>Kontroling i monitoring dzia\u0142alno\u015bci leczniczej podmiotu medycznego - Formedis Medical Management &amp; Consulting<\/title>\n<meta name=\"robots\" content=\"index, follow, max-snippet:-1, max-image-preview:large, max-video-preview:-1\" \/>\n<link rel=\"canonical\" href=\"https:\/\/formedis.pl\/mmc\/oferta\/kontroling-i-monitoring-dzialalnosci-leczniczej-podmiotu-medycznego\/\" \/>\n<meta property=\"og:locale\" content=\"pl_PL\" \/>\n<meta property=\"og:type\" content=\"article\" \/>\n<meta property=\"og:title\" content=\"Kontroling i monitoring dzia\u0142alno\u015bci leczniczej podmiotu medycznego - Formedis Medical Management &amp; Consulting\" \/>\n<meta property=\"og:description\" content=\"Zakres us\u0142ug: Kontroling dzia\u0142alno\u015bci leczniczej Szpitala za minione miesi\u0105ce kalendarzowe w zakresie: kluczowych wska\u017anik\u00f3w efektywno\u015bci obszaru finansowo \u2013 ekonomicznego, kluczowych wska\u017anik\u00f3w efektywno\u015bci obszaru operacyjnego, kluczowych wska\u017anik\u00f3w [\u2026]\" \/>\n<meta property=\"og:url\" content=\"https:\/\/formedis.pl\/mmc\/oferta\/kontroling-i-monitoring-dzialalnosci-leczniczej-podmiotu-medycznego\/\" \/>\n<meta property=\"og:site_name\" content=\"Formedis Medical Management &amp; Consulting\" \/>\n<meta property=\"article:modified_time\" content=\"2025-12-12T10:46:42+00:00\" \/>\n<meta name=\"twitter:card\" content=\"summary_large_image\" \/>\n<meta name=\"twitter:label1\" content=\"Szacowany czas czytania\" \/>\n\t<meta name=\"twitter:data1\" content=\"1 minuta\" \/>\n<script type=\"application\/ld+json\" class=\"yoast-schema-graph\">{\"@context\":\"https:\\\/\\\/schema.org\",\"@graph\":[{\"@type\":\"WebPage\",\"@id\":\"https:\\\/\\\/formedis.pl\\\/mmc\\\/oferta\\\/kontroling-i-monitoring-dzialalnosci-leczniczej-podmiotu-medycznego\\\/\",\"url\":\"https:\\\/\\\/formedis.pl\\\/mmc\\\/oferta\\\/kontroling-i-monitoring-dzialalnosci-leczniczej-podmiotu-medycznego\\\/\",\"name\":\"Kontroling i monitoring dzia\u0142alno\u015bci leczniczej podmiotu medycznego - Formedis Medical Management &amp; Consulting\",\"isPartOf\":{\"@id\":\"https:\\\/\\\/formedis.pl\\\/mmc\\\/#website\"},\"datePublished\":\"2021-07-29T09:16:10+00:00\",\"dateModified\":\"2025-12-12T10:46:42+00:00\",\"breadcrumb\":{\"@id\":\"https:\\\/\\\/formedis.pl\\\/mmc\\\/oferta\\\/kontroling-i-monitoring-dzialalnosci-leczniczej-podmiotu-medycznego\\\/#breadcrumb\"},\"inLanguage\":\"pl-PL\",\"potentialAction\":[{\"@type\":\"ReadAction\",\"target\":[\"https:\\\/\\\/formedis.pl\\\/mmc\\\/oferta\\\/kontroling-i-monitoring-dzialalnosci-leczniczej-podmiotu-medycznego\\\/\"]}]},{\"@type\":\"BreadcrumbList\",\"@id\":\"https:\\\/\\\/formedis.pl\\\/mmc\\\/oferta\\\/kontroling-i-monitoring-dzialalnosci-leczniczej-podmiotu-medycznego\\\/#breadcrumb\",\"itemListElement\":[{\"@type\":\"ListItem\",\"position\":1,\"name\":\"Strona g\u0142\u00f3wna\",\"item\":\"https:\\\/\\\/formedis.pl\\\/mmc\\\/\"},{\"@type\":\"ListItem\",\"position\":2,\"name\":\"Oferta\",\"item\":\"https:\\\/\\\/formedis.pl\\\/mmc\\\/oferta\\\/\"},{\"@type\":\"ListItem\",\"position\":3,\"name\":\"Kontroling i monitoring dzia\u0142alno\u015bci leczniczej podmiotu medycznego\"}]},{\"@type\":\"WebSite\",\"@id\":\"https:\\\/\\\/formedis.pl\\\/mmc\\\/#website\",\"url\":\"https:\\\/\\\/formedis.pl\\\/mmc\\\/\",\"name\":\"Formedis Medical Management &amp; Consulting\",\"description\":\"\",\"potentialAction\":[{\"@type\":\"SearchAction\",\"target\":{\"@type\":\"EntryPoint\",\"urlTemplate\":\"https:\\\/\\\/formedis.pl\\\/mmc\\\/?s={search_term_string}\"},\"query-input\":{\"@type\":\"PropertyValueSpecification\",\"valueRequired\":true,\"valueName\":\"search_term_string\"}}],\"inLanguage\":\"pl-PL\"}]}<\/script>\n<!-- \/ Yoast SEO plugin. -->","yoast_head_json":{"title":"Kontroling i monitoring dzia\u0142alno\u015bci leczniczej podmiotu medycznego - Formedis Medical Management &amp; Consulting","robots":{"index":"index","follow":"follow","max-snippet":"max-snippet:-1","max-image-preview":"max-image-preview:large","max-video-preview":"max-video-preview:-1"},"canonical":"https:\/\/formedis.pl\/mmc\/oferta\/kontroling-i-monitoring-dzialalnosci-leczniczej-podmiotu-medycznego\/","og_locale":"pl_PL","og_type":"article","og_title":"Kontroling i monitoring dzia\u0142alno\u015bci leczniczej podmiotu medycznego - Formedis Medical Management &amp; Consulting","og_description":"Zakres us\u0142ug: Kontroling dzia\u0142alno\u015bci leczniczej Szpitala za minione miesi\u0105ce kalendarzowe w zakresie: kluczowych wska\u017anik\u00f3w efektywno\u015bci obszaru finansowo \u2013 ekonomicznego, kluczowych wska\u017anik\u00f3w efektywno\u015bci obszaru operacyjnego, kluczowych wska\u017anik\u00f3w [\u2026]","og_url":"https:\/\/formedis.pl\/mmc\/oferta\/kontroling-i-monitoring-dzialalnosci-leczniczej-podmiotu-medycznego\/","og_site_name":"Formedis Medical Management &amp; Consulting","article_modified_time":"2025-12-12T10:46:42+00:00","twitter_card":"summary_large_image","twitter_misc":{"Szacowany czas czytania":"1 minuta"},"schema":{"@context":"https:\/\/schema.org","@graph":[{"@type":"WebPage","@id":"https:\/\/formedis.pl\/mmc\/oferta\/kontroling-i-monitoring-dzialalnosci-leczniczej-podmiotu-medycznego\/","url":"https:\/\/formedis.pl\/mmc\/oferta\/kontroling-i-monitoring-dzialalnosci-leczniczej-podmiotu-medycznego\/","name":"Kontroling i monitoring dzia\u0142alno\u015bci leczniczej podmiotu medycznego - Formedis Medical Management &amp; Consulting","isPartOf":{"@id":"https:\/\/formedis.pl\/mmc\/#website"},"datePublished":"2021-07-29T09:16:10+00:00","dateModified":"2025-12-12T10:46:42+00:00","breadcrumb":{"@id":"https:\/\/formedis.pl\/mmc\/oferta\/kontroling-i-monitoring-dzialalnosci-leczniczej-podmiotu-medycznego\/#breadcrumb"},"inLanguage":"pl-PL","potentialAction":[{"@type":"ReadAction","target":["https:\/\/formedis.pl\/mmc\/oferta\/kontroling-i-monitoring-dzialalnosci-leczniczej-podmiotu-medycznego\/"]}]},{"@type":"BreadcrumbList","@id":"https:\/\/formedis.pl\/mmc\/oferta\/kontroling-i-monitoring-dzialalnosci-leczniczej-podmiotu-medycznego\/#breadcrumb","itemListElement":[{"@type":"ListItem","position":1,"name":"Strona g\u0142\u00f3wna","item":"https:\/\/formedis.pl\/mmc\/"},{"@type":"ListItem","position":2,"name":"Oferta","item":"https:\/\/formedis.pl\/mmc\/oferta\/"},{"@type":"ListItem","position":3,"name":"Kontroling i monitoring dzia\u0142alno\u015bci leczniczej podmiotu medycznego"}]},{"@type":"WebSite","@id":"https:\/\/formedis.pl\/mmc\/#website","url":"https:\/\/formedis.pl\/mmc\/","name":"Formedis Medical Management &amp; Consulting","description":"","potentialAction":[{"@type":"SearchAction","target":{"@type":"EntryPoint","urlTemplate":"https:\/\/formedis.pl\/mmc\/?s={search_term_string}"},"query-input":{"@type":"PropertyValueSpecification","valueRequired":true,"valueName":"search_term_string"}}],"inLanguage":"pl-PL"}]}},"_links":{"self":[{"href":"https:\/\/formedis.pl\/mmc\/wp-json\/wp\/v2\/pages\/4802","targetHints":{"allow":["GET"]}}],"collection":[{"href":"https:\/\/formedis.pl\/mmc\/wp-json\/wp\/v2\/pages"}],"about":[{"href":"https:\/\/formedis.pl\/mmc\/wp-json\/wp\/v2\/types\/page"}],"author":[{"embeddable":true,"href":"https:\/\/formedis.pl\/mmc\/wp-json\/wp\/v2\/users\/1"}],"replies":[{"embeddable":true,"href":"https:\/\/formedis.pl\/mmc\/wp-json\/wp\/v2\/comments?post=4802"}],"version-history":[{"count":15,"href":"https:\/\/formedis.pl\/mmc\/wp-json\/wp\/v2\/pages\/4802\/revisions"}],"predecessor-version":[{"id":6993,"href":"https:\/\/formedis.pl\/mmc\/wp-json\/wp\/v2\/pages\/4802\/revisions\/6993"}],"up":[{"embeddable":true,"href":"https:\/\/formedis.pl\/mmc\/wp-json\/wp\/v2\/pages\/2115"}],"wp:featuredmedia":[{"embeddable":true,"href":"https:\/\/formedis.pl\/mmc\/wp-json\/"}],"wp:attachment":[{"href":"https:\/\/formedis.pl\/mmc\/wp-json\/wp\/v2\/media?parent=4802"}],"curies":[{"name":"wp","href":"https:\/\/api.w.org\/{rel}","templated":true}]}}