{"id":4476,"date":"2020-09-28T09:53:07","date_gmt":"2020-09-28T07:53:07","guid":{"rendered":"https:\/\/formedis.pl\/?page_id=4476"},"modified":"2025-11-18T21:32:20","modified_gmt":"2025-11-18T20:32:20","slug":"datmedis-2","status":"publish","type":"page","link":"https:\/\/formedis.pl\/mmc\/oferta\/datmedis-2\/","title":{"rendered":"DATMEDIS"},"content":{"rendered":"<p style=\"text-align: justify;\">FORMEDIS jest tw\u00f3rc\u0105 innowacyjnej aplikacji webowej zapewniaj\u0105cej sta\u0142y monitoring efektywno\u015bci dzia\u0142alno\u015bci podmiot\u00f3w leczniczych w obszarze:<\/p>\r\n<ul>\r\n<li>finansowym,<\/li>\r\n<li>operacyjnym,<\/li>\r\n<li>kadrowym,<\/li>\r\n<li>wsp\u00f3\u0142pracy z NFZ,<\/li>\r\n<\/ul>\r\n<p style=\"text-align: justify;\">celem identyfikacji odchyle\u0144 i wskazania ich g\u0142\u00f3wnych przyczyn.<\/p>\r\n<p style=\"text-align: justify;\">Aplikacja skierowana jest do:<\/p>\r\n<ul>\r\n<li>kadry zarz\u0105dzaj\u0105cej szpitali<\/li>\r\n<li>zarz\u0105d\u00f3w podmiot\u00f3w medycznych<\/li>\r\n<li>jednostek samorz\u0105du terytorialnego sprawuj\u0105cych nadz\u00f3r nad podleg\u0142ymi podmiotami leczniczymi<\/li>\r\n<\/ul>\r\n<h5>U\u017cytkownicy DATMEDIS zyskuj\u0105:<\/h5>\r\n<ol>\r\n<li><u>Sta\u0142y dost\u0119p<\/u> do platformy webowej oraz aplikacji mobilnej,<\/li>\r\n<li><u>Comiesi\u0119czny podgl\u0105d<\/u> danych podmiotu leczniczego za miniony okresy dzia\u0142alno\u015bci w odniesieniu do danych historycznych, bud\u017cetowych i benchmarkowych w ramach sta\u0142ego dost\u0119pu,<\/li>\r\n<li><u>Cykliczny przegl\u0105d <\/u>kluczowych wska\u017anik\u00f3w efektywno\u015bci w formie prezentacji multimedialnej realizowany przez analityka danych FORMEDIS wraz z pisemnym raportem,<\/li>\r\n<li><u>Cykliczne konsultacj\u0119 eksperckie<\/u> realizowane przez kluczowego doradc\u0119 FORMEDIS w osobie eksperta ds. restrukturyzacji podmiot\u00f3w leczniczych\/ds. ekonomii zdrowia.<\/li>\r\n<\/ol>\r\n\r\n<div class=\"wp-block-image\">\r\n<figure class=\"aligncenter size-large\"><a href=\"https:\/\/formedis.pl\/wp-content\/uploads\/2020\/09\/datmedis_ogolem.png\"><img loading=\"lazy\" decoding=\"async\" width=\"1024\" height=\"508\" class=\"wp-image-4491\" src=\"https:\/\/formedis.pl\/wp-content\/uploads\/2020\/09\/datmedis_ogolem-1024x508.png\" alt=\"\" srcset=\"https:\/\/formedis.pl\/mmc\/wp-content\/uploads\/sites\/1\/2020\/09\/datmedis_ogolem-1024x508.png 1024w, https:\/\/formedis.pl\/mmc\/wp-content\/uploads\/sites\/1\/2020\/09\/datmedis_ogolem-300x149.png 300w, https:\/\/formedis.pl\/mmc\/wp-content\/uploads\/sites\/1\/2020\/09\/datmedis_ogolem-768x381.png 768w, https:\/\/formedis.pl\/mmc\/wp-content\/uploads\/sites\/1\/2020\/09\/datmedis_ogolem-1536x763.png 1536w, https:\/\/formedis.pl\/mmc\/wp-content\/uploads\/sites\/1\/2020\/09\/datmedis_ogolem-260x129.png 260w, https:\/\/formedis.pl\/mmc\/wp-content\/uploads\/sites\/1\/2020\/09\/datmedis_ogolem-50x25.png 50w, https:\/\/formedis.pl\/mmc\/wp-content\/uploads\/sites\/1\/2020\/09\/datmedis_ogolem-150x75.png 150w, https:\/\/formedis.pl\/mmc\/wp-content\/uploads\/sites\/1\/2020\/09\/datmedis_ogolem.png 1895w\" sizes=\"auto, (max-width:767px) 480px, (max-width:1024px) 100vw, 1024px\" \/><\/a><\/figure>\r\n<\/div>\r\n\r\n\r\n\r\n<h5 class=\"wp-block-heading\">Podstawowe funkcje DATMEDIS<\/h5>\r\n\r\n\r\n\r\n<ul class=\"wp-block-list\">\r\n<li>benchmarking,<\/li>\r\n<li>monitorowanie g\u0142\u00f3wnych obszar\u00f3w dzia\u0142alno\u015bci leczniczej,<\/li>\r\n<li>wsparcie procesu decyzyjnego,<\/li>\r\n<li>poprawa efektywno\u015bci zbierania, przetwarzania i interpretowania danych,<\/li>\r\n<li>por\u00f3wnywanie aktualnych wynik\u00f3w do za\u0142o\u017conych plan\u00f3w, bud\u017cet\u00f3w, okres\u00f3w historycznych, danych rynkowych,<\/li>\r\n<li>unikalny algorytm okre\u015blaj\u0105cy warto\u015bci optymalne dla plac\u00f3wki medycznej,<\/li>\r\n<li>natychmiastowa identyfikacja miejsc i przyczyn wyst\u0119powania nieefektywno\u015bci,<\/li>\r\n<li>poprawa procesu komunikacji na wszystkich szczeblach podmiotu leczniczego, dzi\u0119ki kompatybilnej aplikacji mobilnej.<\/li>\r\n<\/ul>\r\n\r\n\r\n\r\n<div class=\"wp-block-image\">\r\n<figure class=\"aligncenter size-large is-resized\"><a href=\"https:\/\/formedis.pl\/wp-content\/uploads\/2020\/09\/benchmarking.png\"><img loading=\"lazy\" decoding=\"async\" class=\"wp-image-4497\" src=\"https:\/\/formedis.pl\/wp-content\/uploads\/2020\/10\/benchmarking-edited-1024x503.png\" alt=\"\" width=\"512\" height=\"252\" srcset=\"https:\/\/formedis.pl\/mmc\/wp-content\/uploads\/sites\/1\/2020\/10\/benchmarking-edited-1024x503.png 1024w, https:\/\/formedis.pl\/mmc\/wp-content\/uploads\/sites\/1\/2020\/10\/benchmarking-edited-300x147.png 300w, https:\/\/formedis.pl\/mmc\/wp-content\/uploads\/sites\/1\/2020\/10\/benchmarking-edited-768x377.png 768w, https:\/\/formedis.pl\/mmc\/wp-content\/uploads\/sites\/1\/2020\/10\/benchmarking-edited-260x128.png 260w, https:\/\/formedis.pl\/mmc\/wp-content\/uploads\/sites\/1\/2020\/10\/benchmarking-edited-50x25.png 50w, https:\/\/formedis.pl\/mmc\/wp-content\/uploads\/sites\/1\/2020\/10\/benchmarking-edited-150x75.png 150w, https:\/\/formedis.pl\/mmc\/wp-content\/uploads\/sites\/1\/2020\/10\/benchmarking-edited.png 1232w\" sizes=\"auto, (max-width:767px) 480px, 512px\" \/><\/a><\/figure>\r\n<\/div>\r\n\r\n\r\n\r\n<h5 class=\"wp-block-heading\">Dodatkowe funkcje DATMEDIS (dost\u0119pne w aplikacji mobilnej):<\/h5>\r\n\r\n\r\n\r\n<ul class=\"wp-block-list\">\r\n<li>komunikacyjna \u2013 komunikator dla pracownik\u00f3w,<\/li>\r\n<li>statystyczna &#8211; dane liczbowe danego oddzia\u0142u, alerty o przekroczonych benchmarkach (warto\u015bciach rynkowych) i warto\u015bciach optymalnych,<\/li>\r\n<li>informacyjna &#8211; zg\u0142aszanie zapotrzebowania na materia\u0142y, zarz\u0105dzenia dyrekcji, inicjatywy kierownicze i zarz\u0105dcze,<\/li>\r\n<li>kadrowa &#8211; grafik pracy (z mo\u017cliwo\u015bci\u0105 zaznaczania dost\u0119pno\u015bci dy\u017curowej)<\/li>\r\n<\/ul>\r\n\r\n\r\n\r\n<div class=\"wp-block-image\">\r\n<figure class=\"aligncenter size-large\"><a href=\"https:\/\/formedis.pl\/wp-content\/uploads\/2020\/10\/mobil_grafika_www_2.png\"><img loading=\"lazy\" decoding=\"async\" width=\"1024\" height=\"576\" class=\"wp-image-4514\" src=\"https:\/\/formedis.pl\/wp-content\/uploads\/2020\/10\/mobil_grafika_www_2-1024x576.png\" alt=\"\" srcset=\"https:\/\/formedis.pl\/mmc\/wp-content\/uploads\/sites\/1\/2020\/10\/mobil_grafika_www_2-1024x576.png 1024w, https:\/\/formedis.pl\/mmc\/wp-content\/uploads\/sites\/1\/2020\/10\/mobil_grafika_www_2-300x169.png 300w, https:\/\/formedis.pl\/mmc\/wp-content\/uploads\/sites\/1\/2020\/10\/mobil_grafika_www_2-768x432.png 768w, https:\/\/formedis.pl\/mmc\/wp-content\/uploads\/sites\/1\/2020\/10\/mobil_grafika_www_2-260x146.png 260w, https:\/\/formedis.pl\/mmc\/wp-content\/uploads\/sites\/1\/2020\/10\/mobil_grafika_www_2-50x28.png 50w, https:\/\/formedis.pl\/mmc\/wp-content\/uploads\/sites\/1\/2020\/10\/mobil_grafika_www_2-133x75.png 133w, https:\/\/formedis.pl\/mmc\/wp-content\/uploads\/sites\/1\/2020\/10\/mobil_grafika_www_2.png 1366w\" sizes=\"auto, (max-width:767px) 480px, (max-width:1024px) 100vw, 1024px\" \/><\/a><\/figure>\r\n<\/div>\r\n\r\n\r\n\r\n<p>&nbsp;<\/p>\r\n\r\n<p><strong>Sprawd\u017a tak\u017ce:<\/strong><\/p>\r\n<ul>\r\n<li><a href=\"https:\/\/formedis.pl\/mmc\/oferta\/doradztwo-placowkom-publicznym\/program-naprawczy-szpitala\/\">program naprawczy szpitala<\/a>,<\/li>\r\n<li><a href=\"https:\/\/formedis.pl\/mmc\/oferta\/doradztwo-placowkom-publicznym\/audyty-i-programy-naprawcze\/\">audyt szpitala<\/a>,<\/li>\r\n<li><a href=\"https:\/\/formedis.pl\/mmc\/oferta\/doradztwo-placowkom-prywatnym\/biznesplan-dzialalnosci-medycznej\/\">biznes plan plac\u00f3wki medycznej<\/a>,<\/li>\r\n<li><a href=\"https:\/\/formedis.pl\/mmc\/doradztwo-medyczne\/\">doradztwo medyczne<\/a>,<\/li>\r\n<li><a href=\"https:\/\/formedis.pl\/mmc\/oferta\/doradztwo-dla-samorzadow\/nadzor-nad-podmiotami-leczniczymi\/\">nadz\u00f3r nad dzia\u0142alno\u015bci\u0105 medyczn\u0105<\/a>,<\/li>\r\n<li><a href=\"https:\/\/formedis.pl\/mmc\/oferta\/doradztwo-inwestycyjne\/\">sprzeda\u017c sp\u00f3\u0142ki medycznej<\/a>,<\/li>\r\n<li><a href=\"https:\/\/formedis.pl\/mmc\/oferta\/doradztwo-placowkom-publicznym\/\">strategia rozwoju szpitala<\/a>,<\/li>\r\n<li><a href=\"https:\/\/formedis.pl\/mmc\/oferta\/doradztwo-placowkom-publicznym\/kontroling-2\/\">controlling szpitala<\/a>.<\/li>\r\n<\/ul>","protected":false},"excerpt":{"rendered":"<p>FORMEDIS jest tw\u00f3rc\u0105 innowacyjnej aplikacji webowej zapewniaj\u0105cej sta\u0142y monitoring efektywno\u015bci dzia\u0142alno\u015bci podmiot\u00f3w leczniczych w obszarze: finansowym, operacyjnym, kadrowym, wsp\u00f3\u0142pracy z NFZ, celem identyfikacji odchyle\u0144 i wskazania<span class=\"excerpt-hellip\"> [\u2026]<\/span><\/p>\n","protected":false},"author":1,"featured_media":-1,"parent":2115,"menu_order":0,"comment_status":"closed","ping_status":"closed","template":"","meta":{"footnotes":""},"class_list":["post-4476","page","type-page","status-publish","has-post-thumbnail","hentry"],"yoast_head":"<!-- This site is optimized with the Yoast SEO plugin v27.4 - https:\/\/yoast.com\/product\/yoast-seo-wordpress\/ -->\n<title>DATMEDIS - Formedis Medical Management &amp; Consulting<\/title>\n<meta name=\"robots\" content=\"index, follow, max-snippet:-1, max-image-preview:large, max-video-preview:-1\" \/>\n<link rel=\"canonical\" href=\"https:\/\/formedis.pl\/mmc\/oferta\/datmedis-2\/\" \/>\n<meta property=\"og:locale\" content=\"pl_PL\" \/>\n<meta property=\"og:type\" content=\"article\" \/>\n<meta property=\"og:title\" content=\"DATMEDIS - Formedis Medical Management &amp; Consulting\" \/>\n<meta property=\"og:description\" content=\"FORMEDIS jest tw\u00f3rc\u0105 innowacyjnej aplikacji webowej zapewniaj\u0105cej sta\u0142y monitoring efektywno\u015bci dzia\u0142alno\u015bci podmiot\u00f3w leczniczych w obszarze: finansowym, operacyjnym, kadrowym, wsp\u00f3\u0142pracy z NFZ, celem identyfikacji odchyle\u0144 i wskazania [\u2026]\" \/>\n<meta property=\"og:url\" content=\"https:\/\/formedis.pl\/mmc\/oferta\/datmedis-2\/\" \/>\n<meta property=\"og:site_name\" content=\"Formedis Medical Management &amp; Consulting\" \/>\n<meta property=\"article:modified_time\" content=\"2025-11-18T20:32:20+00:00\" \/>\n<meta name=\"twitter:card\" content=\"summary_large_image\" \/>\n<meta name=\"twitter:label1\" content=\"Szacowany czas czytania\" \/>\n\t<meta name=\"twitter:data1\" content=\"3 minuty\" \/>\n<script type=\"application\/ld+json\" class=\"yoast-schema-graph\">{\"@context\":\"https:\\\/\\\/schema.org\",\"@graph\":[{\"@type\":\"WebPage\",\"@id\":\"https:\\\/\\\/formedis.pl\\\/mmc\\\/oferta\\\/datmedis-2\\\/\",\"url\":\"https:\\\/\\\/formedis.pl\\\/mmc\\\/oferta\\\/datmedis-2\\\/\",\"name\":\"DATMEDIS - Formedis Medical Management &amp; Consulting\",\"isPartOf\":{\"@id\":\"https:\\\/\\\/formedis.pl\\\/mmc\\\/#website\"},\"primaryImageOfPage\":{\"@id\":\"https:\\\/\\\/formedis.pl\\\/mmc\\\/oferta\\\/datmedis-2\\\/#primaryimage\"},\"image\":{\"@id\":\"https:\\\/\\\/formedis.pl\\\/mmc\\\/oferta\\\/datmedis-2\\\/#primaryimage\"},\"thumbnailUrl\":\"https:\\\/\\\/formedis.pl\\\/wp-content\\\/uploads\\\/2020\\\/09\\\/datmedis_ogolem-1024x508.png\",\"datePublished\":\"2020-09-28T07:53:07+00:00\",\"dateModified\":\"2025-11-18T20:32:20+00:00\",\"breadcrumb\":{\"@id\":\"https:\\\/\\\/formedis.pl\\\/mmc\\\/oferta\\\/datmedis-2\\\/#breadcrumb\"},\"inLanguage\":\"pl-PL\",\"potentialAction\":[{\"@type\":\"ReadAction\",\"target\":[\"https:\\\/\\\/formedis.pl\\\/mmc\\\/oferta\\\/datmedis-2\\\/\"]}]},{\"@type\":\"ImageObject\",\"inLanguage\":\"pl-PL\",\"@id\":\"https:\\\/\\\/formedis.pl\\\/mmc\\\/oferta\\\/datmedis-2\\\/#primaryimage\",\"url\":\"https:\\\/\\\/formedis.pl\\\/wp-content\\\/uploads\\\/2020\\\/09\\\/datmedis_ogolem-1024x508.png\",\"contentUrl\":\"https:\\\/\\\/formedis.pl\\\/wp-content\\\/uploads\\\/2020\\\/09\\\/datmedis_ogolem-1024x508.png\"},{\"@type\":\"BreadcrumbList\",\"@id\":\"https:\\\/\\\/formedis.pl\\\/mmc\\\/oferta\\\/datmedis-2\\\/#breadcrumb\",\"itemListElement\":[{\"@type\":\"ListItem\",\"position\":1,\"name\":\"Strona g\u0142\u00f3wna\",\"item\":\"https:\\\/\\\/formedis.pl\\\/mmc\\\/\"},{\"@type\":\"ListItem\",\"position\":2,\"name\":\"Oferta\",\"item\":\"https:\\\/\\\/formedis.pl\\\/mmc\\\/oferta\\\/\"},{\"@type\":\"ListItem\",\"position\":3,\"name\":\"DATMEDIS\"}]},{\"@type\":\"WebSite\",\"@id\":\"https:\\\/\\\/formedis.pl\\\/mmc\\\/#website\",\"url\":\"https:\\\/\\\/formedis.pl\\\/mmc\\\/\",\"name\":\"Formedis Medical Management &amp; Consulting\",\"description\":\"\",\"potentialAction\":[{\"@type\":\"SearchAction\",\"target\":{\"@type\":\"EntryPoint\",\"urlTemplate\":\"https:\\\/\\\/formedis.pl\\\/mmc\\\/?s={search_term_string}\"},\"query-input\":{\"@type\":\"PropertyValueSpecification\",\"valueRequired\":true,\"valueName\":\"search_term_string\"}}],\"inLanguage\":\"pl-PL\"}]}<\/script>\n<!-- \/ Yoast SEO plugin. -->","yoast_head_json":{"title":"DATMEDIS - Formedis Medical Management &amp; Consulting","robots":{"index":"index","follow":"follow","max-snippet":"max-snippet:-1","max-image-preview":"max-image-preview:large","max-video-preview":"max-video-preview:-1"},"canonical":"https:\/\/formedis.pl\/mmc\/oferta\/datmedis-2\/","og_locale":"pl_PL","og_type":"article","og_title":"DATMEDIS - Formedis Medical Management &amp; Consulting","og_description":"FORMEDIS jest tw\u00f3rc\u0105 innowacyjnej aplikacji webowej zapewniaj\u0105cej sta\u0142y monitoring efektywno\u015bci dzia\u0142alno\u015bci podmiot\u00f3w leczniczych w obszarze: finansowym, operacyjnym, kadrowym, wsp\u00f3\u0142pracy z NFZ, celem identyfikacji odchyle\u0144 i wskazania [\u2026]","og_url":"https:\/\/formedis.pl\/mmc\/oferta\/datmedis-2\/","og_site_name":"Formedis Medical Management &amp; Consulting","article_modified_time":"2025-11-18T20:32:20+00:00","twitter_card":"summary_large_image","twitter_misc":{"Szacowany czas czytania":"3 minuty"},"schema":{"@context":"https:\/\/schema.org","@graph":[{"@type":"WebPage","@id":"https:\/\/formedis.pl\/mmc\/oferta\/datmedis-2\/","url":"https:\/\/formedis.pl\/mmc\/oferta\/datmedis-2\/","name":"DATMEDIS - Formedis Medical Management &amp; Consulting","isPartOf":{"@id":"https:\/\/formedis.pl\/mmc\/#website"},"primaryImageOfPage":{"@id":"https:\/\/formedis.pl\/mmc\/oferta\/datmedis-2\/#primaryimage"},"image":{"@id":"https:\/\/formedis.pl\/mmc\/oferta\/datmedis-2\/#primaryimage"},"thumbnailUrl":"https:\/\/formedis.pl\/wp-content\/uploads\/2020\/09\/datmedis_ogolem-1024x508.png","datePublished":"2020-09-28T07:53:07+00:00","dateModified":"2025-11-18T20:32:20+00:00","breadcrumb":{"@id":"https:\/\/formedis.pl\/mmc\/oferta\/datmedis-2\/#breadcrumb"},"inLanguage":"pl-PL","potentialAction":[{"@type":"ReadAction","target":["https:\/\/formedis.pl\/mmc\/oferta\/datmedis-2\/"]}]},{"@type":"ImageObject","inLanguage":"pl-PL","@id":"https:\/\/formedis.pl\/mmc\/oferta\/datmedis-2\/#primaryimage","url":"https:\/\/formedis.pl\/wp-content\/uploads\/2020\/09\/datmedis_ogolem-1024x508.png","contentUrl":"https:\/\/formedis.pl\/wp-content\/uploads\/2020\/09\/datmedis_ogolem-1024x508.png"},{"@type":"BreadcrumbList","@id":"https:\/\/formedis.pl\/mmc\/oferta\/datmedis-2\/#breadcrumb","itemListElement":[{"@type":"ListItem","position":1,"name":"Strona g\u0142\u00f3wna","item":"https:\/\/formedis.pl\/mmc\/"},{"@type":"ListItem","position":2,"name":"Oferta","item":"https:\/\/formedis.pl\/mmc\/oferta\/"},{"@type":"ListItem","position":3,"name":"DATMEDIS"}]},{"@type":"WebSite","@id":"https:\/\/formedis.pl\/mmc\/#website","url":"https:\/\/formedis.pl\/mmc\/","name":"Formedis Medical Management &amp; Consulting","description":"","potentialAction":[{"@type":"SearchAction","target":{"@type":"EntryPoint","urlTemplate":"https:\/\/formedis.pl\/mmc\/?s={search_term_string}"},"query-input":{"@type":"PropertyValueSpecification","valueRequired":true,"valueName":"search_term_string"}}],"inLanguage":"pl-PL"}]}},"_links":{"self":[{"href":"https:\/\/formedis.pl\/mmc\/wp-json\/wp\/v2\/pages\/4476","targetHints":{"allow":["GET"]}}],"collection":[{"href":"https:\/\/formedis.pl\/mmc\/wp-json\/wp\/v2\/pages"}],"about":[{"href":"https:\/\/formedis.pl\/mmc\/wp-json\/wp\/v2\/types\/page"}],"author":[{"embeddable":true,"href":"https:\/\/formedis.pl\/mmc\/wp-json\/wp\/v2\/users\/1"}],"replies":[{"embeddable":true,"href":"https:\/\/formedis.pl\/mmc\/wp-json\/wp\/v2\/comments?post=4476"}],"version-history":[{"count":11,"href":"https:\/\/formedis.pl\/mmc\/wp-json\/wp\/v2\/pages\/4476\/revisions"}],"predecessor-version":[{"id":6979,"href":"https:\/\/formedis.pl\/mmc\/wp-json\/wp\/v2\/pages\/4476\/revisions\/6979"}],"up":[{"embeddable":true,"href":"https:\/\/formedis.pl\/mmc\/wp-json\/wp\/v2\/pages\/2115"}],"wp:featuredmedia":[{"embeddable":true,"href":"https:\/\/formedis.pl\/mmc\/wp-json\/"}],"wp:attachment":[{"href":"https:\/\/formedis.pl\/mmc\/wp-json\/wp\/v2\/media?parent=4476"}],"curies":[{"name":"wp","href":"https:\/\/api.w.org\/{rel}","templated":true}]}}