{"id":4458,"date":"2020-07-28T08:11:39","date_gmt":"2020-07-28T06:11:39","guid":{"rendered":"https:\/\/formedis.pl\/?page_id=4458"},"modified":"2025-12-12T12:04:35","modified_gmt":"2025-12-12T11:04:35","slug":"restrukturyzacja-zadluzenia","status":"publish","type":"page","link":"https:\/\/formedis.pl\/mmc\/oferta\/doradztwo-placowkom-publicznym\/restrukturyzacja-zadluzenia\/","title":{"rendered":"Restrukturyzacja zad\u0142u\u017cenia szpitala"},"content":{"rendered":"<p><strong>FORMEDIS we wsp\u00f3\u0142pracy z bankami oferuje restrukturyzacj\u0119 zad\u0142u\u017cenia podmiot\u00f3w leczniczych dzia\u0142aj\u0105cych w formule samodzielnych publicznych zak\u0142ad\u00f3w opieki zdrowotnej (spzoz) w okresie finansowania do 120 miesi\u0119cy bez wymagania jego zabezpieczenia w formie por\u0119czenia przez podmiot tworz\u0105cy szpitala.<\/strong><\/p>\n<p><strong>Celem us\u0142ugi doradczej oferowanej przez FORMEDIS<\/strong> jest przywr\u00f3cenie p\u0142ynno\u015bci finansowej podmiotu leczniczego poprzez opracowanie i wdro\u017cenie planu restrukturyzacji zad\u0142u\u017cenia przy udziale wsp\u00f3\u0142pracuj\u0105cych z nami bank\u00f3w, kt\u00f3re podlegaj\u0105 prawu bankowemu oraz nadzorowi i bie\u017c\u0105cej kontroli ze strony Komisji Nadzoru Finansowego.<\/p>\n<p>Udzielone finansowanie mo\u017ce by\u0107 przeznaczone na <u>dowolne potrzeby szpitala<\/u>, w tym w szczeg\u00f3lno\u015bci:<\/p>\n<ul>\n<li>restrukturyzacja dotychczasowego zad\u0142u\u017cenia \u2013 zmiana warunk\u00f3w finansowych i dotychczasowego harmonogramu sp\u0142aty,<\/li>\n<li>konsolidacja dotychczasowego zad\u0142u\u017cenia \u2013 po\u0142\u0105czenie i koncentracja posiadanych zobowi\u0105za\u0144 w jeden produkt finansowy w jednym banku,<\/li>\n<li>sp\u0142ata zobowi\u0105za\u0144 wymagalnych \u2013 usystematyzowanie przeterminowanych p\u0142atno\u015bci,<\/li>\n<li>finansowanie dzia\u0142alno\u015bci leczniczej \u2013 poprawa bie\u017c\u0105cej p\u0142ynno\u015bci finansowej,<\/li>\n<li>finansowanie dzia\u0142alno\u015bci inwestycyjnej &#8211; pozyskanie \u015brodk\u00f3w pieni\u0119\u017cnych na projekty inwestycyjne w zakresie infrastruktury szpitalnej oraz sprz\u0119tu i aparatury medycznej.<\/li>\n<\/ul>\n<p><strong>Najwi\u0119kszym atutem udzielanego finansowania jest brak obci\u0105\u017cania d\u0142ugiem podmiotu tworz\u0105cego (JST) w konsekwencji braku wymogu zabezpieczenia finansowania w formie jego por\u0119czenia.<\/strong><\/p>\n<p>Restrukturyzacja zad\u0142u\u017cenia szpitala i innych plac\u00f3wek medycznych &#8211; etapy:<\/p>\n<ul>\n<li>analiza przedrestrukturyzacyjna &#8211; identyfikacja przyczyn zad\u0142u\u017cenia,<\/li>\n<li>opracowanie planu restrukturyzacji zad\u0142u\u017cenia \u2013 okre\u015blenie optymalnych \u017ar\u00f3de\u0142 finansowania restrukturyzacji zad\u0142u\u017cenia,<\/li>\n<li>pozyskanie wst\u0119pnej niewi\u0105\u017c\u0105cej oferty finansowania od banku zgodnej z oczekiwaniami szpitala,<\/li>\n<li>opracowanie memorandum informacyjnego szpitala na potrzeby procesu kredytowego,<\/li>\n<li>uzyskanie pozytywnej decyzji kredytowej.<\/li>\n<\/ul>\n<p><u>Korzy\u015bci dla podmiotu leczniczego, wynikaj\u0105ce z restrukturyzacji zad\u0142u\u017cenia:<\/u><\/p>\n<ul>\n<li>roz\u0142o\u017cenie i odroczenie sp\u0142aty d\u0142ugu w czasie.<\/li>\n<li>zaniechanie windykacji,<\/li>\n<li>redukcja cz\u0119\u015bci zad\u0142u\u017cenia,<\/li>\n<li>skorzystanie z bezpieczniejszego i ta\u0144szego produktu finansowego<\/li>\n<li>poprawa p\u0142ynno\u015bci finansowej<\/li>\n<li>ni\u017csze koszty finansowe i ni\u017csze bie\u017c\u0105ce obci\u0105\u017cenie przep\u0142yw\u00f3w pieni\u0119\u017cnych,<\/li>\n<li>mo\u017cliwo\u015b\u0107 realizacji planowanych inwestycji.<\/li>\n<\/ul>\n<p>&nbsp;<\/p>\n<p><strong>Sprawd\u017a tak\u017ce:<\/strong><\/p>\n<ul>\n<li><a href=\"https:\/\/formedis.pl\/mmc\/oferta\/doradztwo-placowkom-publicznym\/program-naprawczy-szpitala\/\">program naprawczy szpitala<\/a>,<\/li>\n<li><a href=\"https:\/\/formedis.pl\/mmc\/oferta\/doradztwo-placowkom-publicznym\/audyty-i-programy-naprawcze\/\">audyt szpitala<\/a>,<\/li>\n<li><a href=\"https:\/\/formedis.pl\/mmc\/oferta\/doradztwo-placowkom-prywatnym\/biznesplan-dzialalnosci-medycznej\/\">biznes plan plac\u00f3wki medycznej<\/a>,<\/li>\n<li><a href=\"https:\/\/formedis.pl\/mmc\/doradztwo-medyczne\/\">doradztwo medyczne<\/a>,<\/li>\n<li><a href=\"https:\/\/formedis.pl\/mmc\/oferta\/doradztwo-dla-samorzadow\/nadzor-nad-podmiotami-leczniczymi\/\">nadz\u00f3r nad dzia\u0142alno\u015bci\u0105 medyczn\u0105<\/a>,<\/li>\n<li><a href=\"https:\/\/formedis.pl\/mmc\/oferta\/doradztwo-inwestycyjne\/\">sprzeda\u017c sp\u00f3\u0142ki medycznej<\/a>,<\/li>\n<li><a href=\"https:\/\/formedis.pl\/mmc\/oferta\/doradztwo-placowkom-publicznym\/\">strategia rozwoju szpitala<\/a>,<\/li>\n<li><a href=\"https:\/\/formedis.pl\/mmc\/oferta\/doradztwo-placowkom-publicznym\/kontroling-2\/\">controlling szpitala<\/a>.<\/li>\n<\/ul>\n","protected":false},"excerpt":{"rendered":"<p>FORMEDIS we wsp\u00f3\u0142pracy z bankami oferuje restrukturyzacj\u0119 zad\u0142u\u017cenia podmiot\u00f3w leczniczych dzia\u0142aj\u0105cych w formule samodzielnych publicznych zak\u0142ad\u00f3w opieki zdrowotnej (spzoz) w okresie finansowania do 120 miesi\u0119cy bez<span class=\"excerpt-hellip\"> [\u2026]<\/span><\/p>\n","protected":false},"author":1,"featured_media":-1,"parent":2563,"menu_order":0,"comment_status":"closed","ping_status":"closed","template":"","meta":{"footnotes":""},"class_list":["post-4458","page","type-page","status-publish","has-post-thumbnail","hentry"],"yoast_head":"<!-- This site is optimized with the Yoast SEO plugin v27.4 - https:\/\/yoast.com\/product\/yoast-seo-wordpress\/ -->\n<title>Restrukturyzacja Zad\u0142u\u017cenia Szpitala - Formedis<\/title>\n<meta name=\"description\" content=\"Formedis Medical Management Consulting \u27a4 We wsp\u00f3\u0142pracy z partnerami finansowymi oferujemy restrukturyzacj\u0119 zad\u0142u\u017cenia podmiot\u00f3w leczniczych m.in. szpitali!\" \/>\n<meta name=\"robots\" content=\"index, follow, max-snippet:-1, max-image-preview:large, max-video-preview:-1\" \/>\n<link rel=\"canonical\" href=\"https:\/\/formedis.pl\/mmc\/oferta\/doradztwo-placowkom-publicznym\/restrukturyzacja-zadluzenia\/\" \/>\n<meta property=\"og:locale\" content=\"pl_PL\" \/>\n<meta property=\"og:type\" content=\"article\" \/>\n<meta property=\"og:title\" content=\"Restrukturyzacja Zad\u0142u\u017cenia Szpitala - Formedis\" \/>\n<meta property=\"og:description\" content=\"Formedis Medical Management Consulting \u27a4 We wsp\u00f3\u0142pracy z partnerami finansowymi oferujemy restrukturyzacj\u0119 zad\u0142u\u017cenia podmiot\u00f3w leczniczych m.in. szpitali!\" \/>\n<meta property=\"og:url\" content=\"https:\/\/formedis.pl\/mmc\/oferta\/doradztwo-placowkom-publicznym\/restrukturyzacja-zadluzenia\/\" \/>\n<meta property=\"og:site_name\" content=\"Formedis Medical Management &amp; Consulting\" \/>\n<meta property=\"article:modified_time\" content=\"2025-12-12T11:04:35+00:00\" \/>\n<meta name=\"twitter:card\" content=\"summary_large_image\" \/>\n<meta name=\"twitter:label1\" content=\"Szacowany czas czytania\" \/>\n\t<meta name=\"twitter:data1\" content=\"2 minuty\" \/>\n<script type=\"application\/ld+json\" class=\"yoast-schema-graph\">{\"@context\":\"https:\\\/\\\/schema.org\",\"@graph\":[{\"@type\":\"WebPage\",\"@id\":\"https:\\\/\\\/formedis.pl\\\/mmc\\\/oferta\\\/doradztwo-placowkom-publicznym\\\/restrukturyzacja-zadluzenia\\\/\",\"url\":\"https:\\\/\\\/formedis.pl\\\/mmc\\\/oferta\\\/doradztwo-placowkom-publicznym\\\/restrukturyzacja-zadluzenia\\\/\",\"name\":\"Restrukturyzacja Zad\u0142u\u017cenia Szpitala - Formedis\",\"isPartOf\":{\"@id\":\"https:\\\/\\\/formedis.pl\\\/mmc\\\/#website\"},\"datePublished\":\"2020-07-28T06:11:39+00:00\",\"dateModified\":\"2025-12-12T11:04:35+00:00\",\"description\":\"Formedis Medical Management Consulting \u27a4 We wsp\u00f3\u0142pracy z partnerami finansowymi oferujemy restrukturyzacj\u0119 zad\u0142u\u017cenia podmiot\u00f3w leczniczych m.in. szpitali!\",\"breadcrumb\":{\"@id\":\"https:\\\/\\\/formedis.pl\\\/mmc\\\/oferta\\\/doradztwo-placowkom-publicznym\\\/restrukturyzacja-zadluzenia\\\/#breadcrumb\"},\"inLanguage\":\"pl-PL\",\"potentialAction\":[{\"@type\":\"ReadAction\",\"target\":[\"https:\\\/\\\/formedis.pl\\\/mmc\\\/oferta\\\/doradztwo-placowkom-publicznym\\\/restrukturyzacja-zadluzenia\\\/\"]}]},{\"@type\":\"BreadcrumbList\",\"@id\":\"https:\\\/\\\/formedis.pl\\\/mmc\\\/oferta\\\/doradztwo-placowkom-publicznym\\\/restrukturyzacja-zadluzenia\\\/#breadcrumb\",\"itemListElement\":[{\"@type\":\"ListItem\",\"position\":1,\"name\":\"Strona g\u0142\u00f3wna\",\"item\":\"https:\\\/\\\/formedis.pl\\\/mmc\\\/\"},{\"@type\":\"ListItem\",\"position\":2,\"name\":\"Oferta\",\"item\":\"https:\\\/\\\/formedis.pl\\\/mmc\\\/oferta\\\/\"},{\"@type\":\"ListItem\",\"position\":3,\"name\":\"Zarz\u0105dzanie szpitalem\",\"item\":\"https:\\\/\\\/formedis.pl\\\/mmc\\\/oferta\\\/doradztwo-placowkom-publicznym\\\/\"},{\"@type\":\"ListItem\",\"position\":4,\"name\":\"Restrukturyzacja zad\u0142u\u017cenia szpitala\"}]},{\"@type\":\"WebSite\",\"@id\":\"https:\\\/\\\/formedis.pl\\\/mmc\\\/#website\",\"url\":\"https:\\\/\\\/formedis.pl\\\/mmc\\\/\",\"name\":\"Formedis Medical Management &amp; Consulting\",\"description\":\"\",\"potentialAction\":[{\"@type\":\"SearchAction\",\"target\":{\"@type\":\"EntryPoint\",\"urlTemplate\":\"https:\\\/\\\/formedis.pl\\\/mmc\\\/?s={search_term_string}\"},\"query-input\":{\"@type\":\"PropertyValueSpecification\",\"valueRequired\":true,\"valueName\":\"search_term_string\"}}],\"inLanguage\":\"pl-PL\"}]}<\/script>\n<!-- \/ Yoast SEO plugin. -->","yoast_head_json":{"title":"Restrukturyzacja Zad\u0142u\u017cenia Szpitala - Formedis","description":"Formedis Medical Management Consulting \u27a4 We wsp\u00f3\u0142pracy z partnerami finansowymi oferujemy restrukturyzacj\u0119 zad\u0142u\u017cenia podmiot\u00f3w leczniczych m.in. szpitali!","robots":{"index":"index","follow":"follow","max-snippet":"max-snippet:-1","max-image-preview":"max-image-preview:large","max-video-preview":"max-video-preview:-1"},"canonical":"https:\/\/formedis.pl\/mmc\/oferta\/doradztwo-placowkom-publicznym\/restrukturyzacja-zadluzenia\/","og_locale":"pl_PL","og_type":"article","og_title":"Restrukturyzacja Zad\u0142u\u017cenia Szpitala - Formedis","og_description":"Formedis Medical Management Consulting \u27a4 We wsp\u00f3\u0142pracy z partnerami finansowymi oferujemy restrukturyzacj\u0119 zad\u0142u\u017cenia podmiot\u00f3w leczniczych m.in. szpitali!","og_url":"https:\/\/formedis.pl\/mmc\/oferta\/doradztwo-placowkom-publicznym\/restrukturyzacja-zadluzenia\/","og_site_name":"Formedis Medical Management &amp; Consulting","article_modified_time":"2025-12-12T11:04:35+00:00","twitter_card":"summary_large_image","twitter_misc":{"Szacowany czas czytania":"2 minuty"},"schema":{"@context":"https:\/\/schema.org","@graph":[{"@type":"WebPage","@id":"https:\/\/formedis.pl\/mmc\/oferta\/doradztwo-placowkom-publicznym\/restrukturyzacja-zadluzenia\/","url":"https:\/\/formedis.pl\/mmc\/oferta\/doradztwo-placowkom-publicznym\/restrukturyzacja-zadluzenia\/","name":"Restrukturyzacja Zad\u0142u\u017cenia Szpitala - Formedis","isPartOf":{"@id":"https:\/\/formedis.pl\/mmc\/#website"},"datePublished":"2020-07-28T06:11:39+00:00","dateModified":"2025-12-12T11:04:35+00:00","description":"Formedis Medical Management Consulting \u27a4 We wsp\u00f3\u0142pracy z partnerami finansowymi oferujemy restrukturyzacj\u0119 zad\u0142u\u017cenia podmiot\u00f3w leczniczych m.in. szpitali!","breadcrumb":{"@id":"https:\/\/formedis.pl\/mmc\/oferta\/doradztwo-placowkom-publicznym\/restrukturyzacja-zadluzenia\/#breadcrumb"},"inLanguage":"pl-PL","potentialAction":[{"@type":"ReadAction","target":["https:\/\/formedis.pl\/mmc\/oferta\/doradztwo-placowkom-publicznym\/restrukturyzacja-zadluzenia\/"]}]},{"@type":"BreadcrumbList","@id":"https:\/\/formedis.pl\/mmc\/oferta\/doradztwo-placowkom-publicznym\/restrukturyzacja-zadluzenia\/#breadcrumb","itemListElement":[{"@type":"ListItem","position":1,"name":"Strona g\u0142\u00f3wna","item":"https:\/\/formedis.pl\/mmc\/"},{"@type":"ListItem","position":2,"name":"Oferta","item":"https:\/\/formedis.pl\/mmc\/oferta\/"},{"@type":"ListItem","position":3,"name":"Zarz\u0105dzanie szpitalem","item":"https:\/\/formedis.pl\/mmc\/oferta\/doradztwo-placowkom-publicznym\/"},{"@type":"ListItem","position":4,"name":"Restrukturyzacja zad\u0142u\u017cenia szpitala"}]},{"@type":"WebSite","@id":"https:\/\/formedis.pl\/mmc\/#website","url":"https:\/\/formedis.pl\/mmc\/","name":"Formedis Medical Management &amp; Consulting","description":"","potentialAction":[{"@type":"SearchAction","target":{"@type":"EntryPoint","urlTemplate":"https:\/\/formedis.pl\/mmc\/?s={search_term_string}"},"query-input":{"@type":"PropertyValueSpecification","valueRequired":true,"valueName":"search_term_string"}}],"inLanguage":"pl-PL"}]}},"_links":{"self":[{"href":"https:\/\/formedis.pl\/mmc\/wp-json\/wp\/v2\/pages\/4458","targetHints":{"allow":["GET"]}}],"collection":[{"href":"https:\/\/formedis.pl\/mmc\/wp-json\/wp\/v2\/pages"}],"about":[{"href":"https:\/\/formedis.pl\/mmc\/wp-json\/wp\/v2\/types\/page"}],"author":[{"embeddable":true,"href":"https:\/\/formedis.pl\/mmc\/wp-json\/wp\/v2\/users\/1"}],"replies":[{"embeddable":true,"href":"https:\/\/formedis.pl\/mmc\/wp-json\/wp\/v2\/comments?post=4458"}],"version-history":[{"count":8,"href":"https:\/\/formedis.pl\/mmc\/wp-json\/wp\/v2\/pages\/4458\/revisions"}],"predecessor-version":[{"id":6998,"href":"https:\/\/formedis.pl\/mmc\/wp-json\/wp\/v2\/pages\/4458\/revisions\/6998"}],"up":[{"embeddable":true,"href":"https:\/\/formedis.pl\/mmc\/wp-json\/wp\/v2\/pages\/2563"}],"wp:featuredmedia":[{"embeddable":true,"href":"https:\/\/formedis.pl\/mmc\/wp-json\/"}],"wp:attachment":[{"href":"https:\/\/formedis.pl\/mmc\/wp-json\/wp\/v2\/media?parent=4458"}],"curies":[{"name":"wp","href":"https:\/\/api.w.org\/{rel}","templated":true}]}}