{"id":3064,"date":"2018-08-10T15:17:32","date_gmt":"2018-08-10T13:17:32","guid":{"rendered":"http:\/\/formedis.pl\/?page_id=3064"},"modified":"2025-11-18T21:28:47","modified_gmt":"2025-11-18T20:28:47","slug":"komercjalizacja-patentow","status":"publish","type":"page","link":"https:\/\/formedis.pl\/mmc\/oferta\/komercjalizacja-startupow\/komercjalizacja-patentow\/","title":{"rendered":"Komercjalizacja start-up\u00f3w medycznych"},"content":{"rendered":"<p style=\"text-align: justify;\">FORMEDIS koncentruje r\u00f3wnie\u017c swoj\u0105 dzia\u0142alno\u015b\u0107 mi\u0119dzy innymi na transferze, tzn. komercyjnym wykorzystaniu technologii, powsta\u0142ych w wyniku dzia\u0142alno\u015bci badawczo-rozwojowej (R&amp;D), do gospodarki. W kontek\u015bcie wzrostu gospodarczego wykorzystanie dzia\u0142alno\u015bci naukowo-badawczej ma sens wy\u0142\u0105cznie w\u00f3wczas, gdy jest ona wykorzystywana przez przedsi\u0119biorstwa, w kt\u00f3rych znajdzie praktyczne finansowanie a co za tym idzie wykorzystanie. Dzia\u0142ania doradcze opieraj\u0105 si\u0119 przede wszystkim na umiej\u0119tno\u015bciach wykorzystania zasob\u00f3w niezb\u0119dnych do rozwoju i wdro\u017cenia technologii, nowego produktu lub us\u0142ug na rynku, w ramach kt\u00f3rego nale\u017cy podj\u0105\u0107 dalsze decyzje w kwestii ochrony d\u00f3br w\u0142asno\u015bci intelektualnej (w przypadku powstania dobra w\u0142asno\u015bci przemys\u0142owej) oraz ich komercjalizacji &#8211; transferu, jak r\u00f3wnie\u017c pozyskania \u017ar\u00f3de\u0142 finansowania na ka\u017cdym etapie procesu.<\/p>\n<p style=\"text-align: justify;\"><span style=\"text-decoration: underline;\">Obszary dzia\u0142alno\u015bci FORMEDIS w obszarze komercjalizacji patent\u00f3w:<\/span><\/p>\n<p style=\"text-align: justify;\"><strong>1. KOMERCJALIZACJA I TRANSFER TECHNOLOGII<\/strong><\/p>\n<ul style=\"text-align: justify;\">\n<li>Wsparcie przedsi\u0119biorc\u00f3w w zakresie dzia\u0142a\u0144 obejmuj\u0105cych transfer technologii i wdro\u017cenie wynik\u00f3w bada\u0144 naukowych, kt\u00f3re z za\u0142o\u017cenia maj\u0105 generowa\u0107 przychody i korzy\u015bci finansowe. Dzia\u0142alno\u015b\u0107 doradcza oraz wsparcie organizacyjne na etapach poprzedzaj\u0105cych komercjalizacj\u0119 (m.in. doradztwo organizacyjne, prawne oraz ksi\u0119gowo-podatkowe),<\/li>\n<li>Pomoc przy wdra\u017caniu tzw. \u201ekomercjalizacji po\u015bredniej\u201d, czyli obejmowaniu b\u0105d\u017a nabywaniu udzia\u0142\u00f3w lub akcji w sp\u00f3\u0142kach, w celu wdro\u017cenia lub przygotowania do wdro\u017cenia wynik\u00f3w bada\u0144 naukowych, prac rozwojowych lub know-how zwi\u0105zanego z tymi wynikami. Doradztwo dla podmiot\u00f3w posiadaj\u0105cych prawa do wynik\u00f3w B+R, kt\u00f3re wnosz\u0105 prawa w\u0142asno\u015bci intelektualnej do sp\u00f3\u0142ki, kt\u00f3ra podejmie dalsze dzia\u0142ania w celu rozwini\u0119cia technologii,<\/li>\n<li>Po\u015brednictwo w sprzeda\u017cy wynik\u00f3w bada\u0144 naukowych, prac rozwojowych lub know-how zwi\u0105zanego z tymi wynikami, oddawanie do u\u017cywania tych wynik\u00f3w b\u0105d\u017a know-how, w szczeg\u00f3lno\u015bci na podstawie um\u00f3w licencyjnych, najmu b\u0105d\u017a dzier\u017cawy.<\/li>\n<\/ul>\n<p style=\"text-align: justify;\"><strong>2. KOMPLEKSOWE US\u0141UGI DORADCZE DLA NAUKOWC\u00d3W<\/strong><\/p>\n<ul style=\"text-align: justify;\">\n<li>Prowadzenie audyt\u00f3w na rzecz zespo\u0142\u00f3w badawczych w zakresie obecnych praktyk i proces\u00f3w obejmuj\u0105cych zagadnienia zwi\u0105zane z komercjalizacj\u0105,<\/li>\n<li>Kompleksowe doradztwo dla zespo\u0142\u00f3w badawczych w obszarze mo\u017cliwo\u015bci komercjalizacji bada\u0144 naukowych (m.in. jak i gdzie wdra\u017ca\u0107, co warto patentowa\u0107, jakie patenty utrzymywa\u0107, jak i gdzie pozyskiwa\u0107 przedsi\u0119biorc\u00f3w zainteresowanych prowadzeniem dla nich prac badawczych),<\/li>\n<li>Po\u015brednictwo we wsp\u00f3\u0142pracy badawczo-rozwojowej prowadzonej na rzecz przedsi\u0119biorc\u00f3w,<\/li>\n<li>Monitorowanie og\u0142osze\u0144 o konkursach na projekty aplikacyjne i wsparcie w przygotowaniu pe\u0142nej dokumentacji do tych projekt\u00f3w oraz ich ewaluacja i rozliczenie,<\/li>\n<li>Opracowanie i wdra\u017canie procesu komercjalizacji (w tym dotycz\u0105ce procedury patentowania, procedury sprzeda\u017cy wynalazku itp.),<\/li>\n<li>Przygotowanie dokumentacji, w tym wzoru umowy ze sponsorem oraz standard\u00f3w prezentacji konkretnych projekt\u00f3w, kt\u00f3re z za\u0142o\u017cenia mia\u0142by zako\u0144czy\u0107 si\u0119 komercjalizacj\u0105,<\/li>\n<li>Wsparcie sprzeda\u017cy wynalazk\u00f3w, innowacyjnych proces\u00f3w, procedur oraz aplikacji opracowanych przez naukowc\u00f3w i zespo\u0142y badawcze,<\/li>\n<li>Kompleksowe wsparcie naukowc\u00f3w, kt\u00f3rzy planuj\u0105 komercjalizacj\u0119 swoich osi\u0105gni\u0119\u0107 i wynalazk\u00f3w w formie nowo zak\u0142adanych sp\u00f3\u0142ek technologicznych typu \u201espin-off\u201d.<\/li>\n<\/ul>\n<p style=\"text-align: justify;\"><strong>3. POZYSKIWANIE DOTACJI NA INNOWACYJNO\u015a\u0106<\/strong><\/p>\n<p style=\"text-align: justify;\">Mo\u017cliwo\u015bci rozwoju przedsi\u0119biorstw R&amp;D, dzia\u0142aj\u0105cych w oparciu o innowacje oraz wykorzystuj\u0105cych osi\u0105gni\u0119cia dzia\u0142alno\u015bci naukowo badawczej s\u0105 aktualnie aktywnie wspierane przez \u015brodki z Unii Europejskiej, m.in. w ramach regionalnych program\u00f3w operacyjnych na lata 2014-2020 dla poszczeg\u00f3lnych wojew\u00f3dztw. FORMEDIS wspiera aplikowanie o te \u015brodki, przygotowanie projekt\u00f3w i studium wykonalno\u015bci oraz ich ewaluacj\u0119, rozliczenie, jak r\u00f3wnie\u017c monitorowanie wska\u017anik\u00f3w produkt\u00f3w i rezultat\u00f3w. Oferta sp\u00f3\u0142ki obejmuje tak\u017ce doradztwo finansowe oraz kompleksowe wsparcie prawne, organizacyjne i wizerunkowe w powy\u017cszych zakresach.<\/p>\n<p><strong>Sprawd\u017a tak\u017ce:<\/strong><\/p>\n<ul>\n<li><a href=\"https:\/\/formedis.pl\/mmc\/oferta\/doradztwo-placowkom-publicznym\/program-naprawczy-szpitala\/\">program naprawczy szpitala<\/a>,<\/li>\n<li><a href=\"https:\/\/formedis.pl\/mmc\/oferta\/doradztwo-placowkom-publicznym\/audyty-i-programy-naprawcze\/\">audyt szpitala<\/a>,<\/li>\n<li><a href=\"https:\/\/formedis.pl\/mmc\/oferta\/doradztwo-placowkom-prywatnym\/biznesplan-dzialalnosci-medycznej\/\">biznes plan plac\u00f3wki medycznej<\/a>,<\/li>\n<li><a href=\"https:\/\/formedis.pl\/mmc\/doradztwo-medyczne\/\">doradztwo medyczne<\/a>,<\/li>\n<li><a href=\"https:\/\/formedis.pl\/mmc\/oferta\/doradztwo-dla-samorzadow\/nadzor-nad-podmiotami-leczniczymi\/\">nadz\u00f3r nad dzia\u0142alno\u015bci\u0105 medyczn\u0105<\/a>,<\/li>\n<li><a href=\"https:\/\/formedis.pl\/mmc\/oferta\/doradztwo-inwestycyjne\/\">sprzeda\u017c sp\u00f3\u0142ki medycznej<\/a>,<\/li>\n<li><a href=\"https:\/\/formedis.pl\/mmc\/oferta\/doradztwo-placowkom-publicznym\/\">strategia rozwoju szpitala<\/a>,<\/li>\n<li><a href=\"https:\/\/formedis.pl\/mmc\/oferta\/doradztwo-placowkom-publicznym\/kontroling-2\/\">controlling szpitala<\/a>.<\/li>\n<\/ul>\n","protected":false},"excerpt":{"rendered":"<p>FORMEDIS koncentruje r\u00f3wnie\u017c swoj\u0105 dzia\u0142alno\u015b\u0107 mi\u0119dzy innymi na transferze, tzn. komercyjnym wykorzystaniu technologii, powsta\u0142ych w wyniku dzia\u0142alno\u015bci badawczo-rozwojowej (R&amp;D), do gospodarki. W kontek\u015bcie wzrostu gospodarczego wykorzystanie<span class=\"excerpt-hellip\"> [\u2026]<\/span><\/p>\n","protected":false},"author":1,"featured_media":-1,"parent":3062,"menu_order":0,"comment_status":"closed","ping_status":"closed","template":"","meta":{"footnotes":""},"class_list":["post-3064","page","type-page","status-publish","has-post-thumbnail","hentry"],"yoast_head":"<!-- This site is optimized with the Yoast SEO plugin v27.4 - https:\/\/yoast.com\/product\/yoast-seo-wordpress\/ -->\n<title>Komercjalizacja start-up\u00f3w medycznych - Formedis Medical Management &amp; Consulting<\/title>\n<meta name=\"robots\" content=\"index, follow, max-snippet:-1, max-image-preview:large, max-video-preview:-1\" \/>\n<link rel=\"canonical\" href=\"https:\/\/formedis.pl\/mmc\/oferta\/komercjalizacja-startupow\/komercjalizacja-patentow\/\" \/>\n<meta property=\"og:locale\" content=\"pl_PL\" \/>\n<meta property=\"og:type\" content=\"article\" \/>\n<meta property=\"og:title\" content=\"Komercjalizacja start-up\u00f3w medycznych - Formedis Medical Management &amp; Consulting\" \/>\n<meta property=\"og:description\" content=\"FORMEDIS koncentruje r\u00f3wnie\u017c swoj\u0105 dzia\u0142alno\u015b\u0107 mi\u0119dzy innymi na transferze, tzn. komercyjnym wykorzystaniu technologii, powsta\u0142ych w wyniku dzia\u0142alno\u015bci badawczo-rozwojowej (R&amp;D), do gospodarki. W kontek\u015bcie wzrostu gospodarczego wykorzystanie [\u2026]\" \/>\n<meta property=\"og:url\" content=\"https:\/\/formedis.pl\/mmc\/oferta\/komercjalizacja-startupow\/komercjalizacja-patentow\/\" \/>\n<meta property=\"og:site_name\" content=\"Formedis Medical Management &amp; Consulting\" \/>\n<meta property=\"article:modified_time\" content=\"2025-11-18T20:28:47+00:00\" \/>\n<meta name=\"twitter:card\" content=\"summary_large_image\" \/>\n<meta name=\"twitter:label1\" content=\"Szacowany czas czytania\" \/>\n\t<meta name=\"twitter:data1\" content=\"3 minuty\" \/>\n<script type=\"application\/ld+json\" class=\"yoast-schema-graph\">{\"@context\":\"https:\\\/\\\/schema.org\",\"@graph\":[{\"@type\":\"WebPage\",\"@id\":\"https:\\\/\\\/formedis.pl\\\/mmc\\\/oferta\\\/komercjalizacja-startupow\\\/komercjalizacja-patentow\\\/\",\"url\":\"https:\\\/\\\/formedis.pl\\\/mmc\\\/oferta\\\/komercjalizacja-startupow\\\/komercjalizacja-patentow\\\/\",\"name\":\"Komercjalizacja start-up\u00f3w medycznych - Formedis Medical Management &amp; Consulting\",\"isPartOf\":{\"@id\":\"https:\\\/\\\/formedis.pl\\\/mmc\\\/#website\"},\"datePublished\":\"2018-08-10T13:17:32+00:00\",\"dateModified\":\"2025-11-18T20:28:47+00:00\",\"breadcrumb\":{\"@id\":\"https:\\\/\\\/formedis.pl\\\/mmc\\\/oferta\\\/komercjalizacja-startupow\\\/komercjalizacja-patentow\\\/#breadcrumb\"},\"inLanguage\":\"pl-PL\",\"potentialAction\":[{\"@type\":\"ReadAction\",\"target\":[\"https:\\\/\\\/formedis.pl\\\/mmc\\\/oferta\\\/komercjalizacja-startupow\\\/komercjalizacja-patentow\\\/\"]}]},{\"@type\":\"BreadcrumbList\",\"@id\":\"https:\\\/\\\/formedis.pl\\\/mmc\\\/oferta\\\/komercjalizacja-startupow\\\/komercjalizacja-patentow\\\/#breadcrumb\",\"itemListElement\":[{\"@type\":\"ListItem\",\"position\":1,\"name\":\"Strona g\u0142\u00f3wna\",\"item\":\"https:\\\/\\\/formedis.pl\\\/mmc\\\/\"},{\"@type\":\"ListItem\",\"position\":2,\"name\":\"Oferta\",\"item\":\"https:\\\/\\\/formedis.pl\\\/mmc\\\/oferta\\\/\"},{\"@type\":\"ListItem\",\"position\":3,\"name\":\"Komercjalizacja start-up\u00f3w medycznych\",\"item\":\"https:\\\/\\\/formedis.pl\\\/mmc\\\/oferta\\\/komercjalizacja-startupow\\\/\"},{\"@type\":\"ListItem\",\"position\":4,\"name\":\"Komercjalizacja start-up\u00f3w medycznych\"}]},{\"@type\":\"WebSite\",\"@id\":\"https:\\\/\\\/formedis.pl\\\/mmc\\\/#website\",\"url\":\"https:\\\/\\\/formedis.pl\\\/mmc\\\/\",\"name\":\"Formedis Medical Management &amp; Consulting\",\"description\":\"\",\"potentialAction\":[{\"@type\":\"SearchAction\",\"target\":{\"@type\":\"EntryPoint\",\"urlTemplate\":\"https:\\\/\\\/formedis.pl\\\/mmc\\\/?s={search_term_string}\"},\"query-input\":{\"@type\":\"PropertyValueSpecification\",\"valueRequired\":true,\"valueName\":\"search_term_string\"}}],\"inLanguage\":\"pl-PL\"}]}<\/script>\n<!-- \/ Yoast SEO plugin. -->","yoast_head_json":{"title":"Komercjalizacja start-up\u00f3w medycznych - Formedis Medical Management &amp; Consulting","robots":{"index":"index","follow":"follow","max-snippet":"max-snippet:-1","max-image-preview":"max-image-preview:large","max-video-preview":"max-video-preview:-1"},"canonical":"https:\/\/formedis.pl\/mmc\/oferta\/komercjalizacja-startupow\/komercjalizacja-patentow\/","og_locale":"pl_PL","og_type":"article","og_title":"Komercjalizacja start-up\u00f3w medycznych - Formedis Medical Management &amp; Consulting","og_description":"FORMEDIS koncentruje r\u00f3wnie\u017c swoj\u0105 dzia\u0142alno\u015b\u0107 mi\u0119dzy innymi na transferze, tzn. komercyjnym wykorzystaniu technologii, powsta\u0142ych w wyniku dzia\u0142alno\u015bci badawczo-rozwojowej (R&amp;D), do gospodarki. W kontek\u015bcie wzrostu gospodarczego wykorzystanie [\u2026]","og_url":"https:\/\/formedis.pl\/mmc\/oferta\/komercjalizacja-startupow\/komercjalizacja-patentow\/","og_site_name":"Formedis Medical Management &amp; Consulting","article_modified_time":"2025-11-18T20:28:47+00:00","twitter_card":"summary_large_image","twitter_misc":{"Szacowany czas czytania":"3 minuty"},"schema":{"@context":"https:\/\/schema.org","@graph":[{"@type":"WebPage","@id":"https:\/\/formedis.pl\/mmc\/oferta\/komercjalizacja-startupow\/komercjalizacja-patentow\/","url":"https:\/\/formedis.pl\/mmc\/oferta\/komercjalizacja-startupow\/komercjalizacja-patentow\/","name":"Komercjalizacja start-up\u00f3w medycznych - Formedis Medical Management &amp; Consulting","isPartOf":{"@id":"https:\/\/formedis.pl\/mmc\/#website"},"datePublished":"2018-08-10T13:17:32+00:00","dateModified":"2025-11-18T20:28:47+00:00","breadcrumb":{"@id":"https:\/\/formedis.pl\/mmc\/oferta\/komercjalizacja-startupow\/komercjalizacja-patentow\/#breadcrumb"},"inLanguage":"pl-PL","potentialAction":[{"@type":"ReadAction","target":["https:\/\/formedis.pl\/mmc\/oferta\/komercjalizacja-startupow\/komercjalizacja-patentow\/"]}]},{"@type":"BreadcrumbList","@id":"https:\/\/formedis.pl\/mmc\/oferta\/komercjalizacja-startupow\/komercjalizacja-patentow\/#breadcrumb","itemListElement":[{"@type":"ListItem","position":1,"name":"Strona g\u0142\u00f3wna","item":"https:\/\/formedis.pl\/mmc\/"},{"@type":"ListItem","position":2,"name":"Oferta","item":"https:\/\/formedis.pl\/mmc\/oferta\/"},{"@type":"ListItem","position":3,"name":"Komercjalizacja start-up\u00f3w medycznych","item":"https:\/\/formedis.pl\/mmc\/oferta\/komercjalizacja-startupow\/"},{"@type":"ListItem","position":4,"name":"Komercjalizacja start-up\u00f3w medycznych"}]},{"@type":"WebSite","@id":"https:\/\/formedis.pl\/mmc\/#website","url":"https:\/\/formedis.pl\/mmc\/","name":"Formedis Medical Management &amp; Consulting","description":"","potentialAction":[{"@type":"SearchAction","target":{"@type":"EntryPoint","urlTemplate":"https:\/\/formedis.pl\/mmc\/?s={search_term_string}"},"query-input":{"@type":"PropertyValueSpecification","valueRequired":true,"valueName":"search_term_string"}}],"inLanguage":"pl-PL"}]}},"_links":{"self":[{"href":"https:\/\/formedis.pl\/mmc\/wp-json\/wp\/v2\/pages\/3064","targetHints":{"allow":["GET"]}}],"collection":[{"href":"https:\/\/formedis.pl\/mmc\/wp-json\/wp\/v2\/pages"}],"about":[{"href":"https:\/\/formedis.pl\/mmc\/wp-json\/wp\/v2\/types\/page"}],"author":[{"embeddable":true,"href":"https:\/\/formedis.pl\/mmc\/wp-json\/wp\/v2\/users\/1"}],"replies":[{"embeddable":true,"href":"https:\/\/formedis.pl\/mmc\/wp-json\/wp\/v2\/comments?post=3064"}],"version-history":[{"count":5,"href":"https:\/\/formedis.pl\/mmc\/wp-json\/wp\/v2\/pages\/3064\/revisions"}],"predecessor-version":[{"id":6978,"href":"https:\/\/formedis.pl\/mmc\/wp-json\/wp\/v2\/pages\/3064\/revisions\/6978"}],"up":[{"embeddable":true,"href":"https:\/\/formedis.pl\/mmc\/wp-json\/wp\/v2\/pages\/3062"}],"wp:featuredmedia":[{"embeddable":true,"href":"https:\/\/formedis.pl\/mmc\/wp-json\/"}],"wp:attachment":[{"href":"https:\/\/formedis.pl\/mmc\/wp-json\/wp\/v2\/media?parent=3064"}],"curies":[{"name":"wp","href":"https:\/\/api.w.org\/{rel}","templated":true}]}}