{"id":2235,"date":"2017-02-08T13:54:29","date_gmt":"2017-02-08T12:54:29","guid":{"rendered":"http:\/\/formedis.pl\/?page_id=2235"},"modified":"2026-02-01T20:55:42","modified_gmt":"2026-02-01T19:55:42","slug":"studium-oplacalnosci-inwestycji-prywatnej","status":"publish","type":"page","link":"https:\/\/formedis.pl\/mmc\/oferta\/doradztwo-placowkom-prywatnym\/studium-oplacalnosci-inwestycji-prywatnej\/","title":{"rendered":"Studium op\u0142acalno\u015bci inwestycji"},"content":{"rendered":"<p style=\"text-align: justify;\">Studium op\u0142acalno\u015bci inwestycji to dokument, kt\u00f3ry jest kompendium wiedzy na temat projektu, jego otoczenia i inwestora. Informacje zawarte w studium op\u0142acalno\u015bci, poza zbadaniem finansowej, technicznej i instytucjonalnej wykonalno\u015bci inwestycji, powinny umo\u017cliwi\u0107 tak\u017ce ocen\u0119 skutk\u00f3w inwestycji w kontek\u015bcie postawionych cel\u00f3w operacyjnych i inwestycyjnych.<\/p>\n<p style=\"text-align: justify;\">Studium op\u0142acalno\u015bci inwestycji mo\u017ce by\u0107 realizowane w celu:<\/p>\n<ul style=\"text-align: justify;\">\n<li>pozyskania przez Inwestora niezale\u017cnej (zewn\u0119trznej) opinii ekspert\u00f3w w zakresie rentowno\u015bci planowanej inwestycji i weryfikacji przyj\u0119tych prognoz finansowych, a co za tym idzie przyj\u0119tego okresu zwrotu z inwestycji,<\/li>\n<li>pozyskania przez Inwestora zewn\u0119trznego finansowania inwestycji \u2013 w takim przypadku studium op\u0142acalno\u015bci jest niezb\u0119dnym dokumentem, wymaganym przez instytucje finansuj\u0105c\u0105.<\/li>\n<\/ul>\n<p><strong>Sprawd\u017a tak\u017ce:<\/strong><\/p>\n<ul>\n<li><a href=\"https:\/\/formedis.pl\/mmc\/oferta\/doradztwo-placowkom-publicznym\/program-naprawczy-szpitala\/\">program naprawczy szpitala<\/a>,<\/li>\n<li><a href=\"https:\/\/formedis.pl\/mmc\/oferta\/doradztwo-placowkom-publicznym\/audyty-i-programy-naprawcze\/\">audyt szpitala<\/a>,<\/li>\n<li><a href=\"https:\/\/formedis.pl\/mmc\/oferta\/doradztwo-placowkom-prywatnym\/biznesplan-dzialalnosci-medycznej\/\">biznes plan plac\u00f3wki medycznej<\/a>,<\/li>\n<li><a href=\"https:\/\/formedis.pl\/mmc\/doradztwo-medyczne\/\">doradztwo medyczne<\/a>,<\/li>\n<li><a href=\"https:\/\/formedis.pl\/mmc\/oferta\/doradztwo-dla-samorzadow\/nadzor-nad-podmiotami-leczniczymi\/\">nadz\u00f3r nad dzia\u0142alno\u015bci\u0105 medyczn\u0105<\/a>,<\/li>\n<li><a href=\"https:\/\/formedis.pl\/mmc\/oferta\/doradztwo-inwestycyjne\/\">sprzeda\u017c sp\u00f3\u0142ki medycznej<\/a>,<\/li>\n<li><a href=\"https:\/\/formedis.pl\/mmc\/oferta\/doradztwo-placowkom-publicznym\/\">strategia rozwoju szpitala<\/a>,<\/li>\n<li><a href=\"https:\/\/formedis.pl\/mmc\/oferta\/doradztwo-placowkom-publicznym\/kontroling-2\/\">controlling szpitala<\/a>.<\/li>\n<\/ul>\n","protected":false},"excerpt":{"rendered":"<p>Studium op\u0142acalno\u015bci inwestycji to dokument, kt\u00f3ry jest kompendium wiedzy na temat projektu, jego otoczenia i inwestora. Informacje zawarte w studium op\u0142acalno\u015bci, poza zbadaniem finansowej, technicznej i<span class=\"excerpt-hellip\"> [\u2026]<\/span><\/p>\n","protected":false},"author":1,"featured_media":-1,"parent":2565,"menu_order":0,"comment_status":"closed","ping_status":"closed","template":"","meta":{"footnotes":""},"class_list":["post-2235","page","type-page","status-publish","has-post-thumbnail","hentry"],"yoast_head":"<!-- This site is optimized with the Yoast SEO plugin v27.4 - https:\/\/yoast.com\/product\/yoast-seo-wordpress\/ -->\n<title>Studium op\u0142acalno\u015bci inwestycji - Formedis Medical Management &amp; Consulting<\/title>\n<meta name=\"description\" content=\"Zam\u00f3w profesjonalne studium op\u0142acalno\u015bci inwestycji prywatnej. Ocena ryzyka, prognozy finansowe i analiza rentowno\u015bci od ekspert\u00f3w Formedis. Zainwestuj bezpiecznie!\" \/>\n<meta name=\"robots\" content=\"index, follow, max-snippet:-1, max-image-preview:large, max-video-preview:-1\" \/>\n<link rel=\"canonical\" href=\"https:\/\/formedis.pl\/mmc\/oferta\/doradztwo-placowkom-prywatnym\/studium-oplacalnosci-inwestycji-prywatnej\/\" \/>\n<meta property=\"og:locale\" content=\"pl_PL\" \/>\n<meta property=\"og:type\" content=\"article\" \/>\n<meta property=\"og:title\" content=\"Studium op\u0142acalno\u015bci inwestycji - Formedis Medical Management &amp; Consulting\" \/>\n<meta property=\"og:description\" content=\"Zam\u00f3w profesjonalne studium op\u0142acalno\u015bci inwestycji prywatnej. Ocena ryzyka, prognozy finansowe i analiza rentowno\u015bci od ekspert\u00f3w Formedis. Zainwestuj bezpiecznie!\" \/>\n<meta property=\"og:url\" content=\"https:\/\/formedis.pl\/mmc\/oferta\/doradztwo-placowkom-prywatnym\/studium-oplacalnosci-inwestycji-prywatnej\/\" \/>\n<meta property=\"og:site_name\" content=\"Formedis Medical Management &amp; Consulting\" \/>\n<meta property=\"article:modified_time\" content=\"2026-02-01T19:55:42+00:00\" \/>\n<meta name=\"twitter:card\" content=\"summary_large_image\" \/>\n<meta name=\"twitter:label1\" content=\"Szacowany czas czytania\" \/>\n\t<meta name=\"twitter:data1\" content=\"1 minuta\" \/>\n<script type=\"application\/ld+json\" class=\"yoast-schema-graph\">{\"@context\":\"https:\\\/\\\/schema.org\",\"@graph\":[{\"@type\":\"WebPage\",\"@id\":\"https:\\\/\\\/formedis.pl\\\/mmc\\\/oferta\\\/doradztwo-placowkom-prywatnym\\\/studium-oplacalnosci-inwestycji-prywatnej\\\/\",\"url\":\"https:\\\/\\\/formedis.pl\\\/mmc\\\/oferta\\\/doradztwo-placowkom-prywatnym\\\/studium-oplacalnosci-inwestycji-prywatnej\\\/\",\"name\":\"Studium op\u0142acalno\u015bci inwestycji - Formedis Medical Management &amp; Consulting\",\"isPartOf\":{\"@id\":\"https:\\\/\\\/formedis.pl\\\/mmc\\\/#website\"},\"datePublished\":\"2017-02-08T12:54:29+00:00\",\"dateModified\":\"2026-02-01T19:55:42+00:00\",\"description\":\"Zam\u00f3w profesjonalne studium op\u0142acalno\u015bci inwestycji prywatnej. Ocena ryzyka, prognozy finansowe i analiza rentowno\u015bci od ekspert\u00f3w Formedis. Zainwestuj bezpiecznie!\",\"breadcrumb\":{\"@id\":\"https:\\\/\\\/formedis.pl\\\/mmc\\\/oferta\\\/doradztwo-placowkom-prywatnym\\\/studium-oplacalnosci-inwestycji-prywatnej\\\/#breadcrumb\"},\"inLanguage\":\"pl-PL\",\"potentialAction\":[{\"@type\":\"ReadAction\",\"target\":[\"https:\\\/\\\/formedis.pl\\\/mmc\\\/oferta\\\/doradztwo-placowkom-prywatnym\\\/studium-oplacalnosci-inwestycji-prywatnej\\\/\"]}]},{\"@type\":\"BreadcrumbList\",\"@id\":\"https:\\\/\\\/formedis.pl\\\/mmc\\\/oferta\\\/doradztwo-placowkom-prywatnym\\\/studium-oplacalnosci-inwestycji-prywatnej\\\/#breadcrumb\",\"itemListElement\":[{\"@type\":\"ListItem\",\"position\":1,\"name\":\"Strona g\u0142\u00f3wna\",\"item\":\"https:\\\/\\\/formedis.pl\\\/mmc\\\/\"},{\"@type\":\"ListItem\",\"position\":2,\"name\":\"Oferta\",\"item\":\"https:\\\/\\\/formedis.pl\\\/mmc\\\/oferta\\\/\"},{\"@type\":\"ListItem\",\"position\":3,\"name\":\"Doradztwo podmiotom prywatnym\",\"item\":\"https:\\\/\\\/formedis.pl\\\/mmc\\\/oferta\\\/doradztwo-placowkom-prywatnym\\\/\"},{\"@type\":\"ListItem\",\"position\":4,\"name\":\"Studium op\u0142acalno\u015bci inwestycji\"}]},{\"@type\":\"WebSite\",\"@id\":\"https:\\\/\\\/formedis.pl\\\/mmc\\\/#website\",\"url\":\"https:\\\/\\\/formedis.pl\\\/mmc\\\/\",\"name\":\"Formedis Medical Management &amp; Consulting\",\"description\":\"\",\"potentialAction\":[{\"@type\":\"SearchAction\",\"target\":{\"@type\":\"EntryPoint\",\"urlTemplate\":\"https:\\\/\\\/formedis.pl\\\/mmc\\\/?s={search_term_string}\"},\"query-input\":{\"@type\":\"PropertyValueSpecification\",\"valueRequired\":true,\"valueName\":\"search_term_string\"}}],\"inLanguage\":\"pl-PL\"}]}<\/script>\n<!-- \/ Yoast SEO plugin. -->","yoast_head_json":{"title":"Studium op\u0142acalno\u015bci inwestycji - Formedis Medical Management &amp; Consulting","description":"Zam\u00f3w profesjonalne studium op\u0142acalno\u015bci inwestycji prywatnej. Ocena ryzyka, prognozy finansowe i analiza rentowno\u015bci od ekspert\u00f3w Formedis. Zainwestuj bezpiecznie!","robots":{"index":"index","follow":"follow","max-snippet":"max-snippet:-1","max-image-preview":"max-image-preview:large","max-video-preview":"max-video-preview:-1"},"canonical":"https:\/\/formedis.pl\/mmc\/oferta\/doradztwo-placowkom-prywatnym\/studium-oplacalnosci-inwestycji-prywatnej\/","og_locale":"pl_PL","og_type":"article","og_title":"Studium op\u0142acalno\u015bci inwestycji - Formedis Medical Management &amp; Consulting","og_description":"Zam\u00f3w profesjonalne studium op\u0142acalno\u015bci inwestycji prywatnej. Ocena ryzyka, prognozy finansowe i analiza rentowno\u015bci od ekspert\u00f3w Formedis. Zainwestuj bezpiecznie!","og_url":"https:\/\/formedis.pl\/mmc\/oferta\/doradztwo-placowkom-prywatnym\/studium-oplacalnosci-inwestycji-prywatnej\/","og_site_name":"Formedis Medical Management &amp; Consulting","article_modified_time":"2026-02-01T19:55:42+00:00","twitter_card":"summary_large_image","twitter_misc":{"Szacowany czas czytania":"1 minuta"},"schema":{"@context":"https:\/\/schema.org","@graph":[{"@type":"WebPage","@id":"https:\/\/formedis.pl\/mmc\/oferta\/doradztwo-placowkom-prywatnym\/studium-oplacalnosci-inwestycji-prywatnej\/","url":"https:\/\/formedis.pl\/mmc\/oferta\/doradztwo-placowkom-prywatnym\/studium-oplacalnosci-inwestycji-prywatnej\/","name":"Studium op\u0142acalno\u015bci inwestycji - Formedis Medical Management &amp; Consulting","isPartOf":{"@id":"https:\/\/formedis.pl\/mmc\/#website"},"datePublished":"2017-02-08T12:54:29+00:00","dateModified":"2026-02-01T19:55:42+00:00","description":"Zam\u00f3w profesjonalne studium op\u0142acalno\u015bci inwestycji prywatnej. Ocena ryzyka, prognozy finansowe i analiza rentowno\u015bci od ekspert\u00f3w Formedis. Zainwestuj bezpiecznie!","breadcrumb":{"@id":"https:\/\/formedis.pl\/mmc\/oferta\/doradztwo-placowkom-prywatnym\/studium-oplacalnosci-inwestycji-prywatnej\/#breadcrumb"},"inLanguage":"pl-PL","potentialAction":[{"@type":"ReadAction","target":["https:\/\/formedis.pl\/mmc\/oferta\/doradztwo-placowkom-prywatnym\/studium-oplacalnosci-inwestycji-prywatnej\/"]}]},{"@type":"BreadcrumbList","@id":"https:\/\/formedis.pl\/mmc\/oferta\/doradztwo-placowkom-prywatnym\/studium-oplacalnosci-inwestycji-prywatnej\/#breadcrumb","itemListElement":[{"@type":"ListItem","position":1,"name":"Strona g\u0142\u00f3wna","item":"https:\/\/formedis.pl\/mmc\/"},{"@type":"ListItem","position":2,"name":"Oferta","item":"https:\/\/formedis.pl\/mmc\/oferta\/"},{"@type":"ListItem","position":3,"name":"Doradztwo podmiotom prywatnym","item":"https:\/\/formedis.pl\/mmc\/oferta\/doradztwo-placowkom-prywatnym\/"},{"@type":"ListItem","position":4,"name":"Studium op\u0142acalno\u015bci inwestycji"}]},{"@type":"WebSite","@id":"https:\/\/formedis.pl\/mmc\/#website","url":"https:\/\/formedis.pl\/mmc\/","name":"Formedis Medical Management &amp; Consulting","description":"","potentialAction":[{"@type":"SearchAction","target":{"@type":"EntryPoint","urlTemplate":"https:\/\/formedis.pl\/mmc\/?s={search_term_string}"},"query-input":{"@type":"PropertyValueSpecification","valueRequired":true,"valueName":"search_term_string"}}],"inLanguage":"pl-PL"}]}},"_links":{"self":[{"href":"https:\/\/formedis.pl\/mmc\/wp-json\/wp\/v2\/pages\/2235","targetHints":{"allow":["GET"]}}],"collection":[{"href":"https:\/\/formedis.pl\/mmc\/wp-json\/wp\/v2\/pages"}],"about":[{"href":"https:\/\/formedis.pl\/mmc\/wp-json\/wp\/v2\/types\/page"}],"author":[{"embeddable":true,"href":"https:\/\/formedis.pl\/mmc\/wp-json\/wp\/v2\/users\/1"}],"replies":[{"embeddable":true,"href":"https:\/\/formedis.pl\/mmc\/wp-json\/wp\/v2\/comments?post=2235"}],"version-history":[{"count":5,"href":"https:\/\/formedis.pl\/mmc\/wp-json\/wp\/v2\/pages\/2235\/revisions"}],"predecessor-version":[{"id":6971,"href":"https:\/\/formedis.pl\/mmc\/wp-json\/wp\/v2\/pages\/2235\/revisions\/6971"}],"up":[{"embeddable":true,"href":"https:\/\/formedis.pl\/mmc\/wp-json\/wp\/v2\/pages\/2565"}],"wp:featuredmedia":[{"embeddable":true,"href":"https:\/\/formedis.pl\/mmc\/wp-json\/"}],"wp:attachment":[{"href":"https:\/\/formedis.pl\/mmc\/wp-json\/wp\/v2\/media?parent=2235"}],"curies":[{"name":"wp","href":"https:\/\/api.w.org\/{rel}","templated":true}]}}