{"id":2231,"date":"2017-02-08T13:47:14","date_gmt":"2017-02-08T12:47:14","guid":{"rendered":"http:\/\/formedis.pl\/?page_id=2231"},"modified":"2026-02-01T20:54:24","modified_gmt":"2026-02-01T19:54:24","slug":"doradztwo-strategiczne","status":"publish","type":"page","link":"https:\/\/formedis.pl\/mmc\/oferta\/doradztwo-placowkom-prywatnym\/doradztwo-strategiczne\/","title":{"rendered":"Doradztwo strategiczne"},"content":{"rendered":"<p style=\"text-align: justify;\">W ramach us\u0142ugi doradztwa strategicznego oferujemy bie\u017c\u0105ce konsultacje eksperckie dedykowanego mened\u017cera ochrony zdrowia. W zale\u017cno\u015bci od wybranej formy wsp\u00f3\u0142pracy zapewnimy regularn\u0105 obecno\u015b\u0107 w plac\u00f3wce medycznej lub doradztwo w trybie zdalnym.<\/p>\n<p style=\"text-align: justify;\">W ramach obs\u0142ugi Pa\u0144stwa plac\u00f3wki medycznej nasi eksperci s\u0105 odpowiedzialni za optymalizacj\u0119 proces\u00f3w biznesowych oraz wsparcie bie\u017c\u0105cego procesu zarz\u0105dzania.<\/p>\n<p><strong>Sprawd\u017a tak\u017ce:<\/strong><\/p>\n<ul>\n<li><a href=\"https:\/\/formedis.pl\/mmc\/oferta\/doradztwo-placowkom-publicznym\/program-naprawczy-szpitala\/\">program naprawczy szpitala<\/a>,<\/li>\n<li><a href=\"https:\/\/formedis.pl\/mmc\/oferta\/doradztwo-placowkom-publicznym\/audyty-i-programy-naprawcze\/\">audyt szpitala<\/a>,<\/li>\n<li><a href=\"https:\/\/formedis.pl\/mmc\/oferta\/doradztwo-placowkom-prywatnym\/biznesplan-dzialalnosci-medycznej\/\">biznes plan plac\u00f3wki medycznej<\/a>,<\/li>\n<li><a href=\"https:\/\/formedis.pl\/mmc\/doradztwo-medyczne\/\">doradztwo medyczne<\/a>,<\/li>\n<li><a href=\"https:\/\/formedis.pl\/mmc\/oferta\/doradztwo-dla-samorzadow\/nadzor-nad-podmiotami-leczniczymi\/\">nadz\u00f3r nad dzia\u0142alno\u015bci\u0105 medyczn\u0105<\/a>,<\/li>\n<li><a href=\"https:\/\/formedis.pl\/mmc\/oferta\/doradztwo-inwestycyjne\/\">sprzeda\u017c sp\u00f3\u0142ki medycznej<\/a>,<\/li>\n<li><a href=\"https:\/\/formedis.pl\/mmc\/oferta\/doradztwo-placowkom-publicznym\/\">strategia rozwoju szpitala<\/a>,<\/li>\n<li><a href=\"https:\/\/formedis.pl\/mmc\/oferta\/doradztwo-placowkom-publicznym\/kontroling-2\/\">controlling szpitala<\/a>.<\/li>\n<\/ul>\n","protected":false},"excerpt":{"rendered":"<p>W ramach us\u0142ugi doradztwa strategicznego oferujemy bie\u017c\u0105ce konsultacje eksperckie dedykowanego mened\u017cera ochrony zdrowia. W zale\u017cno\u015bci od wybranej formy wsp\u00f3\u0142pracy zapewnimy regularn\u0105 obecno\u015b\u0107 w plac\u00f3wce medycznej lub<span class=\"excerpt-hellip\"> [\u2026]<\/span><\/p>\n","protected":false},"author":1,"featured_media":-1,"parent":2565,"menu_order":0,"comment_status":"closed","ping_status":"closed","template":"","meta":{"footnotes":""},"class_list":["post-2231","page","type-page","status-publish","has-post-thumbnail","hentry"],"yoast_head":"<!-- This site is optimized with the Yoast SEO plugin v27.4 - https:\/\/yoast.com\/product\/yoast-seo-wordpress\/ -->\n<title>Doradztwo strategiczne - Formedis Medical Management &amp; Consulting<\/title>\n<meta name=\"description\" content=\"Doradztwo strategiczne Formedis pomo\u017ce Ci zbudowa\u0107 trwa\u0142\u0105 przewag\u0119 konkurencyjn\u0105 i zwi\u0119kszy\u0107 warto\u015b\u0107 Twojego biznesu medycznego. Sprawd\u017a nasze rozwi\u0105zania!\" \/>\n<meta name=\"robots\" content=\"index, follow, max-snippet:-1, max-image-preview:large, max-video-preview:-1\" \/>\n<link rel=\"canonical\" href=\"https:\/\/formedis.pl\/mmc\/oferta\/doradztwo-placowkom-prywatnym\/doradztwo-strategiczne\/\" \/>\n<meta property=\"og:locale\" content=\"pl_PL\" \/>\n<meta property=\"og:type\" content=\"article\" \/>\n<meta property=\"og:title\" content=\"Doradztwo strategiczne - Formedis Medical Management &amp; Consulting\" \/>\n<meta property=\"og:description\" content=\"Doradztwo strategiczne Formedis pomo\u017ce Ci zbudowa\u0107 trwa\u0142\u0105 przewag\u0119 konkurencyjn\u0105 i zwi\u0119kszy\u0107 warto\u015b\u0107 Twojego biznesu medycznego. Sprawd\u017a nasze rozwi\u0105zania!\" \/>\n<meta property=\"og:url\" content=\"https:\/\/formedis.pl\/mmc\/oferta\/doradztwo-placowkom-prywatnym\/doradztwo-strategiczne\/\" \/>\n<meta property=\"og:site_name\" content=\"Formedis Medical Management &amp; Consulting\" \/>\n<meta property=\"article:modified_time\" content=\"2026-02-01T19:54:24+00:00\" \/>\n<meta name=\"twitter:card\" content=\"summary_large_image\" \/>\n<meta name=\"twitter:label1\" content=\"Szacowany czas czytania\" \/>\n\t<meta name=\"twitter:data1\" content=\"1 minuta\" \/>\n<script type=\"application\/ld+json\" class=\"yoast-schema-graph\">{\"@context\":\"https:\\\/\\\/schema.org\",\"@graph\":[{\"@type\":\"WebPage\",\"@id\":\"https:\\\/\\\/formedis.pl\\\/mmc\\\/oferta\\\/doradztwo-placowkom-prywatnym\\\/doradztwo-strategiczne\\\/\",\"url\":\"https:\\\/\\\/formedis.pl\\\/mmc\\\/oferta\\\/doradztwo-placowkom-prywatnym\\\/doradztwo-strategiczne\\\/\",\"name\":\"Doradztwo strategiczne - Formedis Medical Management &amp; Consulting\",\"isPartOf\":{\"@id\":\"https:\\\/\\\/formedis.pl\\\/mmc\\\/#website\"},\"datePublished\":\"2017-02-08T12:47:14+00:00\",\"dateModified\":\"2026-02-01T19:54:24+00:00\",\"description\":\"Doradztwo strategiczne Formedis pomo\u017ce Ci zbudowa\u0107 trwa\u0142\u0105 przewag\u0119 konkurencyjn\u0105 i zwi\u0119kszy\u0107 warto\u015b\u0107 Twojego biznesu medycznego. Sprawd\u017a nasze rozwi\u0105zania!\",\"breadcrumb\":{\"@id\":\"https:\\\/\\\/formedis.pl\\\/mmc\\\/oferta\\\/doradztwo-placowkom-prywatnym\\\/doradztwo-strategiczne\\\/#breadcrumb\"},\"inLanguage\":\"pl-PL\",\"potentialAction\":[{\"@type\":\"ReadAction\",\"target\":[\"https:\\\/\\\/formedis.pl\\\/mmc\\\/oferta\\\/doradztwo-placowkom-prywatnym\\\/doradztwo-strategiczne\\\/\"]}]},{\"@type\":\"BreadcrumbList\",\"@id\":\"https:\\\/\\\/formedis.pl\\\/mmc\\\/oferta\\\/doradztwo-placowkom-prywatnym\\\/doradztwo-strategiczne\\\/#breadcrumb\",\"itemListElement\":[{\"@type\":\"ListItem\",\"position\":1,\"name\":\"Strona g\u0142\u00f3wna\",\"item\":\"https:\\\/\\\/formedis.pl\\\/mmc\\\/\"},{\"@type\":\"ListItem\",\"position\":2,\"name\":\"Oferta\",\"item\":\"https:\\\/\\\/formedis.pl\\\/mmc\\\/oferta\\\/\"},{\"@type\":\"ListItem\",\"position\":3,\"name\":\"Doradztwo podmiotom prywatnym\",\"item\":\"https:\\\/\\\/formedis.pl\\\/mmc\\\/oferta\\\/doradztwo-placowkom-prywatnym\\\/\"},{\"@type\":\"ListItem\",\"position\":4,\"name\":\"Doradztwo strategiczne\"}]},{\"@type\":\"WebSite\",\"@id\":\"https:\\\/\\\/formedis.pl\\\/mmc\\\/#website\",\"url\":\"https:\\\/\\\/formedis.pl\\\/mmc\\\/\",\"name\":\"Formedis Medical Management &amp; Consulting\",\"description\":\"\",\"potentialAction\":[{\"@type\":\"SearchAction\",\"target\":{\"@type\":\"EntryPoint\",\"urlTemplate\":\"https:\\\/\\\/formedis.pl\\\/mmc\\\/?s={search_term_string}\"},\"query-input\":{\"@type\":\"PropertyValueSpecification\",\"valueRequired\":true,\"valueName\":\"search_term_string\"}}],\"inLanguage\":\"pl-PL\"}]}<\/script>\n<!-- \/ Yoast SEO plugin. -->","yoast_head_json":{"title":"Doradztwo strategiczne - Formedis Medical Management &amp; Consulting","description":"Doradztwo strategiczne Formedis pomo\u017ce Ci zbudowa\u0107 trwa\u0142\u0105 przewag\u0119 konkurencyjn\u0105 i zwi\u0119kszy\u0107 warto\u015b\u0107 Twojego biznesu medycznego. Sprawd\u017a nasze rozwi\u0105zania!","robots":{"index":"index","follow":"follow","max-snippet":"max-snippet:-1","max-image-preview":"max-image-preview:large","max-video-preview":"max-video-preview:-1"},"canonical":"https:\/\/formedis.pl\/mmc\/oferta\/doradztwo-placowkom-prywatnym\/doradztwo-strategiczne\/","og_locale":"pl_PL","og_type":"article","og_title":"Doradztwo strategiczne - Formedis Medical Management &amp; Consulting","og_description":"Doradztwo strategiczne Formedis pomo\u017ce Ci zbudowa\u0107 trwa\u0142\u0105 przewag\u0119 konkurencyjn\u0105 i zwi\u0119kszy\u0107 warto\u015b\u0107 Twojego biznesu medycznego. Sprawd\u017a nasze rozwi\u0105zania!","og_url":"https:\/\/formedis.pl\/mmc\/oferta\/doradztwo-placowkom-prywatnym\/doradztwo-strategiczne\/","og_site_name":"Formedis Medical Management &amp; Consulting","article_modified_time":"2026-02-01T19:54:24+00:00","twitter_card":"summary_large_image","twitter_misc":{"Szacowany czas czytania":"1 minuta"},"schema":{"@context":"https:\/\/schema.org","@graph":[{"@type":"WebPage","@id":"https:\/\/formedis.pl\/mmc\/oferta\/doradztwo-placowkom-prywatnym\/doradztwo-strategiczne\/","url":"https:\/\/formedis.pl\/mmc\/oferta\/doradztwo-placowkom-prywatnym\/doradztwo-strategiczne\/","name":"Doradztwo strategiczne - Formedis Medical Management &amp; Consulting","isPartOf":{"@id":"https:\/\/formedis.pl\/mmc\/#website"},"datePublished":"2017-02-08T12:47:14+00:00","dateModified":"2026-02-01T19:54:24+00:00","description":"Doradztwo strategiczne Formedis pomo\u017ce Ci zbudowa\u0107 trwa\u0142\u0105 przewag\u0119 konkurencyjn\u0105 i zwi\u0119kszy\u0107 warto\u015b\u0107 Twojego biznesu medycznego. Sprawd\u017a nasze rozwi\u0105zania!","breadcrumb":{"@id":"https:\/\/formedis.pl\/mmc\/oferta\/doradztwo-placowkom-prywatnym\/doradztwo-strategiczne\/#breadcrumb"},"inLanguage":"pl-PL","potentialAction":[{"@type":"ReadAction","target":["https:\/\/formedis.pl\/mmc\/oferta\/doradztwo-placowkom-prywatnym\/doradztwo-strategiczne\/"]}]},{"@type":"BreadcrumbList","@id":"https:\/\/formedis.pl\/mmc\/oferta\/doradztwo-placowkom-prywatnym\/doradztwo-strategiczne\/#breadcrumb","itemListElement":[{"@type":"ListItem","position":1,"name":"Strona g\u0142\u00f3wna","item":"https:\/\/formedis.pl\/mmc\/"},{"@type":"ListItem","position":2,"name":"Oferta","item":"https:\/\/formedis.pl\/mmc\/oferta\/"},{"@type":"ListItem","position":3,"name":"Doradztwo podmiotom prywatnym","item":"https:\/\/formedis.pl\/mmc\/oferta\/doradztwo-placowkom-prywatnym\/"},{"@type":"ListItem","position":4,"name":"Doradztwo strategiczne"}]},{"@type":"WebSite","@id":"https:\/\/formedis.pl\/mmc\/#website","url":"https:\/\/formedis.pl\/mmc\/","name":"Formedis Medical Management &amp; Consulting","description":"","potentialAction":[{"@type":"SearchAction","target":{"@type":"EntryPoint","urlTemplate":"https:\/\/formedis.pl\/mmc\/?s={search_term_string}"},"query-input":{"@type":"PropertyValueSpecification","valueRequired":true,"valueName":"search_term_string"}}],"inLanguage":"pl-PL"}]}},"_links":{"self":[{"href":"https:\/\/formedis.pl\/mmc\/wp-json\/wp\/v2\/pages\/2231","targetHints":{"allow":["GET"]}}],"collection":[{"href":"https:\/\/formedis.pl\/mmc\/wp-json\/wp\/v2\/pages"}],"about":[{"href":"https:\/\/formedis.pl\/mmc\/wp-json\/wp\/v2\/types\/page"}],"author":[{"embeddable":true,"href":"https:\/\/formedis.pl\/mmc\/wp-json\/wp\/v2\/users\/1"}],"replies":[{"embeddable":true,"href":"https:\/\/formedis.pl\/mmc\/wp-json\/wp\/v2\/comments?post=2231"}],"version-history":[{"count":6,"href":"https:\/\/formedis.pl\/mmc\/wp-json\/wp\/v2\/pages\/2231\/revisions"}],"predecessor-version":[{"id":6974,"href":"https:\/\/formedis.pl\/mmc\/wp-json\/wp\/v2\/pages\/2231\/revisions\/6974"}],"up":[{"embeddable":true,"href":"https:\/\/formedis.pl\/mmc\/wp-json\/wp\/v2\/pages\/2565"}],"wp:featuredmedia":[{"embeddable":true,"href":"https:\/\/formedis.pl\/mmc\/wp-json\/"}],"wp:attachment":[{"href":"https:\/\/formedis.pl\/mmc\/wp-json\/wp\/v2\/media?parent=2231"}],"curies":[{"name":"wp","href":"https:\/\/api.w.org\/{rel}","templated":true}]}}