{"id":2226,"date":"2017-02-08T13:27:27","date_gmt":"2017-02-08T12:27:27","guid":{"rendered":"http:\/\/formedis.pl\/?page_id=2226"},"modified":"2026-02-01T20:53:24","modified_gmt":"2026-02-01T19:53:24","slug":"audyt-sytuacji-wyjsciowej","status":"publish","type":"page","link":"https:\/\/formedis.pl\/mmc\/oferta\/doradztwo-placowkom-publicznym\/audyt-sytuacji-wyjsciowej\/","title":{"rendered":"Audyt sytuacji wyj\u015bciowej"},"content":{"rendered":"<p>Prace audytorskie obejmuj\u0105 swoim zakresem szeroki zakres dzia\u0142alno\u015bci plac\u00f3wki medycznej a ich efektem ma by\u0107 stworzenie podstaw do podj\u0119cia przysz\u0142ych strategicznych decyzji.<\/p>\n<p><span style=\"text-decoration: underline;\">Audyt podmiotu leczniczego swoim zakresem obejmowa\u0107 mo\u017ce nast\u0119puj\u0105ce obszary analiz:<\/span><\/p>\n<ul>\n<li style=\"text-align: justify;\"><strong>rynkowa<\/strong> \u2013 jej celem jest okre\u015blenie pozycji rynkowej poprzez analiz\u0119: konkurencji, wykonywanych \u015bwiadcze\u0144 medycznych, wska\u017anik\u00f3w demograficznych i epidemiologicznych, otoczenia dalszego i bli\u017cszego , mocnych i s\u0142abych stron, pojawiaj\u0105cych si\u0119 szans i zagro\u017ce\u0144 (SWOT), perspektyw rozwoju;<\/li>\n<li style=\"text-align: justify;\"><strong>finansowa<\/strong> \u2013 dotyczy szczeg\u00f3\u0142owych analiz przychod\u00f3w i koszt\u00f3w (og\u00f3lnych oraz w podziale na jednostki i kom\u00f3rki organizacyjne). Analizie poddawane s\u0105 koszty bezpo\u015brednie, po\u015brednie, sta\u0142e i zmienne. Celem analizy jest ustalenie poprawno\u015bci proces\u00f3w ekonomicznych, kt\u00f3re zachodz\u0105 wewn\u0105trz plac\u00f3wki medycznej (m.in. poziomu rentowno\u015bci poszczeg\u00f3lnych kom\u00f3rek organizacyjnych podmiotu leczniczego, p\u0142ynno\u015bci finansowej, zad\u0142u\u017cenia, struktury finansowania maj\u0105tku, efektywno\u015bci dzia\u0142a\u0144 biznesowych) oraz ich por\u00f3wnanie do warto\u015bci rynkowych (benchmarkowych) osi\u0105ganych przez inne podmioty lecznicze;<\/li>\n<li style=\"text-align: justify;\"><strong>prawna<\/strong> \u2013 skupia si\u0119 na szczeg\u00f3\u0142owej analizie dokument\u00f3w, kt\u00f3rych prawid\u0142owo\u015b\u0107 jest podstaw\u0105 dla w\u0142a\u015bciwego \u2013 zgodnego z obowi\u0105zuj\u0105cymi przepisami prawa \u2013 funkcjonowania podmiotu leczniczego. Uwzgl\u0119dnia przesz\u0142y i aktualny status prawny podmiotu;<\/li>\n<li style=\"text-align: justify;\"><strong>infrastrukturalna<\/strong> \u2013 pozwala ustali\u0107 zgodno\u015b\u0107 posiadanej infrastruktury (budynki i pomieszczenia, w kt\u00f3rych podmiot prowadzi dzia\u0142alno\u015b\u0107 lecznicz\u0105, sprz\u0119t i aparatura medyczna, infrastruktura IT) z wymaganiami okre\u015blonymi przepisami prawa oraz jej jako\u015b\u0107 oraz stopie\u0144 zu\u017cycia technicznego i technologicznego.. W przypadku budynk\u00f3w i pomieszcze\u0144 ocenie podlega przede wszystkim ich dostosowanie do wymaga\u0144 okre\u015blonych rozporz\u0105dzeniem Ministra Zdrowia w sprawie szczeg\u00f3\u0142owych wymaga\u0144, jakim powinny odpowiada\u0107 pomieszczenia i urz\u0105dzenia podmiotu wykonuj\u0105cego dzia\u0142alno\u015b\u0107 lecznicz\u0105.<\/li>\n<li style=\"text-align: justify;\"><strong>organizacyjna<\/strong> \u2013 weryfikacja struktur organizacyjnych oraz stopnia ich efektywno\u015bci. Polega r\u00f3wnie\u017c na ustaleniu poprawno\u015bci dzia\u0142a\u0144 poszczeg\u00f3lnych kom\u00f3rek organizacyjnych, hierarchii, zale\u017cno\u015bci, zdolno\u015bci i trafno\u015bci podejmowania decyzji;<\/li>\n<li style=\"text-align: justify;\"><strong>kadrowa<\/strong> \u2013 analiza zatrudnienia pod wzgl\u0119dem stopnia spe\u0142niania wymaga\u0144 okre\u015blonych przepisami prawa, zabezpieczenia udzielania \u015bwiadcze\u0144 medycznych, ewentualnych przerost\u00f3w zatrudnienia oraz struktury (wykszta\u0142cenia, kompetencji, umiej\u0119tno\u015bci, wieku, systemu wynagrodze\u0144 oraz sposobu organizacji pracy);<\/li>\n<li style=\"text-align: justify;\"><strong>inwestycyjna<\/strong> \u2013 maj\u0105ca na celu oszacowanie niezb\u0119dnych nak\u0142ad\u00f3w inwestycyjnych:<\/li>\n<li style=\"text-align: justify;\"><strong>dostosowawczych<\/strong> \u2013 wynikaj\u0105cych z wymaga\u0144 okre\u015blonych przepisami prawa,<\/li>\n<li style=\"text-align: justify;\"><strong>odtworzeniowych<\/strong> \u2013 wynikaj\u0105cych z technicznego i technologicznego zu\u017cycia infrastruktury,<\/li>\n<li style=\"text-align: justify;\"><strong>rozwojowych<\/strong> \u2013 wynikaj\u0105cych z plan\u00f3w rozwojowych podmiotu leczniczego w zakresie budynk\u00f3w i pomieszcze\u0144, sprz\u0119tu i aparatury medycznej, infrastruktury IT.<\/li>\n<\/ul>\n<p>&nbsp;<\/p>\n<p><strong>Sprawd\u017a tak\u017ce:<\/strong><\/p>\n<ul>\n<li><a href=\"https:\/\/formedis.pl\/mmc\/oferta\/doradztwo-placowkom-publicznym\/program-naprawczy-szpitala\/\">program naprawczy szpitala<\/a>,<\/li>\n<li><a href=\"https:\/\/formedis.pl\/mmc\/oferta\/doradztwo-placowkom-publicznym\/audyty-i-programy-naprawcze\/\">audyt szpitala<\/a>,<\/li>\n<li><a href=\"https:\/\/formedis.pl\/mmc\/oferta\/doradztwo-placowkom-prywatnym\/biznesplan-dzialalnosci-medycznej\/\">biznes plan plac\u00f3wki medycznej<\/a>,<\/li>\n<li><a href=\"https:\/\/formedis.pl\/mmc\/doradztwo-medyczne\/\">doradztwo medyczne<\/a>,<\/li>\n<li><a href=\"https:\/\/formedis.pl\/mmc\/oferta\/doradztwo-dla-samorzadow\/nadzor-nad-podmiotami-leczniczymi\/\">nadz\u00f3r nad dzia\u0142alno\u015bci\u0105 medyczn\u0105<\/a>,<\/li>\n<li><a href=\"https:\/\/formedis.pl\/mmc\/oferta\/doradztwo-inwestycyjne\/\">sprzeda\u017c sp\u00f3\u0142ki medycznej<\/a>,<\/li>\n<li><a href=\"https:\/\/formedis.pl\/mmc\/oferta\/doradztwo-placowkom-publicznym\/\">strategia rozwoju szpitala<\/a>,<\/li>\n<li><a href=\"https:\/\/formedis.pl\/mmc\/oferta\/doradztwo-placowkom-publicznym\/kontroling-2\/\">controlling szpitala<\/a>.<\/li>\n<\/ul>\n","protected":false},"excerpt":{"rendered":"<p>Prace audytorskie obejmuj\u0105 swoim zakresem szeroki zakres dzia\u0142alno\u015bci plac\u00f3wki medycznej a ich efektem ma by\u0107 stworzenie podstaw do podj\u0119cia przysz\u0142ych strategicznych decyzji. Audyt podmiotu leczniczego swoim<span class=\"excerpt-hellip\"> [\u2026]<\/span><\/p>\n","protected":false},"author":1,"featured_media":-1,"parent":2563,"menu_order":0,"comment_status":"closed","ping_status":"closed","template":"","meta":{"footnotes":""},"class_list":["post-2226","page","type-page","status-publish","has-post-thumbnail","hentry"],"yoast_head":"<!-- This site is optimized with the Yoast SEO plugin v27.4 - https:\/\/yoast.com\/product\/yoast-seo-wordpress\/ -->\n<title>Audyt sytuacji wyj\u015bciowej - Formedis Medical Management &amp; Consulting<\/title>\n<meta name=\"description\" content=\"Poznaj obiektywn\u0105 ocen\u0119 kondycji finansowej i operacyjnej Twojego szpitala. Zidentyfikuj problemy i stw\u00f3rz solidny fundament pod strategi\u0119 rozwoju z Formedis.\" \/>\n<meta name=\"robots\" content=\"index, follow, max-snippet:-1, max-image-preview:large, max-video-preview:-1\" \/>\n<link rel=\"canonical\" href=\"https:\/\/formedis.pl\/mmc\/oferta\/doradztwo-placowkom-publicznym\/audyt-sytuacji-wyjsciowej\/\" \/>\n<meta property=\"og:locale\" content=\"pl_PL\" \/>\n<meta property=\"og:type\" content=\"article\" \/>\n<meta property=\"og:title\" content=\"Audyt sytuacji wyj\u015bciowej - Formedis Medical Management &amp; Consulting\" \/>\n<meta property=\"og:description\" content=\"Poznaj obiektywn\u0105 ocen\u0119 kondycji finansowej i operacyjnej Twojego szpitala. Zidentyfikuj problemy i stw\u00f3rz solidny fundament pod strategi\u0119 rozwoju z Formedis.\" \/>\n<meta property=\"og:url\" content=\"https:\/\/formedis.pl\/mmc\/oferta\/doradztwo-placowkom-publicznym\/audyt-sytuacji-wyjsciowej\/\" \/>\n<meta property=\"og:site_name\" content=\"Formedis Medical Management &amp; Consulting\" \/>\n<meta property=\"article:modified_time\" content=\"2026-02-01T19:53:24+00:00\" \/>\n<meta name=\"twitter:card\" content=\"summary_large_image\" \/>\n<meta name=\"twitter:label1\" content=\"Szacowany czas czytania\" \/>\n\t<meta name=\"twitter:data1\" content=\"3 minuty\" \/>\n<script type=\"application\/ld+json\" class=\"yoast-schema-graph\">{\"@context\":\"https:\\\/\\\/schema.org\",\"@graph\":[{\"@type\":\"WebPage\",\"@id\":\"https:\\\/\\\/formedis.pl\\\/mmc\\\/oferta\\\/doradztwo-placowkom-publicznym\\\/audyt-sytuacji-wyjsciowej\\\/\",\"url\":\"https:\\\/\\\/formedis.pl\\\/mmc\\\/oferta\\\/doradztwo-placowkom-publicznym\\\/audyt-sytuacji-wyjsciowej\\\/\",\"name\":\"Audyt sytuacji wyj\u015bciowej - Formedis Medical Management &amp; Consulting\",\"isPartOf\":{\"@id\":\"https:\\\/\\\/formedis.pl\\\/mmc\\\/#website\"},\"datePublished\":\"2017-02-08T12:27:27+00:00\",\"dateModified\":\"2026-02-01T19:53:24+00:00\",\"description\":\"Poznaj obiektywn\u0105 ocen\u0119 kondycji finansowej i operacyjnej Twojego szpitala. Zidentyfikuj problemy i stw\u00f3rz solidny fundament pod strategi\u0119 rozwoju z Formedis.\",\"breadcrumb\":{\"@id\":\"https:\\\/\\\/formedis.pl\\\/mmc\\\/oferta\\\/doradztwo-placowkom-publicznym\\\/audyt-sytuacji-wyjsciowej\\\/#breadcrumb\"},\"inLanguage\":\"pl-PL\",\"potentialAction\":[{\"@type\":\"ReadAction\",\"target\":[\"https:\\\/\\\/formedis.pl\\\/mmc\\\/oferta\\\/doradztwo-placowkom-publicznym\\\/audyt-sytuacji-wyjsciowej\\\/\"]}]},{\"@type\":\"BreadcrumbList\",\"@id\":\"https:\\\/\\\/formedis.pl\\\/mmc\\\/oferta\\\/doradztwo-placowkom-publicznym\\\/audyt-sytuacji-wyjsciowej\\\/#breadcrumb\",\"itemListElement\":[{\"@type\":\"ListItem\",\"position\":1,\"name\":\"Strona g\u0142\u00f3wna\",\"item\":\"https:\\\/\\\/formedis.pl\\\/mmc\\\/\"},{\"@type\":\"ListItem\",\"position\":2,\"name\":\"Oferta\",\"item\":\"https:\\\/\\\/formedis.pl\\\/mmc\\\/oferta\\\/\"},{\"@type\":\"ListItem\",\"position\":3,\"name\":\"Zarz\u0105dzanie szpitalem\",\"item\":\"https:\\\/\\\/formedis.pl\\\/mmc\\\/oferta\\\/doradztwo-placowkom-publicznym\\\/\"},{\"@type\":\"ListItem\",\"position\":4,\"name\":\"Audyt sytuacji wyj\u015bciowej\"}]},{\"@type\":\"WebSite\",\"@id\":\"https:\\\/\\\/formedis.pl\\\/mmc\\\/#website\",\"url\":\"https:\\\/\\\/formedis.pl\\\/mmc\\\/\",\"name\":\"Formedis Medical Management &amp; Consulting\",\"description\":\"\",\"potentialAction\":[{\"@type\":\"SearchAction\",\"target\":{\"@type\":\"EntryPoint\",\"urlTemplate\":\"https:\\\/\\\/formedis.pl\\\/mmc\\\/?s={search_term_string}\"},\"query-input\":{\"@type\":\"PropertyValueSpecification\",\"valueRequired\":true,\"valueName\":\"search_term_string\"}}],\"inLanguage\":\"pl-PL\"}]}<\/script>\n<!-- \/ Yoast SEO plugin. -->","yoast_head_json":{"title":"Audyt sytuacji wyj\u015bciowej - Formedis Medical Management &amp; Consulting","description":"Poznaj obiektywn\u0105 ocen\u0119 kondycji finansowej i operacyjnej Twojego szpitala. Zidentyfikuj problemy i stw\u00f3rz solidny fundament pod strategi\u0119 rozwoju z Formedis.","robots":{"index":"index","follow":"follow","max-snippet":"max-snippet:-1","max-image-preview":"max-image-preview:large","max-video-preview":"max-video-preview:-1"},"canonical":"https:\/\/formedis.pl\/mmc\/oferta\/doradztwo-placowkom-publicznym\/audyt-sytuacji-wyjsciowej\/","og_locale":"pl_PL","og_type":"article","og_title":"Audyt sytuacji wyj\u015bciowej - Formedis Medical Management &amp; Consulting","og_description":"Poznaj obiektywn\u0105 ocen\u0119 kondycji finansowej i operacyjnej Twojego szpitala. Zidentyfikuj problemy i stw\u00f3rz solidny fundament pod strategi\u0119 rozwoju z Formedis.","og_url":"https:\/\/formedis.pl\/mmc\/oferta\/doradztwo-placowkom-publicznym\/audyt-sytuacji-wyjsciowej\/","og_site_name":"Formedis Medical Management &amp; Consulting","article_modified_time":"2026-02-01T19:53:24+00:00","twitter_card":"summary_large_image","twitter_misc":{"Szacowany czas czytania":"3 minuty"},"schema":{"@context":"https:\/\/schema.org","@graph":[{"@type":"WebPage","@id":"https:\/\/formedis.pl\/mmc\/oferta\/doradztwo-placowkom-publicznym\/audyt-sytuacji-wyjsciowej\/","url":"https:\/\/formedis.pl\/mmc\/oferta\/doradztwo-placowkom-publicznym\/audyt-sytuacji-wyjsciowej\/","name":"Audyt sytuacji wyj\u015bciowej - Formedis Medical Management &amp; Consulting","isPartOf":{"@id":"https:\/\/formedis.pl\/mmc\/#website"},"datePublished":"2017-02-08T12:27:27+00:00","dateModified":"2026-02-01T19:53:24+00:00","description":"Poznaj obiektywn\u0105 ocen\u0119 kondycji finansowej i operacyjnej Twojego szpitala. Zidentyfikuj problemy i stw\u00f3rz solidny fundament pod strategi\u0119 rozwoju z Formedis.","breadcrumb":{"@id":"https:\/\/formedis.pl\/mmc\/oferta\/doradztwo-placowkom-publicznym\/audyt-sytuacji-wyjsciowej\/#breadcrumb"},"inLanguage":"pl-PL","potentialAction":[{"@type":"ReadAction","target":["https:\/\/formedis.pl\/mmc\/oferta\/doradztwo-placowkom-publicznym\/audyt-sytuacji-wyjsciowej\/"]}]},{"@type":"BreadcrumbList","@id":"https:\/\/formedis.pl\/mmc\/oferta\/doradztwo-placowkom-publicznym\/audyt-sytuacji-wyjsciowej\/#breadcrumb","itemListElement":[{"@type":"ListItem","position":1,"name":"Strona g\u0142\u00f3wna","item":"https:\/\/formedis.pl\/mmc\/"},{"@type":"ListItem","position":2,"name":"Oferta","item":"https:\/\/formedis.pl\/mmc\/oferta\/"},{"@type":"ListItem","position":3,"name":"Zarz\u0105dzanie szpitalem","item":"https:\/\/formedis.pl\/mmc\/oferta\/doradztwo-placowkom-publicznym\/"},{"@type":"ListItem","position":4,"name":"Audyt sytuacji wyj\u015bciowej"}]},{"@type":"WebSite","@id":"https:\/\/formedis.pl\/mmc\/#website","url":"https:\/\/formedis.pl\/mmc\/","name":"Formedis Medical Management &amp; Consulting","description":"","potentialAction":[{"@type":"SearchAction","target":{"@type":"EntryPoint","urlTemplate":"https:\/\/formedis.pl\/mmc\/?s={search_term_string}"},"query-input":{"@type":"PropertyValueSpecification","valueRequired":true,"valueName":"search_term_string"}}],"inLanguage":"pl-PL"}]}},"_links":{"self":[{"href":"https:\/\/formedis.pl\/mmc\/wp-json\/wp\/v2\/pages\/2226","targetHints":{"allow":["GET"]}}],"collection":[{"href":"https:\/\/formedis.pl\/mmc\/wp-json\/wp\/v2\/pages"}],"about":[{"href":"https:\/\/formedis.pl\/mmc\/wp-json\/wp\/v2\/types\/page"}],"author":[{"embeddable":true,"href":"https:\/\/formedis.pl\/mmc\/wp-json\/wp\/v2\/users\/1"}],"replies":[{"embeddable":true,"href":"https:\/\/formedis.pl\/mmc\/wp-json\/wp\/v2\/comments?post=2226"}],"version-history":[{"count":4,"href":"https:\/\/formedis.pl\/mmc\/wp-json\/wp\/v2\/pages\/2226\/revisions"}],"predecessor-version":[{"id":6997,"href":"https:\/\/formedis.pl\/mmc\/wp-json\/wp\/v2\/pages\/2226\/revisions\/6997"}],"up":[{"embeddable":true,"href":"https:\/\/formedis.pl\/mmc\/wp-json\/wp\/v2\/pages\/2563"}],"wp:featuredmedia":[{"embeddable":true,"href":"https:\/\/formedis.pl\/mmc\/wp-json\/"}],"wp:attachment":[{"href":"https:\/\/formedis.pl\/mmc\/wp-json\/wp\/v2\/media?parent=2226"}],"curies":[{"name":"wp","href":"https:\/\/api.w.org\/{rel}","templated":true}]}}