{"id":2167,"date":"2017-01-30T16:36:36","date_gmt":"2017-01-30T15:36:36","guid":{"rendered":"http:\/\/formedis.pl\/?page_id=2167"},"modified":"2026-03-15T09:05:19","modified_gmt":"2026-03-15T08:05:19","slug":"konsultacje-eksperckie-inwestorzy","status":"publish","type":"page","link":"https:\/\/formedis.pl\/mmc\/oferta\/doradztwo-inwestycyjne\/konsultacje-eksperckie-inwestorzy\/","title":{"rendered":"Konsultacje eksperckie"},"content":{"rendered":"<p style=\"text-align: justify;\">Przedstawiamy zasady funkcjonowania rynku ochrony zdrowia w Polsce istotne z punktu widzenia inwestora. Oceniamy rentowno\u015bci i kluczowe czynniki sukcesu rozwa\u017canych projekt\u00f3w inwestycyjnych. Analizujemy cele inwestycyjne oraz opracowujemy biznesplany zupe\u0142nie nowych projekt\u00f3w inwestycyjnych jak r\u00f3wnie\u017c weryfikujemy na zlecenie inwestor\u00f3w ich realno\u015b\u0107.<\/p>\n<p style=\"text-align: justify;\">We wsp\u00f3\u0142pracy z inwestorami zagranicznymi por\u00f3wnujemy polski rynek us\u0142ug medycznych do rynk\u00f3w zagranicznych. Przedstawiamy regulacj\u0119 i ustawodawstwo bran\u017cowego. Omawiamy perspektywy, trendy oraz szanse i ryzyka wyst\u0119puj\u0105ce w ochronie zdrowia.<\/p>\n<p style=\"text-align: justify;\">Konsultacje eksperckie \u015bwiadczymy r\u00f3wnie\u017c w ramach uczestnictwa w charakterze cz\u0142onka w mi\u0119dzynarodowej platformie konsultingowej GLG Consulting Management Platform, kt\u00f3ra zrzesza krajowych ekspert\u00f3w r\u00f3\u017cnych bran\u017c na potrzeby wymiany wiedzy ze \u015bwiatowymi inwestorami w ramach rozwa\u017canych przez nich lokalnych inwestycji.<\/p>\n","protected":false},"excerpt":{"rendered":"<p>Przedstawiamy zasady funkcjonowania rynku ochrony zdrowia w Polsce istotne z punktu widzenia inwestora. Oceniamy rentowno\u015bci i kluczowe czynniki sukcesu rozwa\u017canych projekt\u00f3w inwestycyjnych. Analizujemy cele inwestycyjne oraz<span class=\"excerpt-hellip\"> [\u2026]<\/span><\/p>\n","protected":false},"author":1,"featured_media":-1,"parent":2567,"menu_order":0,"comment_status":"closed","ping_status":"closed","template":"","meta":{"footnotes":""},"class_list":["post-2167","page","type-page","status-publish","has-post-thumbnail","hentry"],"yoast_head":"<!-- This site is optimized with the Yoast SEO plugin v27.4 - https:\/\/yoast.com\/product\/yoast-seo-wordpress\/ -->\n<title>Konsultacje eksperckie - Formedis Medical Management &amp; Consulting<\/title>\n<meta name=\"description\" content=\"Eksperckie konsultacje dla inwestor\u00f3w w sektorze medycznym. Dostarczamy wiedz\u0119 rynkow\u0105, analizy i rekomendacje wspieraj\u0105ce decyzje inwestycyjne.\" \/>\n<meta name=\"robots\" content=\"index, follow, max-snippet:-1, max-image-preview:large, max-video-preview:-1\" \/>\n<link rel=\"canonical\" href=\"https:\/\/formedis.pl\/mmc\/oferta\/doradztwo-inwestycyjne\/konsultacje-eksperckie-inwestorzy\/\" \/>\n<meta property=\"og:locale\" content=\"pl_PL\" \/>\n<meta property=\"og:type\" content=\"article\" \/>\n<meta property=\"og:title\" content=\"Konsultacje eksperckie - Formedis Medical Management &amp; Consulting\" \/>\n<meta property=\"og:description\" content=\"Eksperckie konsultacje dla inwestor\u00f3w w sektorze medycznym. Dostarczamy wiedz\u0119 rynkow\u0105, analizy i rekomendacje wspieraj\u0105ce decyzje inwestycyjne.\" \/>\n<meta property=\"og:url\" content=\"https:\/\/formedis.pl\/mmc\/oferta\/doradztwo-inwestycyjne\/konsultacje-eksperckie-inwestorzy\/\" \/>\n<meta property=\"og:site_name\" content=\"Formedis Medical Management &amp; Consulting\" \/>\n<meta property=\"article:modified_time\" content=\"2026-03-15T08:05:19+00:00\" \/>\n<meta name=\"twitter:card\" content=\"summary_large_image\" \/>\n<meta name=\"twitter:label1\" content=\"Szacowany czas czytania\" \/>\n\t<meta name=\"twitter:data1\" content=\"1 minuta\" \/>\n<script type=\"application\/ld+json\" class=\"yoast-schema-graph\">{\"@context\":\"https:\\\/\\\/schema.org\",\"@graph\":[{\"@type\":\"WebPage\",\"@id\":\"https:\\\/\\\/formedis.pl\\\/mmc\\\/oferta\\\/doradztwo-inwestycyjne\\\/konsultacje-eksperckie-inwestorzy\\\/\",\"url\":\"https:\\\/\\\/formedis.pl\\\/mmc\\\/oferta\\\/doradztwo-inwestycyjne\\\/konsultacje-eksperckie-inwestorzy\\\/\",\"name\":\"Konsultacje eksperckie - Formedis Medical Management &amp; Consulting\",\"isPartOf\":{\"@id\":\"https:\\\/\\\/formedis.pl\\\/mmc\\\/#website\"},\"datePublished\":\"2017-01-30T15:36:36+00:00\",\"dateModified\":\"2026-03-15T08:05:19+00:00\",\"description\":\"Eksperckie konsultacje dla inwestor\u00f3w w sektorze medycznym. Dostarczamy wiedz\u0119 rynkow\u0105, analizy i rekomendacje wspieraj\u0105ce decyzje inwestycyjne.\",\"breadcrumb\":{\"@id\":\"https:\\\/\\\/formedis.pl\\\/mmc\\\/oferta\\\/doradztwo-inwestycyjne\\\/konsultacje-eksperckie-inwestorzy\\\/#breadcrumb\"},\"inLanguage\":\"pl-PL\",\"potentialAction\":[{\"@type\":\"ReadAction\",\"target\":[\"https:\\\/\\\/formedis.pl\\\/mmc\\\/oferta\\\/doradztwo-inwestycyjne\\\/konsultacje-eksperckie-inwestorzy\\\/\"]}]},{\"@type\":\"BreadcrumbList\",\"@id\":\"https:\\\/\\\/formedis.pl\\\/mmc\\\/oferta\\\/doradztwo-inwestycyjne\\\/konsultacje-eksperckie-inwestorzy\\\/#breadcrumb\",\"itemListElement\":[{\"@type\":\"ListItem\",\"position\":1,\"name\":\"Strona g\u0142\u00f3wna\",\"item\":\"https:\\\/\\\/formedis.pl\\\/mmc\\\/\"},{\"@type\":\"ListItem\",\"position\":2,\"name\":\"Oferta\",\"item\":\"https:\\\/\\\/formedis.pl\\\/mmc\\\/oferta\\\/\"},{\"@type\":\"ListItem\",\"position\":3,\"name\":\"Doradztwo transakcyjne\",\"item\":\"https:\\\/\\\/formedis.pl\\\/mmc\\\/oferta\\\/doradztwo-inwestycyjne\\\/\"},{\"@type\":\"ListItem\",\"position\":4,\"name\":\"Konsultacje eksperckie\"}]},{\"@type\":\"WebSite\",\"@id\":\"https:\\\/\\\/formedis.pl\\\/mmc\\\/#website\",\"url\":\"https:\\\/\\\/formedis.pl\\\/mmc\\\/\",\"name\":\"Formedis Medical Management &amp; Consulting\",\"description\":\"\",\"potentialAction\":[{\"@type\":\"SearchAction\",\"target\":{\"@type\":\"EntryPoint\",\"urlTemplate\":\"https:\\\/\\\/formedis.pl\\\/mmc\\\/?s={search_term_string}\"},\"query-input\":{\"@type\":\"PropertyValueSpecification\",\"valueRequired\":true,\"valueName\":\"search_term_string\"}}],\"inLanguage\":\"pl-PL\"}]}<\/script>\n<!-- \/ Yoast SEO plugin. -->","yoast_head_json":{"title":"Konsultacje eksperckie - Formedis Medical Management &amp; Consulting","description":"Eksperckie konsultacje dla inwestor\u00f3w w sektorze medycznym. Dostarczamy wiedz\u0119 rynkow\u0105, analizy i rekomendacje wspieraj\u0105ce decyzje inwestycyjne.","robots":{"index":"index","follow":"follow","max-snippet":"max-snippet:-1","max-image-preview":"max-image-preview:large","max-video-preview":"max-video-preview:-1"},"canonical":"https:\/\/formedis.pl\/mmc\/oferta\/doradztwo-inwestycyjne\/konsultacje-eksperckie-inwestorzy\/","og_locale":"pl_PL","og_type":"article","og_title":"Konsultacje eksperckie - Formedis Medical Management &amp; Consulting","og_description":"Eksperckie konsultacje dla inwestor\u00f3w w sektorze medycznym. Dostarczamy wiedz\u0119 rynkow\u0105, analizy i rekomendacje wspieraj\u0105ce decyzje inwestycyjne.","og_url":"https:\/\/formedis.pl\/mmc\/oferta\/doradztwo-inwestycyjne\/konsultacje-eksperckie-inwestorzy\/","og_site_name":"Formedis Medical Management &amp; Consulting","article_modified_time":"2026-03-15T08:05:19+00:00","twitter_card":"summary_large_image","twitter_misc":{"Szacowany czas czytania":"1 minuta"},"schema":{"@context":"https:\/\/schema.org","@graph":[{"@type":"WebPage","@id":"https:\/\/formedis.pl\/mmc\/oferta\/doradztwo-inwestycyjne\/konsultacje-eksperckie-inwestorzy\/","url":"https:\/\/formedis.pl\/mmc\/oferta\/doradztwo-inwestycyjne\/konsultacje-eksperckie-inwestorzy\/","name":"Konsultacje eksperckie - Formedis Medical Management &amp; Consulting","isPartOf":{"@id":"https:\/\/formedis.pl\/mmc\/#website"},"datePublished":"2017-01-30T15:36:36+00:00","dateModified":"2026-03-15T08:05:19+00:00","description":"Eksperckie konsultacje dla inwestor\u00f3w w sektorze medycznym. Dostarczamy wiedz\u0119 rynkow\u0105, analizy i rekomendacje wspieraj\u0105ce decyzje inwestycyjne.","breadcrumb":{"@id":"https:\/\/formedis.pl\/mmc\/oferta\/doradztwo-inwestycyjne\/konsultacje-eksperckie-inwestorzy\/#breadcrumb"},"inLanguage":"pl-PL","potentialAction":[{"@type":"ReadAction","target":["https:\/\/formedis.pl\/mmc\/oferta\/doradztwo-inwestycyjne\/konsultacje-eksperckie-inwestorzy\/"]}]},{"@type":"BreadcrumbList","@id":"https:\/\/formedis.pl\/mmc\/oferta\/doradztwo-inwestycyjne\/konsultacje-eksperckie-inwestorzy\/#breadcrumb","itemListElement":[{"@type":"ListItem","position":1,"name":"Strona g\u0142\u00f3wna","item":"https:\/\/formedis.pl\/mmc\/"},{"@type":"ListItem","position":2,"name":"Oferta","item":"https:\/\/formedis.pl\/mmc\/oferta\/"},{"@type":"ListItem","position":3,"name":"Doradztwo transakcyjne","item":"https:\/\/formedis.pl\/mmc\/oferta\/doradztwo-inwestycyjne\/"},{"@type":"ListItem","position":4,"name":"Konsultacje eksperckie"}]},{"@type":"WebSite","@id":"https:\/\/formedis.pl\/mmc\/#website","url":"https:\/\/formedis.pl\/mmc\/","name":"Formedis Medical Management &amp; Consulting","description":"","potentialAction":[{"@type":"SearchAction","target":{"@type":"EntryPoint","urlTemplate":"https:\/\/formedis.pl\/mmc\/?s={search_term_string}"},"query-input":{"@type":"PropertyValueSpecification","valueRequired":true,"valueName":"search_term_string"}}],"inLanguage":"pl-PL"}]}},"_links":{"self":[{"href":"https:\/\/formedis.pl\/mmc\/wp-json\/wp\/v2\/pages\/2167","targetHints":{"allow":["GET"]}}],"collection":[{"href":"https:\/\/formedis.pl\/mmc\/wp-json\/wp\/v2\/pages"}],"about":[{"href":"https:\/\/formedis.pl\/mmc\/wp-json\/wp\/v2\/types\/page"}],"author":[{"embeddable":true,"href":"https:\/\/formedis.pl\/mmc\/wp-json\/wp\/v2\/users\/1"}],"replies":[{"embeddable":true,"href":"https:\/\/formedis.pl\/mmc\/wp-json\/wp\/v2\/comments?post=2167"}],"version-history":[{"count":3,"href":"https:\/\/formedis.pl\/mmc\/wp-json\/wp\/v2\/pages\/2167\/revisions"}],"predecessor-version":[{"id":2395,"href":"https:\/\/formedis.pl\/mmc\/wp-json\/wp\/v2\/pages\/2167\/revisions\/2395"}],"up":[{"embeddable":true,"href":"https:\/\/formedis.pl\/mmc\/wp-json\/wp\/v2\/pages\/2567"}],"wp:featuredmedia":[{"embeddable":true,"href":"https:\/\/formedis.pl\/mmc\/wp-json\/"}],"wp:attachment":[{"href":"https:\/\/formedis.pl\/mmc\/wp-json\/wp\/v2\/media?parent=2167"}],"curies":[{"name":"wp","href":"https:\/\/api.w.org\/{rel}","templated":true}]}}