{"id":2161,"date":"2017-01-30T16:19:30","date_gmt":"2017-01-30T15:19:30","guid":{"rendered":"http:\/\/formedis.pl\/?page_id=2161"},"modified":"2026-03-15T09:05:07","modified_gmt":"2026-03-15T08:05:07","slug":"analiza-przedtransakcyjna","status":"publish","type":"page","link":"https:\/\/formedis.pl\/mmc\/oferta\/doradztwo-inwestycyjne\/analiza-przedtransakcyjna\/","title":{"rendered":"Analiza przedtransakcyjna"},"content":{"rendered":"<p style=\"text-align: justify;\">W ramach analizy przedtransakcyjnej przeprowadzamy analiz\u0119 sytuacji wyj\u015bciowej, kt\u00f3rej celem jest identyfikacja \u017ar\u00f3de\u0142 i inicjatyw s\u0142u\u017c\u0105cych podniesieniu warto\u015bci przedsi\u0119biorstwa medycznego oraz ocena strategicznych za\u0142o\u017ce\u0144 rozwoju przy za\u0142o\u017ceniu optymalizacji parametr\u00f3w sprzeda\u017cy plac\u00f3wki medycznej.<\/p>\n<p style=\"text-align: justify;\">Najwa\u017cniejszym wynikiem prac jest wycena warto\u015bci podmiotu medycznego przeprowadzana na podstawie historycznych parametr\u00f3w rynkowych i konfrontacja jej wynik\u00f3w z oczekiwaniami w\u0142a\u015bcicieli.<\/p>\n<p style=\"text-align: justify;\">W ramach analizy przedtransakcyjnej dochodzi r\u00f3wnie\u017c do stworzenia tak zwanej d\u0142ugiej listy inwestor\u00f3w, czyli identyfikacji inwestor\u00f3w bran\u017cowych i finansowych (funduszy inwestycyjnych), kt\u00f3rzy potencjalnie mog\u0105 by\u0107 zainteresowani transakcj\u0105.<\/p>\n<p style=\"text-align: justify;\">Ko\u0144cowym efektem prac jest opracowanie optymalnego scenariusza i harmonogramu procesu transakcyjnego.<\/p>\n","protected":false},"excerpt":{"rendered":"<p>W ramach analizy przedtransakcyjnej przeprowadzamy analiz\u0119 sytuacji wyj\u015bciowej, kt\u00f3rej celem jest identyfikacja \u017ar\u00f3de\u0142 i inicjatyw s\u0142u\u017c\u0105cych podniesieniu warto\u015bci przedsi\u0119biorstwa medycznego oraz ocena strategicznych za\u0142o\u017ce\u0144 rozwoju przy<span class=\"excerpt-hellip\"> [\u2026]<\/span><\/p>\n","protected":false},"author":1,"featured_media":-1,"parent":2567,"menu_order":0,"comment_status":"closed","ping_status":"closed","template":"","meta":{"footnotes":""},"class_list":["post-2161","page","type-page","status-publish","has-post-thumbnail","hentry"],"yoast_head":"<!-- This site is optimized with the Yoast SEO plugin v27.4 - https:\/\/yoast.com\/product\/yoast-seo-wordpress\/ -->\n<title>Analiza przedtransakcyjna - Formedis Medical Management &amp; Consulting<\/title>\n<meta name=\"description\" content=\"Kompleksowa analiza przedtransakcyjna dla inwestor\u00f3w w ochronie zdrowia. Sprawdzamy potencja\u0142 inwestycji, rynek oraz ryzyka biznesowe.\" \/>\n<meta name=\"robots\" content=\"index, follow, max-snippet:-1, max-image-preview:large, max-video-preview:-1\" \/>\n<link rel=\"canonical\" href=\"https:\/\/formedis.pl\/mmc\/oferta\/doradztwo-inwestycyjne\/analiza-przedtransakcyjna\/\" \/>\n<meta property=\"og:locale\" content=\"pl_PL\" \/>\n<meta property=\"og:type\" content=\"article\" \/>\n<meta property=\"og:title\" content=\"Analiza przedtransakcyjna - Formedis Medical Management &amp; Consulting\" \/>\n<meta property=\"og:description\" content=\"Kompleksowa analiza przedtransakcyjna dla inwestor\u00f3w w ochronie zdrowia. Sprawdzamy potencja\u0142 inwestycji, rynek oraz ryzyka biznesowe.\" \/>\n<meta property=\"og:url\" content=\"https:\/\/formedis.pl\/mmc\/oferta\/doradztwo-inwestycyjne\/analiza-przedtransakcyjna\/\" \/>\n<meta property=\"og:site_name\" content=\"Formedis Medical Management &amp; Consulting\" \/>\n<meta property=\"article:modified_time\" content=\"2026-03-15T08:05:07+00:00\" \/>\n<meta name=\"twitter:card\" content=\"summary_large_image\" \/>\n<meta name=\"twitter:label1\" content=\"Szacowany czas czytania\" \/>\n\t<meta name=\"twitter:data1\" content=\"1 minuta\" \/>\n<script type=\"application\/ld+json\" class=\"yoast-schema-graph\">{\"@context\":\"https:\\\/\\\/schema.org\",\"@graph\":[{\"@type\":\"WebPage\",\"@id\":\"https:\\\/\\\/formedis.pl\\\/mmc\\\/oferta\\\/doradztwo-inwestycyjne\\\/analiza-przedtransakcyjna\\\/\",\"url\":\"https:\\\/\\\/formedis.pl\\\/mmc\\\/oferta\\\/doradztwo-inwestycyjne\\\/analiza-przedtransakcyjna\\\/\",\"name\":\"Analiza przedtransakcyjna - Formedis Medical Management &amp; Consulting\",\"isPartOf\":{\"@id\":\"https:\\\/\\\/formedis.pl\\\/mmc\\\/#website\"},\"datePublished\":\"2017-01-30T15:19:30+00:00\",\"dateModified\":\"2026-03-15T08:05:07+00:00\",\"description\":\"Kompleksowa analiza przedtransakcyjna dla inwestor\u00f3w w ochronie zdrowia. Sprawdzamy potencja\u0142 inwestycji, rynek oraz ryzyka biznesowe.\",\"breadcrumb\":{\"@id\":\"https:\\\/\\\/formedis.pl\\\/mmc\\\/oferta\\\/doradztwo-inwestycyjne\\\/analiza-przedtransakcyjna\\\/#breadcrumb\"},\"inLanguage\":\"pl-PL\",\"potentialAction\":[{\"@type\":\"ReadAction\",\"target\":[\"https:\\\/\\\/formedis.pl\\\/mmc\\\/oferta\\\/doradztwo-inwestycyjne\\\/analiza-przedtransakcyjna\\\/\"]}]},{\"@type\":\"BreadcrumbList\",\"@id\":\"https:\\\/\\\/formedis.pl\\\/mmc\\\/oferta\\\/doradztwo-inwestycyjne\\\/analiza-przedtransakcyjna\\\/#breadcrumb\",\"itemListElement\":[{\"@type\":\"ListItem\",\"position\":1,\"name\":\"Strona g\u0142\u00f3wna\",\"item\":\"https:\\\/\\\/formedis.pl\\\/mmc\\\/\"},{\"@type\":\"ListItem\",\"position\":2,\"name\":\"Oferta\",\"item\":\"https:\\\/\\\/formedis.pl\\\/mmc\\\/oferta\\\/\"},{\"@type\":\"ListItem\",\"position\":3,\"name\":\"Doradztwo transakcyjne\",\"item\":\"https:\\\/\\\/formedis.pl\\\/mmc\\\/oferta\\\/doradztwo-inwestycyjne\\\/\"},{\"@type\":\"ListItem\",\"position\":4,\"name\":\"Analiza przedtransakcyjna\"}]},{\"@type\":\"WebSite\",\"@id\":\"https:\\\/\\\/formedis.pl\\\/mmc\\\/#website\",\"url\":\"https:\\\/\\\/formedis.pl\\\/mmc\\\/\",\"name\":\"Formedis Medical Management &amp; Consulting\",\"description\":\"\",\"potentialAction\":[{\"@type\":\"SearchAction\",\"target\":{\"@type\":\"EntryPoint\",\"urlTemplate\":\"https:\\\/\\\/formedis.pl\\\/mmc\\\/?s={search_term_string}\"},\"query-input\":{\"@type\":\"PropertyValueSpecification\",\"valueRequired\":true,\"valueName\":\"search_term_string\"}}],\"inLanguage\":\"pl-PL\"}]}<\/script>\n<!-- \/ Yoast SEO plugin. -->","yoast_head_json":{"title":"Analiza przedtransakcyjna - Formedis Medical Management &amp; Consulting","description":"Kompleksowa analiza przedtransakcyjna dla inwestor\u00f3w w ochronie zdrowia. Sprawdzamy potencja\u0142 inwestycji, rynek oraz ryzyka biznesowe.","robots":{"index":"index","follow":"follow","max-snippet":"max-snippet:-1","max-image-preview":"max-image-preview:large","max-video-preview":"max-video-preview:-1"},"canonical":"https:\/\/formedis.pl\/mmc\/oferta\/doradztwo-inwestycyjne\/analiza-przedtransakcyjna\/","og_locale":"pl_PL","og_type":"article","og_title":"Analiza przedtransakcyjna - Formedis Medical Management &amp; Consulting","og_description":"Kompleksowa analiza przedtransakcyjna dla inwestor\u00f3w w ochronie zdrowia. Sprawdzamy potencja\u0142 inwestycji, rynek oraz ryzyka biznesowe.","og_url":"https:\/\/formedis.pl\/mmc\/oferta\/doradztwo-inwestycyjne\/analiza-przedtransakcyjna\/","og_site_name":"Formedis Medical Management &amp; Consulting","article_modified_time":"2026-03-15T08:05:07+00:00","twitter_card":"summary_large_image","twitter_misc":{"Szacowany czas czytania":"1 minuta"},"schema":{"@context":"https:\/\/schema.org","@graph":[{"@type":"WebPage","@id":"https:\/\/formedis.pl\/mmc\/oferta\/doradztwo-inwestycyjne\/analiza-przedtransakcyjna\/","url":"https:\/\/formedis.pl\/mmc\/oferta\/doradztwo-inwestycyjne\/analiza-przedtransakcyjna\/","name":"Analiza przedtransakcyjna - Formedis Medical Management &amp; Consulting","isPartOf":{"@id":"https:\/\/formedis.pl\/mmc\/#website"},"datePublished":"2017-01-30T15:19:30+00:00","dateModified":"2026-03-15T08:05:07+00:00","description":"Kompleksowa analiza przedtransakcyjna dla inwestor\u00f3w w ochronie zdrowia. Sprawdzamy potencja\u0142 inwestycji, rynek oraz ryzyka biznesowe.","breadcrumb":{"@id":"https:\/\/formedis.pl\/mmc\/oferta\/doradztwo-inwestycyjne\/analiza-przedtransakcyjna\/#breadcrumb"},"inLanguage":"pl-PL","potentialAction":[{"@type":"ReadAction","target":["https:\/\/formedis.pl\/mmc\/oferta\/doradztwo-inwestycyjne\/analiza-przedtransakcyjna\/"]}]},{"@type":"BreadcrumbList","@id":"https:\/\/formedis.pl\/mmc\/oferta\/doradztwo-inwestycyjne\/analiza-przedtransakcyjna\/#breadcrumb","itemListElement":[{"@type":"ListItem","position":1,"name":"Strona g\u0142\u00f3wna","item":"https:\/\/formedis.pl\/mmc\/"},{"@type":"ListItem","position":2,"name":"Oferta","item":"https:\/\/formedis.pl\/mmc\/oferta\/"},{"@type":"ListItem","position":3,"name":"Doradztwo transakcyjne","item":"https:\/\/formedis.pl\/mmc\/oferta\/doradztwo-inwestycyjne\/"},{"@type":"ListItem","position":4,"name":"Analiza przedtransakcyjna"}]},{"@type":"WebSite","@id":"https:\/\/formedis.pl\/mmc\/#website","url":"https:\/\/formedis.pl\/mmc\/","name":"Formedis Medical Management &amp; Consulting","description":"","potentialAction":[{"@type":"SearchAction","target":{"@type":"EntryPoint","urlTemplate":"https:\/\/formedis.pl\/mmc\/?s={search_term_string}"},"query-input":{"@type":"PropertyValueSpecification","valueRequired":true,"valueName":"search_term_string"}}],"inLanguage":"pl-PL"}]}},"_links":{"self":[{"href":"https:\/\/formedis.pl\/mmc\/wp-json\/wp\/v2\/pages\/2161","targetHints":{"allow":["GET"]}}],"collection":[{"href":"https:\/\/formedis.pl\/mmc\/wp-json\/wp\/v2\/pages"}],"about":[{"href":"https:\/\/formedis.pl\/mmc\/wp-json\/wp\/v2\/types\/page"}],"author":[{"embeddable":true,"href":"https:\/\/formedis.pl\/mmc\/wp-json\/wp\/v2\/users\/1"}],"replies":[{"embeddable":true,"href":"https:\/\/formedis.pl\/mmc\/wp-json\/wp\/v2\/comments?post=2161"}],"version-history":[{"count":1,"href":"https:\/\/formedis.pl\/mmc\/wp-json\/wp\/v2\/pages\/2161\/revisions"}],"predecessor-version":[{"id":2162,"href":"https:\/\/formedis.pl\/mmc\/wp-json\/wp\/v2\/pages\/2161\/revisions\/2162"}],"up":[{"embeddable":true,"href":"https:\/\/formedis.pl\/mmc\/wp-json\/wp\/v2\/pages\/2567"}],"wp:featuredmedia":[{"embeddable":true,"href":"https:\/\/formedis.pl\/mmc\/wp-json\/"}],"wp:attachment":[{"href":"https:\/\/formedis.pl\/mmc\/wp-json\/wp\/v2\/media?parent=2161"}],"curies":[{"name":"wp","href":"https:\/\/api.w.org\/{rel}","templated":true}]}}