{"id":1818,"date":"2016-11-27T12:09:28","date_gmt":"2016-11-27T11:09:28","guid":{"rendered":"http:\/\/formedis.pl\/?page_id=1818"},"modified":"2026-02-01T20:41:30","modified_gmt":"2026-02-01T19:41:30","slug":"audyty-i-programy-naprawcze","status":"publish","type":"page","link":"https:\/\/formedis.pl\/mmc\/oferta\/doradztwo-placowkom-publicznym\/audyty-i-programy-naprawcze\/","title":{"rendered":"Audyt szpitala"},"content":{"rendered":"<p style=\"text-align: justify;\"><strong>FORMEDIS<\/strong> oferuje kompleksow\u0105 i profesjonaln\u0105 pomoc w zakresie szczeg\u00f3\u0142owej weryfikacji dzia\u0142alno\u015bci podmiot\u00f3w leczniczych. Gwarantujemy opracowanie, na bazie przeprowadzonego audytu operacyjnego, optymalnych rozwi\u0105za\u0144 (np. <a href=\"https:\/\/formedis.pl\/mmc\/oferta\/doradztwo-placowkom-publicznym\/program-naprawczy-szpitala\/\">program naprawczy szpitala<\/a>, program restrukturyzacyjny, program optymalizacyjny szpitala), kt\u00f3re pozwol\u0105 zrestrukturyzowa\u0107 dzia\u0142alno\u015b\u0107 podmiotu leczniczego celem osi\u0105gania oczekiwanych wynik\u00f3w finansowych. Sprawd\u017a nasz\u0105 ofert\u0119 na 2025 rok!<\/p>\n<h2>Audyt szpitala<\/h2>\n<p style=\"text-align: justify;\"><strong>Audyt operacyjny podmiotu leczniczego swoim zakresem obejmowa\u0107 mo\u017ce nast\u0119puj\u0105ce obszary analiz:<\/strong><\/p>\n<ul style=\"text-align: justify;\">\n<li><strong>Og\u00f3lnogospodarcza i rynkowa<\/strong> \u2013 jej celem jest okre\u015blenie pozycji rynkowej poprzez analiz\u0119: konkurencji, wykonywanych \u015bwiadcze\u0144 medycznych, wska\u017anik\u00f3w demograficznych i epidemiologicznych, otoczenia dalszego i bli\u017cszego, mocnych i s\u0142abych stron, pojawiaj\u0105cych si\u0119 szans i zagro\u017ce\u0144 (SWOT), perspektyw rozwoju;<\/li>\n<li><strong>Finansowa<\/strong> \u2013 dotyczy szczeg\u00f3\u0142owych analiz przychod\u00f3w i koszt\u00f3w (og\u00f3lnych oraz w podziale na jednostki i kom\u00f3rki organizacyjne). Przygotowuj\u0105c raport o sytuacji ekonomicznej SPZOZ, analizie poddawane s\u0105 koszty bezpo\u015brednie, po\u015brednie, sta\u0142e i zmienne. Celem analizy jest ustalenie poprawno\u015bci proces\u00f3w ekonomicznych, kt\u00f3re zachodz\u0105 wewn\u0105trz plac\u00f3wki medycznej (m.in. poziomu rentowno\u015bci poszczeg\u00f3lnych kom\u00f3rek organizacyjnych podmiotu leczniczego, p\u0142ynno\u015bci finansowej, zad\u0142u\u017cenia, struktury finansowania maj\u0105tku, efektywno\u015bci dzia\u0142a\u0144 biznesowych) oraz ich por\u00f3wnanie do warto\u015bci rynkowych (benchmarkowych) osi\u0105ganych przez inne podmioty lecznicze;<\/li>\n<li><strong>Prawna<\/strong> \u2013 skupia si\u0119 na szczeg\u00f3\u0142owej analizie dokument\u00f3w, kt\u00f3rych prawid\u0142owo\u015b\u0107 jest podstaw\u0105 dla w\u0142a\u015bciwego \u2013 zgodnego z obowi\u0105zuj\u0105cymi przepisami prawa \u2013 funkcjonowania podmiotu leczniczego. Uwzgl\u0119dnia przesz\u0142y i aktualny status prawny podmiotu;<\/li>\n<li><strong>Infrastrukturalna<\/strong> \u2013 pozwala ustali\u0107 zgodno\u015b\u0107 posiadanej infrastruktury (budynki i pomieszczenia, w kt\u00f3rych podmiot prowadzi dzia\u0142alno\u015b\u0107 lecznicz\u0105, sprz\u0119t i aparatura medyczna, infrastruktura IT) z wymaganiami okre\u015blonymi przepisami prawa oraz jej jako\u015b\u0107 oraz stopie\u0144 zu\u017cycia technicznego i technologicznego. W przypadku budynk\u00f3w i pomieszcze\u0144, w ramach programu naprawczego, ocenie podlega przede wszystkim dostosowanie tego typu obiekt\u00f3w do wymaga\u0144 okre\u015blonych rozporz\u0105dzeniem Ministra Zdrowia w sprawie szczeg\u00f3\u0142owych wymaga\u0144, jakim powinny odpowiada\u0107 pomieszczenia i urz\u0105dzenia podmiotu wykonuj\u0105cego dzia\u0142alno\u015b\u0107 lecznicz\u0105;<\/li>\n<li><strong>Organizacyjna<\/strong> \u2013 weryfikacja struktur organizacyjnych oraz stopnia ich efektywno\u015bci. Polega r\u00f3wnie\u017c na ustaleniu poprawno\u015bci dzia\u0142a\u0144 poszczeg\u00f3lnych kom\u00f3rek organizacyjnych, hierarchii, zale\u017cno\u015bci, zdolno\u015bci i trafno\u015bci podejmowania decyzji;<\/li>\n<li><strong>Kadrowa<\/strong> \u2013 analiza zatrudnienia pod wzgl\u0119dem stopnia spe\u0142niania wymaga\u0144 okre\u015blonych przepisami prawa, zabezpieczenia udzielania \u015bwiadcze\u0144 medycznych, ewentualnych przerost\u00f3w zatrudnienia oraz struktury (wykszta\u0142cenia, kompetencji, umiej\u0119tno\u015bci, wieku, systemu wynagrodze\u0144 oraz sposobu organizacji pracy);<\/li>\n<li><strong>Inwestycyjna<\/strong> \u2013 maj\u0105ca na celu oszacowanie niezb\u0119dnych nak\u0142ad\u00f3w inwestycyjnych:\n<ul>\n<li><strong>dostosowawczych<\/strong> \u2013 wynikaj\u0105cych z wymaga\u0144 okre\u015blonych przepisami prawa,<\/li>\n<li><strong>odtworzeniowych<\/strong> \u2013 wynikaj\u0105cych z technicznego i technologicznego zu\u017cycia infrastruktury,<\/li>\n<li><strong>rozwojowych<\/strong> \u2013 wynikaj\u0105cych z plan\u00f3w rozwojowych podmiotu leczniczego w zakresie budynk\u00f3w i pomieszcze\u0144, sprz\u0119tu i aparatury medycznej, infrastruktury IT.<\/li>\n<\/ul>\n<\/li>\n<\/ul>\n<p style=\"text-align: justify;\"><strong>Audyt operacyjny podmiotu leczniczego dostarcza nast\u0119puj\u0105cych korzy\u015bci:<\/strong><\/p>\n<ul>\n<li style=\"text-align: justify;\">dostarcza kompleksowej i wyczerpuj\u0105cej wiedzy odno\u015bnie do prowadzonej dzia\u0142alno\u015bci medycznej, w tym obrazuje stan finansowy podmiotu leczniczego i jest podstaw\u0105 do przygotowania programu naprawczego\u00a0 w oparciu o t\u0119 wiedz\u0119,<\/li>\n<li style=\"text-align: justify;\">pozwala na zewn\u0119trzn\u0105 i niezale\u017cn\u0105 ocen\u0119 prowadzonej dzia\u0142alno\u015bci medycznej przeprowadzon\u0105 przez grup\u0119 ekspert\u00f3w,<\/li>\n<li style=\"text-align: justify;\">pozwala na por\u00f3wnanie poszczeg\u00f3lnych pozycji przychodowych i kosztowych podmiotu leczniczego do benchmark\u00f3w rynkowych,<\/li>\n<li style=\"text-align: justify;\">pozwala na identyfikacj\u0119 obszar\u00f3w nieefektywnych i ryzykownych oraz rekomendacji co do sposobu ich eliminacji, redukcji lub dywersyfikacji,<\/li>\n<li style=\"text-align: justify;\">identyfikuje g\u0142\u00f3wne b\u0142\u0119dy aktualnego zarz\u0105dzania plac\u00f3wk\u0105,<\/li>\n<li style=\"text-align: justify;\">przedstawia analiz\u0119 otoczenia dalszego i bli\u017cszego \u2013 analiza konkurencji w zakresie m.in. liczby, struktury udzia\u0142u w rynku, a tak\u017ce \u017ar\u00f3de\u0142 ich przewag,<\/li>\n<li style=\"text-align: justify;\">przedstawia mocne i s\u0142abe strony funkcjonowania plac\u00f3wki, a tak\u017ce szanse i zagro\u017cenia (w tym szanse i zagro\u017cenia wynikaj\u0105ce z planowanych zmian w organizacji systemu ochrony zdrowia),<\/li>\n<li style=\"text-align: justify;\">okre\u015bla, kt\u00f3re z funkcjonuj\u0105cych w ramach podmiotu leczniczego, kom\u00f3rek organizacyjnych s\u0105 najbardziej rentowne, a kt\u00f3re wymagaj\u0105 restrukturyzacji,<\/li>\n<li style=\"text-align: justify;\">szacuje niezb\u0119dne nak\u0142ady inwestycyjne \u2013 dostosowawcze, odtworzeniowe i rozwojowe,<\/li>\n<li style=\"text-align: justify;\">przedstawia rekomendacje co do sposobu restrukturyzacji zad\u0142u\u017cenia podmiotu leczniczego.<\/li>\n<\/ul>\n","protected":false},"excerpt":{"rendered":"<p>FORMEDIS oferuje kompleksow\u0105 i profesjonaln\u0105 pomoc w zakresie szczeg\u00f3\u0142owej weryfikacji dzia\u0142alno\u015bci podmiot\u00f3w leczniczych. Gwarantujemy opracowanie, na bazie przeprowadzonego audytu operacyjnego, optymalnych rozwi\u0105za\u0144 (np. program naprawczy szpitala,<span class=\"excerpt-hellip\"> [\u2026]<\/span><\/p>\n","protected":false},"author":1,"featured_media":-1,"parent":2563,"menu_order":0,"comment_status":"closed","ping_status":"closed","template":"","meta":{"footnotes":""},"class_list":["post-1818","page","type-page","status-publish","has-post-thumbnail","hentry"],"yoast_head":"<!-- This site is optimized with the Yoast SEO plugin v27.3 - https:\/\/yoast.com\/product\/yoast-seo-wordpress\/ -->\n<title>Audyt Szpitala. Oferta na 2026! \u2013 Formedis<\/title>\n<meta name=\"description\" content=\"Formedis Medical Management &amp; Consulting \u27a4 Oferujemy Pa\u0144stwu audyt operacyjny szpitala oraz kompleksowy program naprawczy \u2714 Sprawd\u017a nasz\u0105 ofert\u0119!\" \/>\n<meta name=\"robots\" content=\"index, follow, max-snippet:-1, max-image-preview:large, max-video-preview:-1\" \/>\n<link rel=\"canonical\" href=\"https:\/\/formedis.pl\/mmc\/oferta\/doradztwo-placowkom-publicznym\/audyty-i-programy-naprawcze\/\" \/>\n<meta property=\"og:locale\" content=\"pl_PL\" \/>\n<meta property=\"og:type\" content=\"article\" \/>\n<meta property=\"og:title\" content=\"Audyt Szpitala. Oferta na 2026! \u2013 Formedis\" \/>\n<meta property=\"og:description\" content=\"Formedis Medical Management &amp; Consulting \u27a4 Oferujemy Pa\u0144stwu audyt operacyjny szpitala oraz kompleksowy program naprawczy \u2714 Sprawd\u017a nasz\u0105 ofert\u0119!\" \/>\n<meta property=\"og:url\" content=\"https:\/\/formedis.pl\/mmc\/oferta\/doradztwo-placowkom-publicznym\/audyty-i-programy-naprawcze\/\" \/>\n<meta property=\"og:site_name\" content=\"Formedis Medical Management &amp; Consulting\" \/>\n<meta property=\"article:modified_time\" content=\"2026-02-01T19:41:30+00:00\" \/>\n<meta name=\"twitter:card\" content=\"summary_large_image\" \/>\n<meta name=\"twitter:label1\" content=\"Szacowany czas czytania\" \/>\n\t<meta name=\"twitter:data1\" content=\"4 minuty\" \/>\n<script type=\"application\/ld+json\" class=\"yoast-schema-graph\">{\"@context\":\"https:\\\/\\\/schema.org\",\"@graph\":[{\"@type\":\"WebPage\",\"@id\":\"https:\\\/\\\/formedis.pl\\\/mmc\\\/oferta\\\/doradztwo-placowkom-publicznym\\\/audyty-i-programy-naprawcze\\\/\",\"url\":\"https:\\\/\\\/formedis.pl\\\/mmc\\\/oferta\\\/doradztwo-placowkom-publicznym\\\/audyty-i-programy-naprawcze\\\/\",\"name\":\"Audyt Szpitala. Oferta na 2026! \u2013 Formedis\",\"isPartOf\":{\"@id\":\"https:\\\/\\\/formedis.pl\\\/mmc\\\/#website\"},\"datePublished\":\"2016-11-27T11:09:28+00:00\",\"dateModified\":\"2026-02-01T19:41:30+00:00\",\"description\":\"Formedis Medical Management & Consulting \u27a4 Oferujemy Pa\u0144stwu audyt operacyjny szpitala oraz kompleksowy program naprawczy \u2714 Sprawd\u017a nasz\u0105 ofert\u0119!\",\"breadcrumb\":{\"@id\":\"https:\\\/\\\/formedis.pl\\\/mmc\\\/oferta\\\/doradztwo-placowkom-publicznym\\\/audyty-i-programy-naprawcze\\\/#breadcrumb\"},\"inLanguage\":\"pl-PL\",\"potentialAction\":[{\"@type\":\"ReadAction\",\"target\":[\"https:\\\/\\\/formedis.pl\\\/mmc\\\/oferta\\\/doradztwo-placowkom-publicznym\\\/audyty-i-programy-naprawcze\\\/\"]}]},{\"@type\":\"BreadcrumbList\",\"@id\":\"https:\\\/\\\/formedis.pl\\\/mmc\\\/oferta\\\/doradztwo-placowkom-publicznym\\\/audyty-i-programy-naprawcze\\\/#breadcrumb\",\"itemListElement\":[{\"@type\":\"ListItem\",\"position\":1,\"name\":\"Strona g\u0142\u00f3wna\",\"item\":\"https:\\\/\\\/formedis.pl\\\/mmc\\\/\"},{\"@type\":\"ListItem\",\"position\":2,\"name\":\"Oferta\",\"item\":\"https:\\\/\\\/formedis.pl\\\/mmc\\\/oferta\\\/\"},{\"@type\":\"ListItem\",\"position\":3,\"name\":\"Zarz\u0105dzanie szpitalem\",\"item\":\"https:\\\/\\\/formedis.pl\\\/mmc\\\/oferta\\\/doradztwo-placowkom-publicznym\\\/\"},{\"@type\":\"ListItem\",\"position\":4,\"name\":\"Audyt szpitala\"}]},{\"@type\":\"WebSite\",\"@id\":\"https:\\\/\\\/formedis.pl\\\/mmc\\\/#website\",\"url\":\"https:\\\/\\\/formedis.pl\\\/mmc\\\/\",\"name\":\"Formedis Medical Management &amp; Consulting\",\"description\":\"\",\"potentialAction\":[{\"@type\":\"SearchAction\",\"target\":{\"@type\":\"EntryPoint\",\"urlTemplate\":\"https:\\\/\\\/formedis.pl\\\/mmc\\\/?s={search_term_string}\"},\"query-input\":{\"@type\":\"PropertyValueSpecification\",\"valueRequired\":true,\"valueName\":\"search_term_string\"}}],\"inLanguage\":\"pl-PL\"}]}<\/script>\n<!-- \/ Yoast SEO plugin. -->","yoast_head_json":{"title":"Audyt Szpitala. Oferta na 2026! \u2013 Formedis","description":"Formedis Medical Management & Consulting \u27a4 Oferujemy Pa\u0144stwu audyt operacyjny szpitala oraz kompleksowy program naprawczy \u2714 Sprawd\u017a nasz\u0105 ofert\u0119!","robots":{"index":"index","follow":"follow","max-snippet":"max-snippet:-1","max-image-preview":"max-image-preview:large","max-video-preview":"max-video-preview:-1"},"canonical":"https:\/\/formedis.pl\/mmc\/oferta\/doradztwo-placowkom-publicznym\/audyty-i-programy-naprawcze\/","og_locale":"pl_PL","og_type":"article","og_title":"Audyt Szpitala. Oferta na 2026! \u2013 Formedis","og_description":"Formedis Medical Management & Consulting \u27a4 Oferujemy Pa\u0144stwu audyt operacyjny szpitala oraz kompleksowy program naprawczy \u2714 Sprawd\u017a nasz\u0105 ofert\u0119!","og_url":"https:\/\/formedis.pl\/mmc\/oferta\/doradztwo-placowkom-publicznym\/audyty-i-programy-naprawcze\/","og_site_name":"Formedis Medical Management &amp; Consulting","article_modified_time":"2026-02-01T19:41:30+00:00","twitter_card":"summary_large_image","twitter_misc":{"Szacowany czas czytania":"4 minuty"},"schema":{"@context":"https:\/\/schema.org","@graph":[{"@type":"WebPage","@id":"https:\/\/formedis.pl\/mmc\/oferta\/doradztwo-placowkom-publicznym\/audyty-i-programy-naprawcze\/","url":"https:\/\/formedis.pl\/mmc\/oferta\/doradztwo-placowkom-publicznym\/audyty-i-programy-naprawcze\/","name":"Audyt Szpitala. Oferta na 2026! \u2013 Formedis","isPartOf":{"@id":"https:\/\/formedis.pl\/mmc\/#website"},"datePublished":"2016-11-27T11:09:28+00:00","dateModified":"2026-02-01T19:41:30+00:00","description":"Formedis Medical Management & Consulting \u27a4 Oferujemy Pa\u0144stwu audyt operacyjny szpitala oraz kompleksowy program naprawczy \u2714 Sprawd\u017a nasz\u0105 ofert\u0119!","breadcrumb":{"@id":"https:\/\/formedis.pl\/mmc\/oferta\/doradztwo-placowkom-publicznym\/audyty-i-programy-naprawcze\/#breadcrumb"},"inLanguage":"pl-PL","potentialAction":[{"@type":"ReadAction","target":["https:\/\/formedis.pl\/mmc\/oferta\/doradztwo-placowkom-publicznym\/audyty-i-programy-naprawcze\/"]}]},{"@type":"BreadcrumbList","@id":"https:\/\/formedis.pl\/mmc\/oferta\/doradztwo-placowkom-publicznym\/audyty-i-programy-naprawcze\/#breadcrumb","itemListElement":[{"@type":"ListItem","position":1,"name":"Strona g\u0142\u00f3wna","item":"https:\/\/formedis.pl\/mmc\/"},{"@type":"ListItem","position":2,"name":"Oferta","item":"https:\/\/formedis.pl\/mmc\/oferta\/"},{"@type":"ListItem","position":3,"name":"Zarz\u0105dzanie szpitalem","item":"https:\/\/formedis.pl\/mmc\/oferta\/doradztwo-placowkom-publicznym\/"},{"@type":"ListItem","position":4,"name":"Audyt szpitala"}]},{"@type":"WebSite","@id":"https:\/\/formedis.pl\/mmc\/#website","url":"https:\/\/formedis.pl\/mmc\/","name":"Formedis Medical Management &amp; Consulting","description":"","potentialAction":[{"@type":"SearchAction","target":{"@type":"EntryPoint","urlTemplate":"https:\/\/formedis.pl\/mmc\/?s={search_term_string}"},"query-input":{"@type":"PropertyValueSpecification","valueRequired":true,"valueName":"search_term_string"}}],"inLanguage":"pl-PL"}]}},"_links":{"self":[{"href":"https:\/\/formedis.pl\/mmc\/wp-json\/wp\/v2\/pages\/1818","targetHints":{"allow":["GET"]}}],"collection":[{"href":"https:\/\/formedis.pl\/mmc\/wp-json\/wp\/v2\/pages"}],"about":[{"href":"https:\/\/formedis.pl\/mmc\/wp-json\/wp\/v2\/types\/page"}],"author":[{"embeddable":true,"href":"https:\/\/formedis.pl\/mmc\/wp-json\/wp\/v2\/users\/1"}],"replies":[{"embeddable":true,"href":"https:\/\/formedis.pl\/mmc\/wp-json\/wp\/v2\/comments?post=1818"}],"version-history":[{"count":22,"href":"https:\/\/formedis.pl\/mmc\/wp-json\/wp\/v2\/pages\/1818\/revisions"}],"predecessor-version":[{"id":6931,"href":"https:\/\/formedis.pl\/mmc\/wp-json\/wp\/v2\/pages\/1818\/revisions\/6931"}],"up":[{"embeddable":true,"href":"https:\/\/formedis.pl\/mmc\/wp-json\/wp\/v2\/pages\/2563"}],"wp:featuredmedia":[{"embeddable":true,"href":"https:\/\/formedis.pl\/mmc\/wp-json\/"}],"wp:attachment":[{"href":"https:\/\/formedis.pl\/mmc\/wp-json\/wp\/v2\/media?parent=1818"}],"curies":[{"name":"wp","href":"https:\/\/api.w.org\/{rel}","templated":true}]}}