{"id":3941,"date":"2016-11-29T19:47:35","date_gmt":"2016-11-29T18:47:35","guid":{"rendered":"https:\/\/formedis.pl\/kontakt\/"},"modified":"2025-08-04T21:19:36","modified_gmt":"2025-08-04T19:19:36","slug":"contact","status":"publish","type":"page","link":"https:\/\/formedis.pl\/mmc\/en\/contact\/","title":{"rendered":"Contact"},"content":{"rendered":"<p><img loading=\"lazy\" decoding=\"async\" class=\"alignnone size-full wp-image-3472\" src=\"https:\/\/formedis.pl\/mmc\/wp-content\/uploads\/sites\/1\/2016\/11\/logof.png\" alt=\"logof\" width=\"290\" height=\"56\" srcset=\"https:\/\/formedis.pl\/mmc\/wp-content\/uploads\/sites\/1\/2016\/11\/logof.png 290w, https:\/\/formedis.pl\/mmc\/wp-content\/uploads\/sites\/1\/2016\/11\/logof-260x50.png 260w, https:\/\/formedis.pl\/mmc\/wp-content\/uploads\/sites\/1\/2016\/11\/logof-50x10.png 50w, https:\/\/formedis.pl\/mmc\/wp-content\/uploads\/sites\/1\/2016\/11\/logof-150x29.png 150w\" sizes=\"auto, (max-width:767px) 290px, 290px\" \/><\/p>\n<div><strong>FORMEDIS Sp. z o. o. Sp. k.<\/strong><\/p>\n<p>Pozna\u0144ski Park Technologiczno &#8211; Przemys\u0142owy<br \/>\nul. 28 czerwca 1956 roku nr 406<br \/>\n61-441, Pozna\u0144<\/p>\n<\/div>\n<p>tel. +48 61 673 53 59<br \/>\nmobile: +48 609 329 997<br \/>\n<a href=\"mailto:biuro@formedis.pl\">biuro@formedis.pl<\/a><\/p>\n<p><a href=\"https:\/\/www.facebook.com\/formedis\/\">Formedis on Facebook &gt;&gt;<\/a><\/p>\n","protected":false},"excerpt":{"rendered":"<p>FORMEDIS Sp. z o. o. Sp. k. Pozna\u0144ski Park Technologiczno &#8211; Przemys\u0142owy ul. 28 czerwca 1956 roku nr 406 61-441, Pozna\u0144 tel. +48 61 673 53<span class=\"excerpt-hellip\"> [\u2026]<\/span><\/p>\n","protected":false},"author":1,"featured_media":-1,"parent":0,"menu_order":0,"comment_status":"closed","ping_status":"closed","template":"","meta":{"footnotes":""},"class_list":["post-3941","page","type-page","status-publish","has-post-thumbnail","hentry"],"yoast_head":"<!-- This site is optimized with the Yoast SEO plugin v27.4 - https:\/\/yoast.com\/product\/yoast-seo-wordpress\/ -->\n<title>Contact - Formedis Medical Management &amp; Consulting<\/title>\n<meta name=\"robots\" content=\"index, follow, max-snippet:-1, max-image-preview:large, max-video-preview:-1\" \/>\n<link rel=\"canonical\" href=\"https:\/\/formedis.pl\/mmc\/en\/contact\/\" \/>\n<meta property=\"og:locale\" content=\"en_US\" \/>\n<meta property=\"og:type\" content=\"article\" \/>\n<meta property=\"og:title\" content=\"Contact - Formedis Medical Management &amp; Consulting\" \/>\n<meta property=\"og:description\" content=\"FORMEDIS Sp. z o. o. Sp. k. Pozna\u0144ski Park Technologiczno &#8211; Przemys\u0142owy ul. 28 czerwca 1956 roku nr 406 61-441, Pozna\u0144 tel. +48 61 673 53 [\u2026]\" \/>\n<meta property=\"og:url\" content=\"https:\/\/formedis.pl\/mmc\/en\/contact\/\" \/>\n<meta property=\"og:site_name\" content=\"Formedis Medical Management &amp; Consulting\" \/>\n<meta property=\"article:modified_time\" content=\"2025-08-04T19:19:36+00:00\" \/>\n<meta name=\"twitter:card\" content=\"summary_large_image\" \/>\n<meta name=\"twitter:label1\" content=\"Est. reading time\" \/>\n\t<meta name=\"twitter:data1\" content=\"1 minute\" \/>\n<script type=\"application\/ld+json\" class=\"yoast-schema-graph\">{\"@context\":\"https:\\\/\\\/schema.org\",\"@graph\":[{\"@type\":\"WebPage\",\"@id\":\"https:\\\/\\\/formedis.pl\\\/mmc\\\/en\\\/contact\\\/\",\"url\":\"https:\\\/\\\/formedis.pl\\\/mmc\\\/en\\\/contact\\\/\",\"name\":\"Contact - Formedis Medical Management &amp; Consulting\",\"isPartOf\":{\"@id\":\"https:\\\/\\\/formedis.pl\\\/mmc\\\/#website\"},\"primaryImageOfPage\":{\"@id\":\"https:\\\/\\\/formedis.pl\\\/mmc\\\/en\\\/contact\\\/#primaryimage\"},\"image\":{\"@id\":\"https:\\\/\\\/formedis.pl\\\/mmc\\\/en\\\/contact\\\/#primaryimage\"},\"thumbnailUrl\":\"https:\\\/\\\/formedis.pl\\\/mmc\\\/wp-content\\\/uploads\\\/sites\\\/1\\\/2016\\\/11\\\/logof.png\",\"datePublished\":\"2016-11-29T18:47:35+00:00\",\"dateModified\":\"2025-08-04T19:19:36+00:00\",\"breadcrumb\":{\"@id\":\"https:\\\/\\\/formedis.pl\\\/mmc\\\/en\\\/contact\\\/#breadcrumb\"},\"inLanguage\":\"en-US\",\"potentialAction\":[{\"@type\":\"ReadAction\",\"target\":[\"https:\\\/\\\/formedis.pl\\\/mmc\\\/en\\\/contact\\\/\"]}]},{\"@type\":\"ImageObject\",\"inLanguage\":\"en-US\",\"@id\":\"https:\\\/\\\/formedis.pl\\\/mmc\\\/en\\\/contact\\\/#primaryimage\",\"url\":\"https:\\\/\\\/formedis.pl\\\/mmc\\\/wp-content\\\/uploads\\\/sites\\\/1\\\/2016\\\/11\\\/logof.png\",\"contentUrl\":\"https:\\\/\\\/formedis.pl\\\/mmc\\\/wp-content\\\/uploads\\\/sites\\\/1\\\/2016\\\/11\\\/logof.png\"},{\"@type\":\"BreadcrumbList\",\"@id\":\"https:\\\/\\\/formedis.pl\\\/mmc\\\/en\\\/contact\\\/#breadcrumb\",\"itemListElement\":[{\"@type\":\"ListItem\",\"position\":1,\"name\":\"Strona g\u0142\u00f3wna\",\"item\":\"https:\\\/\\\/formedis.pl\\\/mmc\\\/\"},{\"@type\":\"ListItem\",\"position\":2,\"name\":\"Contact\"}]},{\"@type\":\"WebSite\",\"@id\":\"https:\\\/\\\/formedis.pl\\\/mmc\\\/#website\",\"url\":\"https:\\\/\\\/formedis.pl\\\/mmc\\\/\",\"name\":\"Formedis Medical Management &amp; Consulting\",\"description\":\"\",\"potentialAction\":[{\"@type\":\"SearchAction\",\"target\":{\"@type\":\"EntryPoint\",\"urlTemplate\":\"https:\\\/\\\/formedis.pl\\\/mmc\\\/?s={search_term_string}\"},\"query-input\":{\"@type\":\"PropertyValueSpecification\",\"valueRequired\":true,\"valueName\":\"search_term_string\"}}],\"inLanguage\":\"en-US\"}]}<\/script>\n<!-- \/ Yoast SEO plugin. -->","yoast_head_json":{"title":"Contact - Formedis Medical Management &amp; Consulting","robots":{"index":"index","follow":"follow","max-snippet":"max-snippet:-1","max-image-preview":"max-image-preview:large","max-video-preview":"max-video-preview:-1"},"canonical":"https:\/\/formedis.pl\/mmc\/en\/contact\/","og_locale":"en_US","og_type":"article","og_title":"Contact - Formedis Medical Management &amp; Consulting","og_description":"FORMEDIS Sp. z o. o. Sp. k. Pozna\u0144ski Park Technologiczno &#8211; Przemys\u0142owy ul. 28 czerwca 1956 roku nr 406 61-441, Pozna\u0144 tel. +48 61 673 53 [\u2026]","og_url":"https:\/\/formedis.pl\/mmc\/en\/contact\/","og_site_name":"Formedis Medical Management &amp; Consulting","article_modified_time":"2025-08-04T19:19:36+00:00","twitter_card":"summary_large_image","twitter_misc":{"Est. reading time":"1 minute"},"schema":{"@context":"https:\/\/schema.org","@graph":[{"@type":"WebPage","@id":"https:\/\/formedis.pl\/mmc\/en\/contact\/","url":"https:\/\/formedis.pl\/mmc\/en\/contact\/","name":"Contact - Formedis Medical Management &amp; Consulting","isPartOf":{"@id":"https:\/\/formedis.pl\/mmc\/#website"},"primaryImageOfPage":{"@id":"https:\/\/formedis.pl\/mmc\/en\/contact\/#primaryimage"},"image":{"@id":"https:\/\/formedis.pl\/mmc\/en\/contact\/#primaryimage"},"thumbnailUrl":"https:\/\/formedis.pl\/mmc\/wp-content\/uploads\/sites\/1\/2016\/11\/logof.png","datePublished":"2016-11-29T18:47:35+00:00","dateModified":"2025-08-04T19:19:36+00:00","breadcrumb":{"@id":"https:\/\/formedis.pl\/mmc\/en\/contact\/#breadcrumb"},"inLanguage":"en-US","potentialAction":[{"@type":"ReadAction","target":["https:\/\/formedis.pl\/mmc\/en\/contact\/"]}]},{"@type":"ImageObject","inLanguage":"en-US","@id":"https:\/\/formedis.pl\/mmc\/en\/contact\/#primaryimage","url":"https:\/\/formedis.pl\/mmc\/wp-content\/uploads\/sites\/1\/2016\/11\/logof.png","contentUrl":"https:\/\/formedis.pl\/mmc\/wp-content\/uploads\/sites\/1\/2016\/11\/logof.png"},{"@type":"BreadcrumbList","@id":"https:\/\/formedis.pl\/mmc\/en\/contact\/#breadcrumb","itemListElement":[{"@type":"ListItem","position":1,"name":"Strona g\u0142\u00f3wna","item":"https:\/\/formedis.pl\/mmc\/"},{"@type":"ListItem","position":2,"name":"Contact"}]},{"@type":"WebSite","@id":"https:\/\/formedis.pl\/mmc\/#website","url":"https:\/\/formedis.pl\/mmc\/","name":"Formedis Medical Management &amp; Consulting","description":"","potentialAction":[{"@type":"SearchAction","target":{"@type":"EntryPoint","urlTemplate":"https:\/\/formedis.pl\/mmc\/?s={search_term_string}"},"query-input":{"@type":"PropertyValueSpecification","valueRequired":true,"valueName":"search_term_string"}}],"inLanguage":"en-US"}]}},"_links":{"self":[{"href":"https:\/\/formedis.pl\/mmc\/en\/wp-json\/wp\/v2\/pages\/3941","targetHints":{"allow":["GET"]}}],"collection":[{"href":"https:\/\/formedis.pl\/mmc\/en\/wp-json\/wp\/v2\/pages"}],"about":[{"href":"https:\/\/formedis.pl\/mmc\/en\/wp-json\/wp\/v2\/types\/page"}],"author":[{"embeddable":true,"href":"https:\/\/formedis.pl\/mmc\/en\/wp-json\/wp\/v2\/users\/1"}],"replies":[{"embeddable":true,"href":"https:\/\/formedis.pl\/mmc\/en\/wp-json\/wp\/v2\/comments?post=3941"}],"version-history":[{"count":6,"href":"https:\/\/formedis.pl\/mmc\/en\/wp-json\/wp\/v2\/pages\/3941\/revisions"}],"predecessor-version":[{"id":6817,"href":"https:\/\/formedis.pl\/mmc\/en\/wp-json\/wp\/v2\/pages\/3941\/revisions\/6817"}],"wp:featuredmedia":[{"embeddable":true,"href":"https:\/\/formedis.pl\/mmc\/en\/wp-json\/"}],"wp:attachment":[{"href":"https:\/\/formedis.pl\/mmc\/en\/wp-json\/wp\/v2\/media?parent=3941"}],"curies":[{"name":"wp","href":"https:\/\/api.w.org\/{rel}","templated":true}]}}