{"id":5426,"date":"2023-02-02T11:10:00","date_gmt":"2023-02-02T10:10:00","guid":{"rendered":"https:\/\/formedis.pl\/hta\/?page_id=5426"},"modified":"2023-03-16T12:41:24","modified_gmt":"2023-03-16T11:41:24","slug":"feasibility-studies-fs-studium-wykonalnosci","status":"publish","type":"page","link":"https:\/\/formedis.pl\/hta\/oferta\/doradztwo-strategiczne-2\/feasibility-studies-fs-studium-wykonalnosci\/","title":{"rendered":"Feasibility Studies (FS) \u2013 studium wykonalno\u015bci"},"content":{"rendered":"<p>W ramach studium wykonalno\u015bci uwzgl\u0119dnione zostanie m.in. przedstawienie problemu badawczego w schemacie PICOS, przedstawienie problemu zdrowotnego, kierunki i zakres analizy klinicznej opartej na przegl\u0105dzie systematycznym, zakres i metodyka analizy finansowej (BIA, budget impact analysis), wst\u0119pna ocena dost\u0119pnych doniesie\u0144 naukowych, wst\u0119pna ocena prawdopodobnych wynik\u00f3w analizy ekonomicznej i BIA.<\/p>\n","protected":false},"excerpt":{"rendered":"<p>W ramach studium wykonalno\u015bci uwzgl\u0119dnione zostanie m.in. przedstawienie problemu badawczego w schemacie PICOS, przedstawienie problemu zdrowotnego, kierunki i zakres analizy klinicznej opartej na przegl\u0105dzie systematycznym, zakres<span class=\"excerpt-hellip\"> [\u2026]<\/span><\/p>\n","protected":false},"author":1,"featured_media":0,"parent":4688,"menu_order":0,"comment_status":"closed","ping_status":"closed","template":"","meta":{"footnotes":""},"class_list":["post-5426","page","type-page","status-publish","hentry"],"yoast_head":"<!-- This site is optimized with the Yoast SEO plugin v27.4 - https:\/\/yoast.com\/product\/yoast-seo-wordpress\/ -->\n<title>Feasibility Studies (FS) \u2013 studium wykonalno\u015bci - Formedis HTA<\/title>\n<meta name=\"robots\" content=\"index, follow, max-snippet:-1, max-image-preview:large, max-video-preview:-1\" \/>\n<link rel=\"canonical\" href=\"https:\/\/formedis.pl\/hta\/oferta\/doradztwo-strategiczne-2\/feasibility-studies-fs-studium-wykonalnosci\/\" \/>\n<meta property=\"og:locale\" content=\"pl_PL\" \/>\n<meta property=\"og:type\" content=\"article\" \/>\n<meta property=\"og:title\" content=\"Feasibility Studies (FS) \u2013 studium wykonalno\u015bci - Formedis HTA\" \/>\n<meta property=\"og:description\" content=\"W ramach studium wykonalno\u015bci uwzgl\u0119dnione zostanie m.in. przedstawienie problemu badawczego w schemacie PICOS, przedstawienie problemu zdrowotnego, kierunki i zakres analizy klinicznej opartej na przegl\u0105dzie systematycznym, zakres [\u2026]\" \/>\n<meta property=\"og:url\" content=\"https:\/\/formedis.pl\/hta\/oferta\/doradztwo-strategiczne-2\/feasibility-studies-fs-studium-wykonalnosci\/\" \/>\n<meta property=\"og:site_name\" content=\"Formedis HTA\" \/>\n<meta property=\"article:modified_time\" content=\"2023-03-16T11:41:24+00:00\" \/>\n<meta name=\"twitter:card\" content=\"summary_large_image\" \/>\n<meta name=\"twitter:label1\" content=\"Szacowany czas czytania\" \/>\n\t<meta name=\"twitter:data1\" content=\"1 minuta\" \/>\n<script type=\"application\/ld+json\" class=\"yoast-schema-graph\">{\"@context\":\"https:\\\/\\\/schema.org\",\"@graph\":[{\"@type\":\"WebPage\",\"@id\":\"https:\\\/\\\/formedis.pl\\\/hta\\\/oferta\\\/doradztwo-strategiczne-2\\\/feasibility-studies-fs-studium-wykonalnosci\\\/\",\"url\":\"https:\\\/\\\/formedis.pl\\\/hta\\\/oferta\\\/doradztwo-strategiczne-2\\\/feasibility-studies-fs-studium-wykonalnosci\\\/\",\"name\":\"Feasibility Studies (FS) \u2013 studium wykonalno\u015bci - Formedis HTA\",\"isPartOf\":{\"@id\":\"https:\\\/\\\/formedis.pl\\\/hta\\\/#website\"},\"datePublished\":\"2023-02-02T10:10:00+00:00\",\"dateModified\":\"2023-03-16T11:41:24+00:00\",\"breadcrumb\":{\"@id\":\"https:\\\/\\\/formedis.pl\\\/hta\\\/oferta\\\/doradztwo-strategiczne-2\\\/feasibility-studies-fs-studium-wykonalnosci\\\/#breadcrumb\"},\"inLanguage\":\"pl-PL\",\"potentialAction\":[{\"@type\":\"ReadAction\",\"target\":[\"https:\\\/\\\/formedis.pl\\\/hta\\\/oferta\\\/doradztwo-strategiczne-2\\\/feasibility-studies-fs-studium-wykonalnosci\\\/\"]}]},{\"@type\":\"BreadcrumbList\",\"@id\":\"https:\\\/\\\/formedis.pl\\\/hta\\\/oferta\\\/doradztwo-strategiczne-2\\\/feasibility-studies-fs-studium-wykonalnosci\\\/#breadcrumb\",\"itemListElement\":[{\"@type\":\"ListItem\",\"position\":1,\"name\":\"Strona g\u0142\u00f3wna\",\"item\":\"https:\\\/\\\/formedis.pl\\\/hta\\\/\"},{\"@type\":\"ListItem\",\"position\":2,\"name\":\"Oferta\",\"item\":\"https:\\\/\\\/formedis.pl\\\/hta\\\/oferta\\\/\"},{\"@type\":\"ListItem\",\"position\":3,\"name\":\"Doradztwo strategiczne\",\"item\":\"https:\\\/\\\/formedis.pl\\\/hta\\\/oferta\\\/doradztwo-strategiczne-2\\\/\"},{\"@type\":\"ListItem\",\"position\":4,\"name\":\"Feasibility Studies (FS) \u2013 studium wykonalno\u015bci\"}]},{\"@type\":\"WebSite\",\"@id\":\"https:\\\/\\\/formedis.pl\\\/hta\\\/#website\",\"url\":\"https:\\\/\\\/formedis.pl\\\/hta\\\/\",\"name\":\"Formedis HTA\",\"description\":\"\",\"potentialAction\":[{\"@type\":\"SearchAction\",\"target\":{\"@type\":\"EntryPoint\",\"urlTemplate\":\"https:\\\/\\\/formedis.pl\\\/hta\\\/?s={search_term_string}\"},\"query-input\":{\"@type\":\"PropertyValueSpecification\",\"valueRequired\":true,\"valueName\":\"search_term_string\"}}],\"inLanguage\":\"pl-PL\"}]}<\/script>\n<!-- \/ Yoast SEO plugin. -->","yoast_head_json":{"title":"Feasibility Studies (FS) \u2013 studium wykonalno\u015bci - Formedis HTA","robots":{"index":"index","follow":"follow","max-snippet":"max-snippet:-1","max-image-preview":"max-image-preview:large","max-video-preview":"max-video-preview:-1"},"canonical":"https:\/\/formedis.pl\/hta\/oferta\/doradztwo-strategiczne-2\/feasibility-studies-fs-studium-wykonalnosci\/","og_locale":"pl_PL","og_type":"article","og_title":"Feasibility Studies (FS) \u2013 studium wykonalno\u015bci - Formedis HTA","og_description":"W ramach studium wykonalno\u015bci uwzgl\u0119dnione zostanie m.in. przedstawienie problemu badawczego w schemacie PICOS, przedstawienie problemu zdrowotnego, kierunki i zakres analizy klinicznej opartej na przegl\u0105dzie systematycznym, zakres [\u2026]","og_url":"https:\/\/formedis.pl\/hta\/oferta\/doradztwo-strategiczne-2\/feasibility-studies-fs-studium-wykonalnosci\/","og_site_name":"Formedis HTA","article_modified_time":"2023-03-16T11:41:24+00:00","twitter_card":"summary_large_image","twitter_misc":{"Szacowany czas czytania":"1 minuta"},"schema":{"@context":"https:\/\/schema.org","@graph":[{"@type":"WebPage","@id":"https:\/\/formedis.pl\/hta\/oferta\/doradztwo-strategiczne-2\/feasibility-studies-fs-studium-wykonalnosci\/","url":"https:\/\/formedis.pl\/hta\/oferta\/doradztwo-strategiczne-2\/feasibility-studies-fs-studium-wykonalnosci\/","name":"Feasibility Studies (FS) \u2013 studium wykonalno\u015bci - Formedis HTA","isPartOf":{"@id":"https:\/\/formedis.pl\/hta\/#website"},"datePublished":"2023-02-02T10:10:00+00:00","dateModified":"2023-03-16T11:41:24+00:00","breadcrumb":{"@id":"https:\/\/formedis.pl\/hta\/oferta\/doradztwo-strategiczne-2\/feasibility-studies-fs-studium-wykonalnosci\/#breadcrumb"},"inLanguage":"pl-PL","potentialAction":[{"@type":"ReadAction","target":["https:\/\/formedis.pl\/hta\/oferta\/doradztwo-strategiczne-2\/feasibility-studies-fs-studium-wykonalnosci\/"]}]},{"@type":"BreadcrumbList","@id":"https:\/\/formedis.pl\/hta\/oferta\/doradztwo-strategiczne-2\/feasibility-studies-fs-studium-wykonalnosci\/#breadcrumb","itemListElement":[{"@type":"ListItem","position":1,"name":"Strona g\u0142\u00f3wna","item":"https:\/\/formedis.pl\/hta\/"},{"@type":"ListItem","position":2,"name":"Oferta","item":"https:\/\/formedis.pl\/hta\/oferta\/"},{"@type":"ListItem","position":3,"name":"Doradztwo strategiczne","item":"https:\/\/formedis.pl\/hta\/oferta\/doradztwo-strategiczne-2\/"},{"@type":"ListItem","position":4,"name":"Feasibility Studies (FS) \u2013 studium wykonalno\u015bci"}]},{"@type":"WebSite","@id":"https:\/\/formedis.pl\/hta\/#website","url":"https:\/\/formedis.pl\/hta\/","name":"Formedis HTA","description":"","potentialAction":[{"@type":"SearchAction","target":{"@type":"EntryPoint","urlTemplate":"https:\/\/formedis.pl\/hta\/?s={search_term_string}"},"query-input":{"@type":"PropertyValueSpecification","valueRequired":true,"valueName":"search_term_string"}}],"inLanguage":"pl-PL"}]}},"_links":{"self":[{"href":"https:\/\/formedis.pl\/hta\/wp-json\/wp\/v2\/pages\/5426","targetHints":{"allow":["GET"]}}],"collection":[{"href":"https:\/\/formedis.pl\/hta\/wp-json\/wp\/v2\/pages"}],"about":[{"href":"https:\/\/formedis.pl\/hta\/wp-json\/wp\/v2\/types\/page"}],"author":[{"embeddable":true,"href":"https:\/\/formedis.pl\/hta\/wp-json\/wp\/v2\/users\/1"}],"replies":[{"embeddable":true,"href":"https:\/\/formedis.pl\/hta\/wp-json\/wp\/v2\/comments?post=5426"}],"version-history":[{"count":2,"href":"https:\/\/formedis.pl\/hta\/wp-json\/wp\/v2\/pages\/5426\/revisions"}],"predecessor-version":[{"id":5529,"href":"https:\/\/formedis.pl\/hta\/wp-json\/wp\/v2\/pages\/5426\/revisions\/5529"}],"up":[{"embeddable":true,"href":"https:\/\/formedis.pl\/hta\/wp-json\/wp\/v2\/pages\/4688"}],"wp:attachment":[{"href":"https:\/\/formedis.pl\/hta\/wp-json\/wp\/v2\/media?parent=5426"}],"curies":[{"name":"wp","href":"https:\/\/api.w.org\/{rel}","templated":true}]}}