{"id":5387,"date":"2023-02-02T10:47:52","date_gmt":"2023-02-02T09:47:52","guid":{"rendered":"https:\/\/formedis.pl\/hta\/?page_id=5387"},"modified":"2023-02-03T10:45:42","modified_gmt":"2023-02-03T09:45:42","slug":"szkolenia","status":"publish","type":"page","link":"https:\/\/formedis.pl\/hta\/oferta\/szkolenia\/szkolenia\/","title":{"rendered":"Szkolenia"},"content":{"rendered":"\r\n<p><span style=\"color: #ff0000;\"><strong>SZKOLENIA PODSTAWOWE<\/strong><\/span><\/p>\r\n<p>&nbsp;<\/p>\r\n<p><strong><span style=\"color: #ff0000;\">Podstawy Medycyny Opartej na Dowodach Naukowych (Evidence Based Medicine, EBM)\u00a0<\/span><\/strong><\/p>\r\n<p>Szkolenie obejmuje podstawy EBM w zakresie: nowego paradygmatu podejmowania decyzji klinicznych, metodyki bada\u0144 klinicznych, interpretacji wynik\u00f3w bada\u0144, istotno\u015bci statystycznej i klinicznej, oceny wiarygodno\u015bci bada\u0144 dotycz\u0105cych: terapii, diagnostyki, prognozy i szkodliwo\u015bci, a tak\u017ce wytycznych i standard\u00f3w post\u0119powania (evidence-based practice guidelines).<\/p>\r\n<p>&nbsp;<\/p>\r\n<p><span style=\"color: #ff0000;\"><strong>Szkolenie z podstaw wyszukiwania doniesie\u0144 naukowych i baz informacji medycznej<\/strong><\/span><\/p>\r\n<p>Szkolenie dotyczy zasad wyszukiwania informacji medycznych i doniesie\u0144 naukowych z zakresu ekonomiki zdrowia. Przedstawione zostan\u0105 \u017ar\u00f3d\u0142a danych, zasady tworzenia strategii wyszukiwania, zasady wyszukiwania w Medline przez PubMed oraz w Cochrane Library. Om\u00f3wione zostan\u0105 wymagania wytycznych HTA co do prowadzenia wyszukiwania i selekcji dowod\u00f3w naukowych.<\/p>\r\n<p>Drugi dzie\u0144 zaj\u0119\u0107 w ca\u0142o\u015bci przeznaczony jest na \u0107wiczenia, co pozwala naby\u0107 konkretnych umiej\u0119tno\u015bci.<\/p>\r\n<p>&nbsp;<\/p>\r\n<p><strong><span style=\"color: #ff0000;\">Szkolenie z podstaw HTA i farmakoekonomiki<\/span><\/strong><\/p>\r\n<p>Szkolenie dotyczy podstaw oceny technologii medycznych (HTA, health technology assessment) i farmakoekonomiki. Przedstawione zostan\u0105 podstawy podejmowania decyzji refundacyjnych i koszykowych oraz cenowych (VBP, value based pricing) i jak\u0105 rol\u0119 pe\u0142ni\u0105 w tym analizy ekonomiczne i finansowe.<\/p>\r\n<p>Szkolenie pozwala na uzyskanie wiedzy dotycz\u0105cej podstaw zarz\u0105dzania koszykiem \u015bwiadcze\u0144 gwarantowanych oraz jak\u0105 rol\u0119 pe\u0142ni HTA w zapewnieniu przejrzysto\u015bci i racjonalno\u015bci decyzji refundacyjno-cenowych.<\/p>\r\n<p>&nbsp;<\/p>\r\n<p><span style=\"color: #ff0000;\"><strong>Pricing. Taryfikacja. RSS. Szkolenie z podstaw systemu refundacji, wyceny VBP i instrument\u00f3w dzielenia ryzyka<\/strong><\/span><\/p>\r\n<p>&nbsp;<\/p>\r\n<p>\u00a0System refundacji musi by\u0107 racjonalny i przejrzysty. Przedstawione zostan\u0105: podstawowe narz\u0119dzia podejmowania decyzji refundacyjno-cenowych, wyceny\/taryfikacji (VBP, value based pricing) oraz instrumenty dzielenia ryzyka (RSS, risk sharing schemes). Ratio legis w odniesieniu do pryncypi\u00f3w EBHC (evidence-based health care) i VBHC (value based health care) \u2013 JHC (just health care) a potrzeba racjonowania. Rejestry. Refundacja wyrob\u00f3w medycznych. Rodzaje wsp\u00f3\u0142p\u0142acenia.<\/p>\r\n<p><strong>\u00a0<\/strong><\/p>\r\n<p><span style=\"color: #ff0000;\"><strong>SZKOLENIA ZAAWANSOWANE<\/strong><\/span><\/p>\r\n<p>&nbsp;<\/p>\r\n<p><strong><span style=\"color: #ff0000;\">Szkolenie zaawansowane z EBM i wyszukiwania informacji medycznych &#8211; case studies<\/span><\/strong><\/p>\r\n<p>\u00a0Jest to klasyczne szkolenie zaawansowane z EBM. Szkolenie opiera si\u0119 g\u0142\u00f3wnie na analizie case studies \u2013 doniesie\u0144 naukowych wyszukanych w czasie zaj\u0119\u0107 lub przygotowanych przez uczestnik\u00f3w a priori, zgodnie z ich zainteresowaniami. Tematyka obejmuje najwa\u017cniejsze dzia\u0142y EBM: terapi\u0119, diagnostyk\u0119, prognoz\u0119 i szkodliwo\u015b\u0107, a tak\u017ce wytyczne i standardy post\u0119powania oraz analizy ekonomiczne i systemowe.<\/p>\r\n<p>&nbsp;<\/p>\r\n<p><strong><span style=\"color: #ff0000;\">Zaawansowane szkolenie z audytu raport\u00f3w HTA i analiz farmakoekonomicznych<\/span><\/strong><\/p>\r\n<p>&nbsp;<\/p>\r\n<p>Szkolenie prowadzone na zanonimizowanych przyk\u0142adach (case studies) lub dost\u0119pnych publicznie raportach HTA i analizach farmakoekonomicznych. W zale\u017cno\u015bci od zainteresowa\u0144 uczestnik\u00f3w case\u2019y dotycz\u0105 lek\u00f3w, wyrob\u00f3w medycznych lub procedur. Szkolenie dotyczy dw\u00f3ch modu\u0142\u00f3w: terapii i diagnostyki. Uczestnicy, indywidualnie lub w grupach projektuj\u0105 BATNA, ZOPA, taktyk\u0119 negocjacji, a nast\u0119pnie prowadz\u0105 mock negotiations z lek. Krzysztofem \u0141and\u0105 w roli regulatora.<\/p>\r\n<p>&nbsp;<\/p>\r\n<p><span style=\"color: #ff0000;\"><strong>SZKOLENIE TUTOR\u00d3W EBM <\/strong><\/span><\/p>\r\n<p>&nbsp;<\/p>\r\n<p>\u00a0Szkolenie dla tutor\u00f3w jest kierowane do os\u00f3b, kt\u00f3re samodzielnie chc\u0105 wyk\u0142ada\u0107 EBM. Szkolenia takie by\u0142y i s\u0105 zwykle organizowane dla uniwersytet\u00f3w medycznych i nauk o zdrowiu oraz pokrewnych. Ich celem jest zwykle szybkie uruchomienie zaj\u0119\u0107 z zakresu Evidence-Based Medicine po szybkim przeszkoleniu grupy tutor\u00f3w. Mo\u017cliwe jest prowadzenie szkole\u0144 dla tutor\u00f3w we wsp\u00f3\u0142pracy z uczelni\u0105, instytucj\u0105, firm\u0105 lub inn\u0105 organizacj\u0105, co wymaga wcze\u015bniejszego ustalenia zasad i podpisania stosownej umowy.<\/p>\r\n<p>&nbsp;<\/p>\r\n<p><span style=\"color: #ff0000;\"><strong>Szkolenie dla tutor\u00f3w MA (market access) i HTA (health technology assessment)<\/strong><\/span><\/p>\r\n<p>&nbsp;<\/p>\r\n<p>Szkolenie dla tutor\u00f3w MA i kontroli jako\u015bci raport\u00f3w HTA jest kierowane do os\u00f3b, kt\u00f3re samodzielnie chc\u0105 uczy\u0107 wykorzystania raport\u00f3w HTA w polityce zdrowotnej i biznesie. Uczestnicy tego szkolenia musz\u0105 wcze\u015bniej przej\u015b\u0107 kurs EBM i zaawansowany kurs HTA. Szkolenie kierowane jest g\u0142\u00f3wnie do uniwersytet\u00f3w medycznych i nauk o zdrowiu lub pokrewnych oraz instytucji i firm zajmuj\u0105cych si\u0119 ochron\u0105 zdrowia<\/p>\r\n","protected":false},"excerpt":{"rendered":"<p>SZKOLENIA PODSTAWOWE &nbsp; Podstawy Medycyny Opartej na Dowodach Naukowych (Evidence Based Medicine, EBM)\u00a0 Szkolenie obejmuje podstawy EBM w zakresie: nowego paradygmatu podejmowania decyzji klinicznych, metodyki bada\u0144<span class=\"excerpt-hellip\"> [\u2026]<\/span><\/p>\n","protected":false},"author":1,"featured_media":0,"parent":2565,"menu_order":0,"comment_status":"closed","ping_status":"closed","template":"","meta":{"footnotes":""},"class_list":["post-5387","page","type-page","status-publish","hentry"],"yoast_head":"<!-- This site is optimized with the Yoast SEO plugin v27.3 - https:\/\/yoast.com\/product\/yoast-seo-wordpress\/ -->\n<title>Szkolenia - Formedis HTA<\/title>\n<meta name=\"robots\" content=\"index, follow, max-snippet:-1, max-image-preview:large, max-video-preview:-1\" \/>\n<link rel=\"canonical\" href=\"https:\/\/formedis.pl\/hta\/oferta\/szkolenia\/szkolenia\/\" \/>\n<meta property=\"og:locale\" content=\"pl_PL\" \/>\n<meta property=\"og:type\" content=\"article\" \/>\n<meta property=\"og:title\" content=\"Szkolenia - Formedis HTA\" \/>\n<meta property=\"og:description\" content=\"SZKOLENIA PODSTAWOWE &nbsp; Podstawy Medycyny Opartej na Dowodach Naukowych (Evidence Based Medicine, EBM)\u00a0 Szkolenie obejmuje podstawy EBM w zakresie: nowego paradygmatu podejmowania decyzji klinicznych, metodyki bada\u0144 [\u2026]\" \/>\n<meta property=\"og:url\" content=\"https:\/\/formedis.pl\/hta\/oferta\/szkolenia\/szkolenia\/\" \/>\n<meta property=\"og:site_name\" content=\"Formedis HTA\" \/>\n<meta property=\"article:modified_time\" content=\"2023-02-03T09:45:42+00:00\" \/>\n<meta name=\"twitter:card\" content=\"summary_large_image\" \/>\n<meta name=\"twitter:label1\" content=\"Szacowany czas czytania\" \/>\n\t<meta name=\"twitter:data1\" content=\"4 minuty\" \/>\n<script type=\"application\/ld+json\" class=\"yoast-schema-graph\">{\"@context\":\"https:\\\/\\\/schema.org\",\"@graph\":[{\"@type\":\"WebPage\",\"@id\":\"https:\\\/\\\/formedis.pl\\\/hta\\\/oferta\\\/szkolenia\\\/szkolenia\\\/\",\"url\":\"https:\\\/\\\/formedis.pl\\\/hta\\\/oferta\\\/szkolenia\\\/szkolenia\\\/\",\"name\":\"Szkolenia - Formedis HTA\",\"isPartOf\":{\"@id\":\"https:\\\/\\\/formedis.pl\\\/hta\\\/#website\"},\"datePublished\":\"2023-02-02T09:47:52+00:00\",\"dateModified\":\"2023-02-03T09:45:42+00:00\",\"breadcrumb\":{\"@id\":\"https:\\\/\\\/formedis.pl\\\/hta\\\/oferta\\\/szkolenia\\\/szkolenia\\\/#breadcrumb\"},\"inLanguage\":\"pl-PL\",\"potentialAction\":[{\"@type\":\"ReadAction\",\"target\":[\"https:\\\/\\\/formedis.pl\\\/hta\\\/oferta\\\/szkolenia\\\/szkolenia\\\/\"]}]},{\"@type\":\"BreadcrumbList\",\"@id\":\"https:\\\/\\\/formedis.pl\\\/hta\\\/oferta\\\/szkolenia\\\/szkolenia\\\/#breadcrumb\",\"itemListElement\":[{\"@type\":\"ListItem\",\"position\":1,\"name\":\"Strona g\u0142\u00f3wna\",\"item\":\"https:\\\/\\\/formedis.pl\\\/hta\\\/\"},{\"@type\":\"ListItem\",\"position\":2,\"name\":\"Oferta\",\"item\":\"https:\\\/\\\/formedis.pl\\\/hta\\\/oferta\\\/\"},{\"@type\":\"ListItem\",\"position\":3,\"name\":\"Szkolenia\",\"item\":\"https:\\\/\\\/formedis.pl\\\/hta\\\/oferta\\\/szkolenia\\\/\"},{\"@type\":\"ListItem\",\"position\":4,\"name\":\"Szkolenia\"}]},{\"@type\":\"WebSite\",\"@id\":\"https:\\\/\\\/formedis.pl\\\/hta\\\/#website\",\"url\":\"https:\\\/\\\/formedis.pl\\\/hta\\\/\",\"name\":\"Formedis HTA\",\"description\":\"\",\"potentialAction\":[{\"@type\":\"SearchAction\",\"target\":{\"@type\":\"EntryPoint\",\"urlTemplate\":\"https:\\\/\\\/formedis.pl\\\/hta\\\/?s={search_term_string}\"},\"query-input\":{\"@type\":\"PropertyValueSpecification\",\"valueRequired\":true,\"valueName\":\"search_term_string\"}}],\"inLanguage\":\"pl-PL\"}]}<\/script>\n<!-- \/ Yoast SEO plugin. -->","yoast_head_json":{"title":"Szkolenia - Formedis HTA","robots":{"index":"index","follow":"follow","max-snippet":"max-snippet:-1","max-image-preview":"max-image-preview:large","max-video-preview":"max-video-preview:-1"},"canonical":"https:\/\/formedis.pl\/hta\/oferta\/szkolenia\/szkolenia\/","og_locale":"pl_PL","og_type":"article","og_title":"Szkolenia - Formedis HTA","og_description":"SZKOLENIA PODSTAWOWE &nbsp; Podstawy Medycyny Opartej na Dowodach Naukowych (Evidence Based Medicine, EBM)\u00a0 Szkolenie obejmuje podstawy EBM w zakresie: nowego paradygmatu podejmowania decyzji klinicznych, metodyki bada\u0144 [\u2026]","og_url":"https:\/\/formedis.pl\/hta\/oferta\/szkolenia\/szkolenia\/","og_site_name":"Formedis HTA","article_modified_time":"2023-02-03T09:45:42+00:00","twitter_card":"summary_large_image","twitter_misc":{"Szacowany czas czytania":"4 minuty"},"schema":{"@context":"https:\/\/schema.org","@graph":[{"@type":"WebPage","@id":"https:\/\/formedis.pl\/hta\/oferta\/szkolenia\/szkolenia\/","url":"https:\/\/formedis.pl\/hta\/oferta\/szkolenia\/szkolenia\/","name":"Szkolenia - Formedis HTA","isPartOf":{"@id":"https:\/\/formedis.pl\/hta\/#website"},"datePublished":"2023-02-02T09:47:52+00:00","dateModified":"2023-02-03T09:45:42+00:00","breadcrumb":{"@id":"https:\/\/formedis.pl\/hta\/oferta\/szkolenia\/szkolenia\/#breadcrumb"},"inLanguage":"pl-PL","potentialAction":[{"@type":"ReadAction","target":["https:\/\/formedis.pl\/hta\/oferta\/szkolenia\/szkolenia\/"]}]},{"@type":"BreadcrumbList","@id":"https:\/\/formedis.pl\/hta\/oferta\/szkolenia\/szkolenia\/#breadcrumb","itemListElement":[{"@type":"ListItem","position":1,"name":"Strona g\u0142\u00f3wna","item":"https:\/\/formedis.pl\/hta\/"},{"@type":"ListItem","position":2,"name":"Oferta","item":"https:\/\/formedis.pl\/hta\/oferta\/"},{"@type":"ListItem","position":3,"name":"Szkolenia","item":"https:\/\/formedis.pl\/hta\/oferta\/szkolenia\/"},{"@type":"ListItem","position":4,"name":"Szkolenia"}]},{"@type":"WebSite","@id":"https:\/\/formedis.pl\/hta\/#website","url":"https:\/\/formedis.pl\/hta\/","name":"Formedis HTA","description":"","potentialAction":[{"@type":"SearchAction","target":{"@type":"EntryPoint","urlTemplate":"https:\/\/formedis.pl\/hta\/?s={search_term_string}"},"query-input":{"@type":"PropertyValueSpecification","valueRequired":true,"valueName":"search_term_string"}}],"inLanguage":"pl-PL"}]}},"_links":{"self":[{"href":"https:\/\/formedis.pl\/hta\/wp-json\/wp\/v2\/pages\/5387","targetHints":{"allow":["GET"]}}],"collection":[{"href":"https:\/\/formedis.pl\/hta\/wp-json\/wp\/v2\/pages"}],"about":[{"href":"https:\/\/formedis.pl\/hta\/wp-json\/wp\/v2\/types\/page"}],"author":[{"embeddable":true,"href":"https:\/\/formedis.pl\/hta\/wp-json\/wp\/v2\/users\/1"}],"replies":[{"embeddable":true,"href":"https:\/\/formedis.pl\/hta\/wp-json\/wp\/v2\/comments?post=5387"}],"version-history":[{"count":1,"href":"https:\/\/formedis.pl\/hta\/wp-json\/wp\/v2\/pages\/5387\/revisions"}],"predecessor-version":[{"id":5448,"href":"https:\/\/formedis.pl\/hta\/wp-json\/wp\/v2\/pages\/5387\/revisions\/5448"}],"up":[{"embeddable":true,"href":"https:\/\/formedis.pl\/hta\/wp-json\/wp\/v2\/pages\/2565"}],"wp:attachment":[{"href":"https:\/\/formedis.pl\/hta\/wp-json\/wp\/v2\/media?parent=5387"}],"curies":[{"name":"wp","href":"https:\/\/api.w.org\/{rel}","templated":true}]}}