{"id":5327,"date":"2023-01-10T12:29:12","date_gmt":"2023-01-10T11:29:12","guid":{"rendered":"https:\/\/formedis.pl\/hta\/?page_id=5327"},"modified":"2023-03-16T11:20:23","modified_gmt":"2023-03-16T10:20:23","slug":"raporty-hb-hta","status":"publish","type":"page","link":"https:\/\/formedis.pl\/hta\/oferta\/raporty-hta\/raporty-hb-hta\/","title":{"rendered":"Raporty HB &#8211; HTA"},"content":{"rendered":"\r\n<p><strong>HB-HTA<\/strong> pozwala na przeprowadzenie oceny op\u0142acalno\u015bci stosowania innowacyjnych technologii medycznych w warunkach szpitalnych.<\/p>\r\n<p>Wykorzystuj\u0105c dane kliniczne oraz dane kosztowe mo\u017cliwa jest ocena wp\u0142ywu na bud\u017cet szpitala i zyskowno\u015b\u0107 wdra\u017canych technologii medycznych.<\/p>\r\n","protected":false},"excerpt":{"rendered":"<p>HB-HTA pozwala na przeprowadzenie oceny op\u0142acalno\u015bci stosowania innowacyjnych technologii medycznych w warunkach szpitalnych. Wykorzystuj\u0105c dane kliniczne oraz dane kosztowe mo\u017cliwa jest ocena wp\u0142ywu na bud\u017cet szpitala<span class=\"excerpt-hellip\"> [\u2026]<\/span><\/p>\n","protected":false},"author":1,"featured_media":0,"parent":2563,"menu_order":0,"comment_status":"closed","ping_status":"closed","template":"","meta":{"footnotes":""},"class_list":["post-5327","page","type-page","status-publish","hentry"],"yoast_head":"<!-- This site is optimized with the Yoast SEO plugin v27.4 - https:\/\/yoast.com\/product\/yoast-seo-wordpress\/ -->\n<title>Raporty HB - HTA - Formedis HTA<\/title>\n<meta name=\"robots\" content=\"index, follow, max-snippet:-1, max-image-preview:large, max-video-preview:-1\" \/>\n<link rel=\"canonical\" href=\"https:\/\/formedis.pl\/hta\/oferta\/raporty-hta\/raporty-hb-hta\/\" \/>\n<meta property=\"og:locale\" content=\"pl_PL\" \/>\n<meta property=\"og:type\" content=\"article\" \/>\n<meta property=\"og:title\" content=\"Raporty HB - HTA - Formedis HTA\" \/>\n<meta property=\"og:description\" content=\"HB-HTA pozwala na przeprowadzenie oceny op\u0142acalno\u015bci stosowania innowacyjnych technologii medycznych w warunkach szpitalnych. Wykorzystuj\u0105c dane kliniczne oraz dane kosztowe mo\u017cliwa jest ocena wp\u0142ywu na bud\u017cet szpitala [\u2026]\" \/>\n<meta property=\"og:url\" content=\"https:\/\/formedis.pl\/hta\/oferta\/raporty-hta\/raporty-hb-hta\/\" \/>\n<meta property=\"og:site_name\" content=\"Formedis HTA\" \/>\n<meta property=\"article:modified_time\" content=\"2023-03-16T10:20:23+00:00\" \/>\n<meta name=\"twitter:card\" content=\"summary_large_image\" \/>\n<meta name=\"twitter:label1\" content=\"Szacowany czas czytania\" \/>\n\t<meta name=\"twitter:data1\" content=\"1 minuta\" \/>\n<script type=\"application\/ld+json\" class=\"yoast-schema-graph\">{\"@context\":\"https:\\\/\\\/schema.org\",\"@graph\":[{\"@type\":\"WebPage\",\"@id\":\"https:\\\/\\\/formedis.pl\\\/hta\\\/oferta\\\/raporty-hta\\\/raporty-hb-hta\\\/\",\"url\":\"https:\\\/\\\/formedis.pl\\\/hta\\\/oferta\\\/raporty-hta\\\/raporty-hb-hta\\\/\",\"name\":\"Raporty HB - HTA - Formedis HTA\",\"isPartOf\":{\"@id\":\"https:\\\/\\\/formedis.pl\\\/hta\\\/#website\"},\"datePublished\":\"2023-01-10T11:29:12+00:00\",\"dateModified\":\"2023-03-16T10:20:23+00:00\",\"breadcrumb\":{\"@id\":\"https:\\\/\\\/formedis.pl\\\/hta\\\/oferta\\\/raporty-hta\\\/raporty-hb-hta\\\/#breadcrumb\"},\"inLanguage\":\"pl-PL\",\"potentialAction\":[{\"@type\":\"ReadAction\",\"target\":[\"https:\\\/\\\/formedis.pl\\\/hta\\\/oferta\\\/raporty-hta\\\/raporty-hb-hta\\\/\"]}]},{\"@type\":\"BreadcrumbList\",\"@id\":\"https:\\\/\\\/formedis.pl\\\/hta\\\/oferta\\\/raporty-hta\\\/raporty-hb-hta\\\/#breadcrumb\",\"itemListElement\":[{\"@type\":\"ListItem\",\"position\":1,\"name\":\"Strona g\u0142\u00f3wna\",\"item\":\"https:\\\/\\\/formedis.pl\\\/hta\\\/\"},{\"@type\":\"ListItem\",\"position\":2,\"name\":\"Oferta\",\"item\":\"https:\\\/\\\/formedis.pl\\\/hta\\\/oferta\\\/\"},{\"@type\":\"ListItem\",\"position\":3,\"name\":\"Raporty HTA\",\"item\":\"https:\\\/\\\/formedis.pl\\\/hta\\\/oferta\\\/raporty-hta\\\/\"},{\"@type\":\"ListItem\",\"position\":4,\"name\":\"Raporty HB &#8211; HTA\"}]},{\"@type\":\"WebSite\",\"@id\":\"https:\\\/\\\/formedis.pl\\\/hta\\\/#website\",\"url\":\"https:\\\/\\\/formedis.pl\\\/hta\\\/\",\"name\":\"Formedis HTA\",\"description\":\"\",\"potentialAction\":[{\"@type\":\"SearchAction\",\"target\":{\"@type\":\"EntryPoint\",\"urlTemplate\":\"https:\\\/\\\/formedis.pl\\\/hta\\\/?s={search_term_string}\"},\"query-input\":{\"@type\":\"PropertyValueSpecification\",\"valueRequired\":true,\"valueName\":\"search_term_string\"}}],\"inLanguage\":\"pl-PL\"}]}<\/script>\n<!-- \/ Yoast SEO plugin. -->","yoast_head_json":{"title":"Raporty HB - HTA - Formedis HTA","robots":{"index":"index","follow":"follow","max-snippet":"max-snippet:-1","max-image-preview":"max-image-preview:large","max-video-preview":"max-video-preview:-1"},"canonical":"https:\/\/formedis.pl\/hta\/oferta\/raporty-hta\/raporty-hb-hta\/","og_locale":"pl_PL","og_type":"article","og_title":"Raporty HB - HTA - Formedis HTA","og_description":"HB-HTA pozwala na przeprowadzenie oceny op\u0142acalno\u015bci stosowania innowacyjnych technologii medycznych w warunkach szpitalnych. Wykorzystuj\u0105c dane kliniczne oraz dane kosztowe mo\u017cliwa jest ocena wp\u0142ywu na bud\u017cet szpitala [\u2026]","og_url":"https:\/\/formedis.pl\/hta\/oferta\/raporty-hta\/raporty-hb-hta\/","og_site_name":"Formedis HTA","article_modified_time":"2023-03-16T10:20:23+00:00","twitter_card":"summary_large_image","twitter_misc":{"Szacowany czas czytania":"1 minuta"},"schema":{"@context":"https:\/\/schema.org","@graph":[{"@type":"WebPage","@id":"https:\/\/formedis.pl\/hta\/oferta\/raporty-hta\/raporty-hb-hta\/","url":"https:\/\/formedis.pl\/hta\/oferta\/raporty-hta\/raporty-hb-hta\/","name":"Raporty HB - HTA - Formedis HTA","isPartOf":{"@id":"https:\/\/formedis.pl\/hta\/#website"},"datePublished":"2023-01-10T11:29:12+00:00","dateModified":"2023-03-16T10:20:23+00:00","breadcrumb":{"@id":"https:\/\/formedis.pl\/hta\/oferta\/raporty-hta\/raporty-hb-hta\/#breadcrumb"},"inLanguage":"pl-PL","potentialAction":[{"@type":"ReadAction","target":["https:\/\/formedis.pl\/hta\/oferta\/raporty-hta\/raporty-hb-hta\/"]}]},{"@type":"BreadcrumbList","@id":"https:\/\/formedis.pl\/hta\/oferta\/raporty-hta\/raporty-hb-hta\/#breadcrumb","itemListElement":[{"@type":"ListItem","position":1,"name":"Strona g\u0142\u00f3wna","item":"https:\/\/formedis.pl\/hta\/"},{"@type":"ListItem","position":2,"name":"Oferta","item":"https:\/\/formedis.pl\/hta\/oferta\/"},{"@type":"ListItem","position":3,"name":"Raporty HTA","item":"https:\/\/formedis.pl\/hta\/oferta\/raporty-hta\/"},{"@type":"ListItem","position":4,"name":"Raporty HB &#8211; HTA"}]},{"@type":"WebSite","@id":"https:\/\/formedis.pl\/hta\/#website","url":"https:\/\/formedis.pl\/hta\/","name":"Formedis HTA","description":"","potentialAction":[{"@type":"SearchAction","target":{"@type":"EntryPoint","urlTemplate":"https:\/\/formedis.pl\/hta\/?s={search_term_string}"},"query-input":{"@type":"PropertyValueSpecification","valueRequired":true,"valueName":"search_term_string"}}],"inLanguage":"pl-PL"}]}},"_links":{"self":[{"href":"https:\/\/formedis.pl\/hta\/wp-json\/wp\/v2\/pages\/5327","targetHints":{"allow":["GET"]}}],"collection":[{"href":"https:\/\/formedis.pl\/hta\/wp-json\/wp\/v2\/pages"}],"about":[{"href":"https:\/\/formedis.pl\/hta\/wp-json\/wp\/v2\/types\/page"}],"author":[{"embeddable":true,"href":"https:\/\/formedis.pl\/hta\/wp-json\/wp\/v2\/users\/1"}],"replies":[{"embeddable":true,"href":"https:\/\/formedis.pl\/hta\/wp-json\/wp\/v2\/comments?post=5327"}],"version-history":[{"count":7,"href":"https:\/\/formedis.pl\/hta\/wp-json\/wp\/v2\/pages\/5327\/revisions"}],"predecessor-version":[{"id":5341,"href":"https:\/\/formedis.pl\/hta\/wp-json\/wp\/v2\/pages\/5327\/revisions\/5341"}],"up":[{"embeddable":true,"href":"https:\/\/formedis.pl\/hta\/wp-json\/wp\/v2\/pages\/2563"}],"wp:attachment":[{"href":"https:\/\/formedis.pl\/hta\/wp-json\/wp\/v2\/media?parent=5327"}],"curies":[{"name":"wp","href":"https:\/\/api.w.org\/{rel}","templated":true}]}}