{"id":2697,"date":"2017-10-27T11:00:02","date_gmt":"2017-10-27T09:00:02","guid":{"rendered":"http:\/\/formedis.pl\/hta\/?page_id=2697"},"modified":"2026-03-20T09:55:36","modified_gmt":"2026-03-20T08:55:36","slug":"o-nas","status":"publish","type":"page","link":"https:\/\/formedis.pl\/hta\/o-nas\/","title":{"rendered":"O nas"},"content":{"rendered":"<h2>O nas<\/h2>\n<p><strong>HTA FORMEDIS<\/strong> tworzy zesp\u00f3\u0142 multidyscyplinarnych\u00a0 ekspert\u00f3w i specjalist\u00f3w oceny technologii medycznych.<\/p>\n<p>Do\u015bwiadczony zesp\u00f3\u0142 analityk\u00f3w i kierownictwo firmy sprawiaj\u0105, \u017ce HTA FORMEDIS jest godnym zaufania partnerem dla firm z bran\u017cy farmaceutycznej, wyrob\u00f3w medycznych oraz szerzej ochrony zdrowia w Polsce i na \u015bwiecie.<\/p>\n<p>Wykorzystuj\u0105c wysokie kompetencje zawodowe i wieloletnie do\u015bwiadczenie w bran\u017cy zdobywane w kraju i za granic\u0105 efektywnie wspomagamy naszych Klient\u00f3w w przygotowaniu i realizacji strategii market access oraz przy podejmowaniu decyzji cenowych.<\/p>\n<p>Jak brzmi nasza maksyma: jeste\u015bmy do us\u0142ug<strong> \u201edla najbardziej wymagaj\u0105cych\u201d<\/strong> i gwarantujemy najwy\u017cszy poziom doradztwa nawet w najtrudniejszych sprawach.<\/p>\n<p style=\"text-align: justify;\"><strong>Serdecznie zapraszamy do <a href=\"http:\/\/formedis.pl\/hta\/kontakt\/\">wsp\u00f3\u0142pracy<\/a>.<\/strong><\/p>\n<p style=\"text-align: justify;\">\n","protected":false},"excerpt":{"rendered":"<p>O nas HTA FORMEDIS tworzy zesp\u00f3\u0142 multidyscyplinarnych\u00a0 ekspert\u00f3w i specjalist\u00f3w oceny technologii medycznych. Do\u015bwiadczony zesp\u00f3\u0142 analityk\u00f3w i kierownictwo firmy sprawiaj\u0105, \u017ce HTA FORMEDIS jest godnym zaufania<span class=\"excerpt-hellip\"> [\u2026]<\/span><\/p>\n","protected":false},"author":1,"featured_media":0,"parent":0,"menu_order":0,"comment_status":"closed","ping_status":"closed","template":"","meta":{"footnotes":""},"class_list":["post-2697","page","type-page","status-publish","hentry"],"yoast_head":"<!-- This site is optimized with the Yoast SEO plugin v27.4 - https:\/\/yoast.com\/product\/yoast-seo-wordpress\/ -->\n<title>O nas - Formedis HTA<\/title>\n<meta name=\"description\" content=\"FORMEDIS - zesp\u00f3\u0142 ekspert\u00f3w, zale\u017cy nam na efektywniejszej wizji ochrony zdrowa w Polsce. G\u0142\u00f3wnym celem jest podniesienie \u015bwiadcze\u0144 medycznych oraz usprawnienie systemu ochrony zdrowia.\" \/>\n<meta name=\"robots\" content=\"index, follow, max-snippet:-1, max-image-preview:large, max-video-preview:-1\" \/>\n<link rel=\"canonical\" href=\"https:\/\/formedis.pl\/hta\/o-nas\/\" \/>\n<meta property=\"og:locale\" content=\"pl_PL\" \/>\n<meta property=\"og:type\" content=\"article\" \/>\n<meta property=\"og:title\" content=\"O nas - Formedis HTA\" \/>\n<meta property=\"og:description\" content=\"FORMEDIS - zesp\u00f3\u0142 ekspert\u00f3w, zale\u017cy nam na efektywniejszej wizji ochrony zdrowa w Polsce. G\u0142\u00f3wnym celem jest podniesienie \u015bwiadcze\u0144 medycznych oraz usprawnienie systemu ochrony zdrowia.\" \/>\n<meta property=\"og:url\" content=\"https:\/\/formedis.pl\/hta\/o-nas\/\" \/>\n<meta property=\"og:site_name\" content=\"Formedis HTA\" \/>\n<meta property=\"article:modified_time\" content=\"2026-03-20T08:55:36+00:00\" \/>\n<meta name=\"twitter:card\" content=\"summary_large_image\" \/>\n<meta name=\"twitter:label1\" content=\"Szacowany czas czytania\" \/>\n\t<meta name=\"twitter:data1\" content=\"1 minuta\" \/>\n<script type=\"application\/ld+json\" class=\"yoast-schema-graph\">{\"@context\":\"https:\\\/\\\/schema.org\",\"@graph\":[{\"@type\":\"WebPage\",\"@id\":\"https:\\\/\\\/formedis.pl\\\/hta\\\/o-nas\\\/\",\"url\":\"https:\\\/\\\/formedis.pl\\\/hta\\\/o-nas\\\/\",\"name\":\"O nas - Formedis HTA\",\"isPartOf\":{\"@id\":\"https:\\\/\\\/formedis.pl\\\/hta\\\/#website\"},\"datePublished\":\"2017-10-27T09:00:02+00:00\",\"dateModified\":\"2026-03-20T08:55:36+00:00\",\"description\":\"FORMEDIS - zesp\u00f3\u0142 ekspert\u00f3w, zale\u017cy nam na efektywniejszej wizji ochrony zdrowa w Polsce. G\u0142\u00f3wnym celem jest podniesienie \u015bwiadcze\u0144 medycznych oraz usprawnienie systemu ochrony zdrowia.\",\"breadcrumb\":{\"@id\":\"https:\\\/\\\/formedis.pl\\\/hta\\\/o-nas\\\/#breadcrumb\"},\"inLanguage\":\"pl-PL\",\"potentialAction\":[{\"@type\":\"ReadAction\",\"target\":[\"https:\\\/\\\/formedis.pl\\\/hta\\\/o-nas\\\/\"]}]},{\"@type\":\"BreadcrumbList\",\"@id\":\"https:\\\/\\\/formedis.pl\\\/hta\\\/o-nas\\\/#breadcrumb\",\"itemListElement\":[{\"@type\":\"ListItem\",\"position\":1,\"name\":\"Strona g\u0142\u00f3wna\",\"item\":\"https:\\\/\\\/formedis.pl\\\/hta\\\/\"},{\"@type\":\"ListItem\",\"position\":2,\"name\":\"O nas\"}]},{\"@type\":\"WebSite\",\"@id\":\"https:\\\/\\\/formedis.pl\\\/hta\\\/#website\",\"url\":\"https:\\\/\\\/formedis.pl\\\/hta\\\/\",\"name\":\"Formedis HTA\",\"description\":\"\",\"potentialAction\":[{\"@type\":\"SearchAction\",\"target\":{\"@type\":\"EntryPoint\",\"urlTemplate\":\"https:\\\/\\\/formedis.pl\\\/hta\\\/?s={search_term_string}\"},\"query-input\":{\"@type\":\"PropertyValueSpecification\",\"valueRequired\":true,\"valueName\":\"search_term_string\"}}],\"inLanguage\":\"pl-PL\"}]}<\/script>\n<!-- \/ Yoast SEO plugin. -->","yoast_head_json":{"title":"O nas - Formedis HTA","description":"FORMEDIS - zesp\u00f3\u0142 ekspert\u00f3w, zale\u017cy nam na efektywniejszej wizji ochrony zdrowa w Polsce. G\u0142\u00f3wnym celem jest podniesienie \u015bwiadcze\u0144 medycznych oraz usprawnienie systemu ochrony zdrowia.","robots":{"index":"index","follow":"follow","max-snippet":"max-snippet:-1","max-image-preview":"max-image-preview:large","max-video-preview":"max-video-preview:-1"},"canonical":"https:\/\/formedis.pl\/hta\/o-nas\/","og_locale":"pl_PL","og_type":"article","og_title":"O nas - Formedis HTA","og_description":"FORMEDIS - zesp\u00f3\u0142 ekspert\u00f3w, zale\u017cy nam na efektywniejszej wizji ochrony zdrowa w Polsce. G\u0142\u00f3wnym celem jest podniesienie \u015bwiadcze\u0144 medycznych oraz usprawnienie systemu ochrony zdrowia.","og_url":"https:\/\/formedis.pl\/hta\/o-nas\/","og_site_name":"Formedis HTA","article_modified_time":"2026-03-20T08:55:36+00:00","twitter_card":"summary_large_image","twitter_misc":{"Szacowany czas czytania":"1 minuta"},"schema":{"@context":"https:\/\/schema.org","@graph":[{"@type":"WebPage","@id":"https:\/\/formedis.pl\/hta\/o-nas\/","url":"https:\/\/formedis.pl\/hta\/o-nas\/","name":"O nas - Formedis HTA","isPartOf":{"@id":"https:\/\/formedis.pl\/hta\/#website"},"datePublished":"2017-10-27T09:00:02+00:00","dateModified":"2026-03-20T08:55:36+00:00","description":"FORMEDIS - zesp\u00f3\u0142 ekspert\u00f3w, zale\u017cy nam na efektywniejszej wizji ochrony zdrowa w Polsce. G\u0142\u00f3wnym celem jest podniesienie \u015bwiadcze\u0144 medycznych oraz usprawnienie systemu ochrony zdrowia.","breadcrumb":{"@id":"https:\/\/formedis.pl\/hta\/o-nas\/#breadcrumb"},"inLanguage":"pl-PL","potentialAction":[{"@type":"ReadAction","target":["https:\/\/formedis.pl\/hta\/o-nas\/"]}]},{"@type":"BreadcrumbList","@id":"https:\/\/formedis.pl\/hta\/o-nas\/#breadcrumb","itemListElement":[{"@type":"ListItem","position":1,"name":"Strona g\u0142\u00f3wna","item":"https:\/\/formedis.pl\/hta\/"},{"@type":"ListItem","position":2,"name":"O nas"}]},{"@type":"WebSite","@id":"https:\/\/formedis.pl\/hta\/#website","url":"https:\/\/formedis.pl\/hta\/","name":"Formedis HTA","description":"","potentialAction":[{"@type":"SearchAction","target":{"@type":"EntryPoint","urlTemplate":"https:\/\/formedis.pl\/hta\/?s={search_term_string}"},"query-input":{"@type":"PropertyValueSpecification","valueRequired":true,"valueName":"search_term_string"}}],"inLanguage":"pl-PL"}]}},"_links":{"self":[{"href":"https:\/\/formedis.pl\/hta\/wp-json\/wp\/v2\/pages\/2697","targetHints":{"allow":["GET"]}}],"collection":[{"href":"https:\/\/formedis.pl\/hta\/wp-json\/wp\/v2\/pages"}],"about":[{"href":"https:\/\/formedis.pl\/hta\/wp-json\/wp\/v2\/types\/page"}],"author":[{"embeddable":true,"href":"https:\/\/formedis.pl\/hta\/wp-json\/wp\/v2\/users\/1"}],"replies":[{"embeddable":true,"href":"https:\/\/formedis.pl\/hta\/wp-json\/wp\/v2\/comments?post=2697"}],"version-history":[{"count":9,"href":"https:\/\/formedis.pl\/hta\/wp-json\/wp\/v2\/pages\/2697\/revisions"}],"predecessor-version":[{"id":5351,"href":"https:\/\/formedis.pl\/hta\/wp-json\/wp\/v2\/pages\/2697\/revisions\/5351"}],"wp:attachment":[{"href":"https:\/\/formedis.pl\/hta\/wp-json\/wp\/v2\/media?parent=2697"}],"curies":[{"name":"wp","href":"https:\/\/api.w.org\/{rel}","templated":true}]}}